{"id":579,"date":"2016-05-23T18:38:47","date_gmt":"2016-05-23T18:38:47","guid":{"rendered":"http:\/\/eventos.ufrrj.br\/raic\/?page_id=579"},"modified":"2019-08-19T19:49:39","modified_gmt":"2019-08-19T22:49:39","slug":"apresentacao-2","status":"publish","type":"page","link":"https:\/\/eventos.ufrrj.br\/raic\/apresentacao-2\/","title":{"rendered":"Apresenta\u00e7\u00e3o"},"content":{"rendered":"<p>A VII Reuni\u00e3o Anual de Inicia\u00e7\u00e3o Cient\u00edfica da UFRRJ (VII RAIC &#8211; 2019), que compreende a XXIX Jornada de Inicia\u00e7\u00e3o Cient\u00edfica (XXIX JIC) e VII Semana de Pesquisa, Tecnologia e Inova\u00e7\u00e3o (VII SePTI), tem como objetivo assegurar o espa\u00e7o para a exposi\u00e7\u00e3o e a discuss\u00e3o dos trabalhos de inicia\u00e7\u00e3o cient\u00edfica, art\u00edstica ou cultural desenvolvidos na UFRRJ, proporcionando, desse modo, a troca de experi\u00eancias entre os(as) alunos(as) de gradua\u00e7\u00e3o envolvidos(as) em atividades de pesquisa, os(as) alunos(as) de p\u00f3s-gradua\u00e7\u00e3o, os(as) professores(as) e os(as) pesquisadores(as).<\/p>\n<h3><strong>Prazo de Inscri\u00e7\u00e3o de Resumos<br \/>\n<\/strong><\/h3>\n<ul>\n<li>9 de julho a 21 de agosto de 2019<\/li>\n<\/ul>\n<h3><strong>Datas de Realiza\u00e7\u00e3o<\/strong><\/h3>\n<ul>\n<li>23 a 27 de setembro de 2019<\/li>\n<\/ul>\n<h3><strong>Normas<\/strong><\/h3>\n<p><a href=\"http:\/\/eventos.ufrrj.br\/raic\/files\/2019\/07\/Edital_VII-RAIC-2019.pdf\" target=\"_blank\" rel=\"noopener\">Edital<\/a><\/p>\n<p><a href=\"http:\/\/eventos.ufrrj.br\/raic\/files\/2019\/07\/Edital-Anexo-I-Tabela-de-GA-e-AS_VII-RAIC-2019.pdf\" target=\"_blank\" rel=\"noopener\">Anexo I<\/a> &#8211; Tabela de grandes \u00e1reas<\/p>\n<p><a href=\"http:\/\/eventos.ufrrj.br\/raic\/files\/2019\/07\/Edital-Anexo-II-Formato-resumo_VII-RAIC-2019.pdf\" target=\"_blank\" rel=\"noopener\">Anexo II<\/a> &#8211; Formato de resumos<\/p>\n<p><a href=\"http:\/\/eventos.ufrrj.br\/raic\/files\/2019\/07\/Edital-Anexo-III-E-MAIL_VII-RAIC-2019.pdf\" target=\"_blank\" rel=\"noopener\">Anexo III<\/a> &#8211; Coordena\u00e7\u00f5es de \u00e1rea<\/p>\n<p><a href=\"http:\/\/eventos.ufrrj.br\/raic\/files\/2019\/07\/Edital-Anexo-IV-Ficha-de-Avalia\u00e7\u00e3o_VII-RAIC-2019.pdf\" target=\"_blank\" rel=\"noopener\">Anexo IV<\/a> &#8211; Ficha de avalia\u00e7\u00e3o<\/p>\n<p><a href=\"http:\/\/eventos.ufrrj.br\/raic\/files\/2019\/07\/Edital_VII-RAIC-2019-Completo.pdf\" target=\"_blank\" rel=\"noopener\">Edital com anexos<\/a><\/p>\n","protected":false},"excerpt":{"rendered":"<p>A VII Reuni\u00e3o Anual de Inicia\u00e7\u00e3o Cient\u00edfica da UFRRJ (VII RAIC &#8211; 2019), que compreende a XXIX Jornada de Inicia\u00e7\u00e3o <a class=\"read-more\" href=\"https:\/\/eventos.ufrrj.br\/raic\/apresentacao-2\/ \">&#8230; leia mais<\/a><\/p>\n","protected":false},"author":25,"featured_media":0,"parent":0,"menu_order":0,"comment_status":"open","ping_status":"open","template":"","meta":{"_acf_changed":false,"ngg_post_thumbnail":0,"footnotes":""},"class_list":["post-579","page","type-page","status-publish","hentry"],"acf":[],"_links":{"self":[{"href":"https:\/\/eventos.ufrrj.br\/raic\/wp-json\/wp\/v2\/pages\/579","targetHints":{"allow":["GET"]}}],"collection":[{"href":"https:\/\/eventos.ufrrj.br\/raic\/wp-json\/wp\/v2\/pages"}],"about":[{"href":"https:\/\/eventos.ufrrj.br\/raic\/wp-json\/wp\/v2\/types\/page"}],"author":[{"embeddable":true,"href":"https:\/\/eventos.ufrrj.br\/raic\/wp-json\/wp\/v2\/users\/25"}],"replies":[{"embeddable":true,"href":"https:\/\/eventos.ufrrj.br\/raic\/wp-json\/wp\/v2\/comments?post=579"}],"version-history":[{"count":25,"href":"https:\/\/eventos.ufrrj.br\/raic\/wp-json\/wp\/v2\/pages\/579\/revisions"}],"predecessor-version":[{"id":2934,"href":"https:\/\/eventos.ufrrj.br\/raic\/wp-json\/wp\/v2\/pages\/579\/revisions\/2934"}],"wp:attachment":[{"href":"https:\/\/eventos.ufrrj.br\/raic\/wp-json\/wp\/v2\/media?parent=579"}],"curies":[{"name":"wp","href":"https:\/\/api.w.org\/{rel}","templated":true}]}}