{"id":57,"date":"2013-07-24T14:28:49","date_gmt":"2013-07-24T14:28:49","guid":{"rendered":"http:\/\/eventos.ufrrj.br\/semic\/?page_id=57"},"modified":"2019-09-13T13:55:18","modified_gmt":"2019-09-13T16:55:18","slug":"normas-para-formatacao-resumo","status":"publish","type":"page","link":"https:\/\/eventos.ufrrj.br\/raic\/normas-para-formatacao-resumo\/","title":{"rendered":"Normas"},"content":{"rendered":"<h3 style=\"text-align: justify\"><strong>Prepara\u00e7\u00e3o de Resumos<br \/>\n<\/strong><\/h3>\n<p>Consultar este <a href=\"http:\/\/eventos.ufrrj.br\/raic\/files\/2019\/07\/Edital_VII-RAIC-2019.pdf\" target=\"_blank\" rel=\"noopener\">edital<\/a>.<\/p>\n<h3><strong>Formato de Resumo <\/strong><\/h3>\n<p>Consultar este <a href=\"http:\/\/eventos.ufrrj.br\/raic\/files\/2019\/07\/Edital-Anexo-II-Formato-resumo_VII-RAIC-2019.pdf\" target=\"_blank\" rel=\"noopener\">Anexo II<\/a> do edital.<\/p>\n<h3>Apresenta\u00e7\u00f5es Orais e Pain\u00e9is<\/h3>\n<ul>\n<li>\n<p align=\"justify\"><span style=\"font-family: Times New Roman, serif\"><span style=\"font-size: medium\"><span style=\"color: #333333\"><span style=\"font-family: Arial, serif\"><span style=\"font-size: small\">A Comiss\u00e3o Organizadora estabeleceu que, na VII RAIC &#8211; 2019,&nbsp;<\/span><\/span><\/span><b><span style=\"color: #333333\"><span style=\"font-family: Arial, serif\"><span style=\"font-size: small\">as apresenta\u00e7\u00f5es orais dever\u00e3o durar de 10 (dez) minutos, de modo a garantir e preservar a boa qualidade das argui\u00e7\u00f5es, debates e avalia\u00e7\u00f5es por parte dos professores-avaliadores.<\/span><\/span><\/span><\/b><\/span><\/span><\/p>\n<\/li>\n<li>\n<p align=\"justify\"><span style=\"font-family: Times New Roman, serif\"><span style=\"font-size: medium\"><span style=\"color: #333333\"><span style=\"font-family: Arial, serif\"><span style=\"font-size: small\">O autor apresentador do resumo juntamente com o orientador na VII RAIC &#8211; 2019 dever\u00e3o permanecer em tempo integral durante a apresenta\u00e7\u00e3o na forma oral ou p\u00f4ster. <\/span><\/span><\/span><\/span><\/span><\/p>\n<\/li>\n<li>\n<p align=\"justify\"><span style=\"font-family: Times New Roman, serif\"><span style=\"font-size: medium\"><span style=\"color: #333333\"><span style=\"font-family: Arial, serif\"><span style=\"font-size: small\">Apresenta\u00e7\u00f5es P\u00f4steres \u2013 A dimens\u00e3o do p\u00f4ster dever\u00e1 ser de 1,00 m largura x 1,20 m de comprimento, devendo ser confeccionado pelos autores seguindo o <\/span><\/span><\/span><span style=\"color: #333333\"><span style=\"font-family: Arial, serif\"><span style=\"font-size: small\"><b>modelo disponibilizado no site do evento<\/b><\/span><\/span><\/span><span style=\"color: #333333\"><span style=\"font-family: Arial, serif\"><span style=\"font-size: small\"> e devendo ser impresso em papel ou lona com corda para pendurar. Os mesmos dever\u00e3o ser levados no evento, no dia programado para as apresenta\u00e7\u00f5es e retirados ap\u00f3s o t\u00e9rmino da sess\u00e3o. Mais informa\u00e7\u00f5es subitem 5.4 do Edital VII RAIC &#8211; 2019.<\/span><\/span><\/span><\/span><\/span><\/p>\n<\/li>\n<li>\n<p align=\"justify\"><a name=\"_GoBack\"><\/a> <span style=\"font-family: Times New Roman, serif\"><span style=\"font-size: medium\"><span style=\"color: #333333\"><span style=\"font-family: Arial, serif\"><span style=\"font-size: small\">Apresenta\u00e7\u00f5es Orais \u2013 Segundo subitem 5.5 do Edital VII RAIC \u2013 2019:<\/span><\/span><\/span><\/span><\/span><\/p>\n<\/li>\n<\/ul>\n<p align=\"justify\"><span style=\"font-family: Times New Roman, serif\"><span style=\"font-size: medium\"><span style=\"color: #333333\"><span style=\"font-family: Arial, serif\"><span style=\"font-size: small\">a) os arquivos referentes \u00e0s apresenta\u00e7\u00f5es dos trabalhos dever\u00e3o ser <\/span><\/span><\/span><span style=\"color: #333333\"><span style=\"font-family: Arial, serif\"><span style=\"font-size: small\"><b>enviados por e-mail para endere\u00e7o espec\u00edfico de cada Coordena\u00e7\u00e3o de \u00c1rea (Anexo III)<\/b><\/span><\/span><\/span><span style=\"color: #333333\"><span style=\"font-family: Arial, serif\"><span style=\"font-size: small\">, at\u00e9 estabelecida no CALEND\u00c1RIO (item 8 do presente edital); <\/span><\/span><\/span><\/span><\/span><\/p>\n<p align=\"justify\"><span style=\"font-family: Times New Roman, serif\"><span style=\"font-size: medium\"><span style=\"color: #333333\"><span style=\"font-family: Arial, serif\"><span style=\"font-size: small\">b) caso necess\u00e1rio, a Coordena\u00e7\u00e3o de \u00c1rea solicitar\u00e1, por e-mail e at\u00e9 a data estabelecida no CALEND\u00c1RIO (item 8 do presente edital), reenvio do arquivo de apresenta\u00e7\u00e3o;<\/span><\/span><\/span><\/span><\/span><\/p>\n<p align=\"justify\"><span style=\"font-family: Times New Roman, serif\"><span style=\"font-size: medium\"><span style=\"color: #333333\"><span style=\"font-family: Arial, serif\"><span style=\"font-size: small\">c) somente ser\u00e1 permitido uso de arquivos eletr\u00f4nicos nos formatos .ppt, .pptx ou .pdf para as respectivas apresenta\u00e7\u00f5es;<\/span><\/span><\/span><\/span><\/span><\/p>\n<p align=\"justify\"><span style=\"font-family: Times New Roman, serif\"><span style=\"font-size: medium\"><span style=\"color: #333333\"><span style=\"font-family: Arial, serif\"><span style=\"font-size: small\">d) solicita-se aten\u00e7\u00e3o no envio do arquivo, visto que uma vez finalizado o tr\u00e2mite de submiss\u00e3o do arquivo contendo a apresenta\u00e7\u00e3o oral, o mesmo n\u00e3o poder\u00e1 ser modificado.<\/span><\/span><\/span><\/span><\/span><\/p>\n<p align=\"justify\"><span style=\"font-family: Times New Roman, serif\"><span style=\"font-size: medium\"><span style=\"color: #333333\"><span style=\"font-family: Arial, serif\"><span style=\"font-size: small\">Conforme calend\u00e1rio do Edital VII RAIC \u2013 2019 (item 8): Submiss\u00e3o das apresenta\u00e7\u00f5es orais via e-mail at\u00e9 <\/span><\/span><\/span><span style=\"color: #333333\"><span style=\"font-family: Arial, serif\"><span style=\"font-size: small\"><b>16\/09\/2019<\/b><\/span><\/span><\/span><span style=\"color: #333333\"><span style=\"font-family: Arial, serif\"><span style=\"font-size: small\">, 17:00 h; Resposta do recebimento das apresenta\u00e7\u00f5es orais at\u00e9 <\/span><\/span><\/span><span style=\"color: #333333\"><span style=\"font-family: Arial, serif\"><span style=\"font-size: small\"><b>18\/09\/2019.<\/b><\/span><\/span><\/span><\/span><\/span><\/p>\n<ul>\n<li>\n<p align=\"justify\"><span style=\"font-family: Times New Roman, serif\"><span style=\"font-size: medium\"><span style=\"color: #333333\"><span style=\"font-family: Arial, serif\"><span style=\"font-size: small\">Atentem-se para o prazo de justificativa de aus\u00eancia do primeiro autor apresentador e do orientador. Conforme subitem 5.4 do Edital VII RAIC &#8211; 2019:<\/span><\/span><\/span><\/span><\/span><\/p>\n<\/li>\n<\/ul>\n<p align=\"justify\"><span style=\"color: #333333\">\u201c<\/span><span style=\"font-family: Times New Roman, serif\"><span style=\"font-size: medium\"><span style=\"color: #333333\"><span style=\"font-family: Arial, serif\"><span style=\"font-size: small\"><i>A apresenta\u00e7\u00e3o de trabalho dever\u00e1 ser realizada pelo(a) seu(sua) respectivo(a) primeiro(a) autor(a). Apresenta\u00e7\u00f5es de trabalhos por um(a) dos(as) demais autores(as) poder\u00e3o ser excepcionalmente toleradas, desde que justificadas junto \u00e0 Comiss\u00e3o Organizadora. Nestes casos, a(s) justificativa(s) dever\u00e1(\u00e3o) ser apresentada(s) exclusivamente via e-mail enviado para o endere\u00e7o de correio eletr\u00f4nico da RAIC pelo(a) primeiro(a) autor(a) do respectivo resumo, com anu\u00eancia expressa do(a) orientador(a), estritamente no prazo estabelecido no calend\u00e1rio<\/i><\/span><\/span><\/span><span style=\"color: #333333\"><span style=\"font-family: Arial, serif\"><span style=\"font-size: small\">.\u201d<\/span><\/span><\/span><\/span><\/span><\/p>\n<p align=\"justify\"><span style=\"font-family: Times New Roman, serif\"><span style=\"font-size: medium\"><span style=\"color: #333333\"><span style=\"font-family: Arial, serif\"><span style=\"font-size: small\">Conforme calend\u00e1rio do Edital VII RAIC \u2013 2019 (item 8): Justificativa da aus\u00eancia do primeiro autor e Justificativa da aus\u00eancia do orientador at\u00e9 <\/span><\/span><\/span><span style=\"color: #333333\"><span style=\"font-family: Arial, serif\"><span style=\"font-size: small\"><b>16\/09\/2019<\/b><\/span><\/span><\/span><span style=\"color: #333333\"><span style=\"font-family: Arial, serif\"><span style=\"font-size: small\">. <\/span><\/span><\/span><\/span><\/span><\/p>\n<p align=\"justify\"><span style=\"font-family: Times New Roman, serif\"><span style=\"font-size: medium\"><span style=\"color: #333333\"><span style=\"font-family: Arial, serif\"><span style=\"font-size: small\">Endere\u00e7o de correio eletr\u00f4nico: <\/span><\/span><\/span><span style=\"color: #0000ff\"><u><a href=\"mailto:raic.ufrrj@gmail.com\"><span style=\"font-family: Arial, serif\"><span style=\"font-size: small\">raic.ufrrj@gmail.com<\/span><\/span><\/a><\/u><\/span><span style=\"color: #333333\"><span style=\"font-family: Arial, serif\"><span style=\"font-size: small\">. Colocar no Assunto do e-mail: Justificativa da aus\u00eancia<\/span><\/span><\/span><\/span><\/span><\/p>\n<h3>Modelo de Painel<\/h3>\n<p>Clique na figura para ampli\u00e1-la.<\/p>\n<p><a href=\"http:\/\/eventos.ufrrj.br\/raic\/files\/2019\/09\/Modelo-Painel_RAIC-2019.png\" rel=\"lightbox[57]\"><img loading=\"lazy\" decoding=\"async\" class=\"alignnone size-medium wp-image-3005\" src=\"http:\/\/eventos.ufrrj.br\/raic\/files\/2019\/09\/Modelo-Painel_RAIC-2019-250x300.png\" alt=\"\" width=\"250\" height=\"300\" srcset=\"https:\/\/eventos.ufrrj.br\/raic\/files\/2019\/09\/Modelo-Painel_RAIC-2019-250x300.png 250w, https:\/\/eventos.ufrrj.br\/raic\/files\/2019\/09\/Modelo-Painel_RAIC-2019-768x922.png 768w, https:\/\/eventos.ufrrj.br\/raic\/files\/2019\/09\/Modelo-Painel_RAIC-2019-853x1024.png 853w\" sizes=\"auto, (max-width: 250px) 100vw, 250px\" \/><\/a><\/p>\n","protected":false},"excerpt":{"rendered":"<p>Prepara\u00e7\u00e3o de Resumos Consultar este edital. Formato de Resumo Consultar este Anexo II do edital. Apresenta\u00e7\u00f5es Orais e Pain\u00e9is A <a class=\"read-more\" href=\"https:\/\/eventos.ufrrj.br\/raic\/normas-para-formatacao-resumo\/ \">&#8230; leia mais<\/a><\/p>\n","protected":false},"author":25,"featured_media":0,"parent":0,"menu_order":0,"comment_status":"closed","ping_status":"closed","template":"","meta":{"_acf_changed":false,"ngg_post_thumbnail":0,"footnotes":""},"class_list":["post-57","page","type-page","status-publish","hentry"],"acf":[],"_links":{"self":[{"href":"https:\/\/eventos.ufrrj.br\/raic\/wp-json\/wp\/v2\/pages\/57","targetHints":{"allow":["GET"]}}],"collection":[{"href":"https:\/\/eventos.ufrrj.br\/raic\/wp-json\/wp\/v2\/pages"}],"about":[{"href":"https:\/\/eventos.ufrrj.br\/raic\/wp-json\/wp\/v2\/types\/page"}],"author":[{"embeddable":true,"href":"https:\/\/eventos.ufrrj.br\/raic\/wp-json\/wp\/v2\/users\/25"}],"replies":[{"embeddable":true,"href":"https:\/\/eventos.ufrrj.br\/raic\/wp-json\/wp\/v2\/comments?post=57"}],"version-history":[{"count":41,"href":"https:\/\/eventos.ufrrj.br\/raic\/wp-json\/wp\/v2\/pages\/57\/revisions"}],"predecessor-version":[{"id":3012,"href":"https:\/\/eventos.ufrrj.br\/raic\/wp-json\/wp\/v2\/pages\/57\/revisions\/3012"}],"wp:attachment":[{"href":"https:\/\/eventos.ufrrj.br\/raic\/wp-json\/wp\/v2\/media?parent=57"}],"curies":[{"name":"wp","href":"https:\/\/api.w.org\/{rel}","templated":true}]}}