{"id":2998,"date":"2019-09-13T10:23:50","date_gmt":"2019-09-13T13:23:50","guid":{"rendered":"http:\/\/eventos.ufrrj.br\/raic\/?page_id=2998"},"modified":"2019-09-21T16:28:47","modified_gmt":"2019-09-21T19:28:47","slug":"instituto-tres-rios-paineis","status":"publish","type":"page","link":"https:\/\/eventos.ufrrj.br\/raic\/instituto-tres-rios-paineis\/","title":{"rendered":"Instituto Tr\u00eas Rios &#8211; Pain\u00e9is"},"content":{"rendered":"<table cellspacing=\"0\" border=\"0\">\n<colgroup width=\"65\"><\/colgroup>\n<colgroup width=\"131\"><\/colgroup>\n<colgroup width=\"1854\"><\/colgroup>\n<colgroup width=\"280\"><\/colgroup>\n<tbody>\n<tr>\n<td style=\"border: 2px solid #000000\" colspan=\"4\" valign=\"bottom\" height=\"23\" bgcolor=\"#E2EFD9\" align=\"center\"><b><span style=\"color: #000000;font-size: large\">Instituto Tr\u00eas Rios &#8211; Sala 204A, Torre Norte 2\u00ba andar &#8211; Sexta-feira (27\/09\/2019) -14:30 &#8211; 16:00 h<\/span><\/b><\/td>\n<\/tr>\n<tr>\n<td style=\"border-bottom: 1px solid #000000;border-left: 2px solid #000000;border-right: 1px solid #000000\" valign=\"middle\" height=\"20\" bgcolor=\"#E2EFD9\" align=\"center\"><b><span style=\"color: #000000;font-size: medium\">&nbsp;<\/span><\/b><\/td>\n<td style=\"border-bottom: 1px solid #000000;border-left: 1px solid #000000;border-right: 1px solid #000000\" valign=\"middle\" align=\"center\"><b><span style=\"color: #000000;font-size: medium\">ID da Entrada<\/span><\/b><\/td>\n<td style=\"border-bottom: 1px solid #000000;border-left: 1px solid #000000;border-right: 1px solid #000000\" valign=\"middle\" align=\"center\"><b><span style=\"color: #000000;font-size: medium\">T\u00edtulo<\/span><\/b><\/td>\n<td style=\"border-bottom: 1px solid #000000;border-left: 1px solid #000000;border-right: 1px solid #000000\" valign=\"middle\" align=\"center\"><b><span style=\"color: #000000;font-size: medium\">Graduando<\/span><\/b><\/td>\n<\/tr>\n<tr>\n<td style=\"border-top: 1px solid #000000;border-bottom: 1px solid #000000;border-left: 2px solid #000000;border-right: 1px solid #000000\" valign=\"bottom\" height=\"18\" bgcolor=\"#E2EFD9\" align=\"left\"><span style=\"color: #000000\">1<\/span><\/td>\n<td style=\"border: 1px solid #000000\" valign=\"middle\" align=\"center\"><span style=\"color: #000000\">4626<\/span><\/td>\n<td style=\"border: 1px solid #000000\" valign=\"bottom\" align=\"left\"><span style=\"color: #000000\">A ECOLOGIA DA PAISAGEM E A FAUNA DE FORMIGAS ARBOR\u00cdCOLAS COMO FERRAMENTAS PARA A INDICA\u00c7\u00c3O DE \u00c1REAS PRIORIT\u00c1RIAS PARA A CONSERVA\u00c7\u00c3O DA NATUREZA NA MICRORREGI\u00c3O DE TR\u00caS RIOS-RJ<\/span><\/td>\n<td style=\"border: 1px solid #000000\" valign=\"bottom\" align=\"left\"><span style=\"color: #000000\">Larissa Miranda Ribeiro<\/span><\/td>\n<\/tr>\n<tr>\n<td style=\"border-top: 1px solid #000000;border-bottom: 1px solid #000000;border-left: 2px solid #000000;border-right: 1px solid #000000\" valign=\"bottom\" height=\"18\" bgcolor=\"#E2EFD9\" align=\"left\"><span style=\"color: #000000\">2<\/span><\/td>\n<td style=\"border: 1px solid #000000\" valign=\"middle\" align=\"center\"><span style=\"color: #000000\">4658<\/span><\/td>\n<td style=\"border: 1px solid #000000\" valign=\"bottom\" align=\"left\"><span style=\"color: #000000\">UTILIZA\u00c7\u00c3O DA MIRMECOFAUNA EPIG\u00c9ICA NA ESCOLHA DE \u00c1REAS PRIORIT\u00c1RIAS PARA A PROTE\u00c7\u00c3O DA BIODIVERSIDADE DA FLORESTA ESTACIONAL SEMIDECIDUAL NO ESTADO DO RIO DE JANEIRO<\/span><\/td>\n<td style=\"border: 1px solid #000000\" valign=\"bottom\" align=\"left\"><span style=\"color: #000000\">Nath\u00e1lia Couto Romanelli Lobo<\/span><\/td>\n<\/tr>\n<tr>\n<td style=\"border-top: 1px solid #000000;border-bottom: 1px solid #000000;border-left: 2px solid #000000;border-right: 1px solid #000000\" valign=\"bottom\" height=\"18\" bgcolor=\"#E2EFD9\" align=\"left\"><span style=\"color: #000000\">3<\/span><\/td>\n<td style=\"border: 1px solid #000000\" valign=\"middle\" align=\"center\"><span style=\"color: #000000\">4662<\/span><\/td>\n<td style=\"border: 1px solid #000000\" valign=\"bottom\" align=\"left\"><span style=\"color: #000000\">DIAGN\u00d3STICO DAS ATIVIDADES DE AGROINDUSTRIA DE BASE FAMILIAR NO LICENCIAMENTO AMBIENTAL MUNICIPAL: REGI\u00c3O CENTRO SUL FLUMINENSE\/RJ<\/span><\/td>\n<td style=\"border: 1px solid #000000\" valign=\"bottom\" align=\"left\"><span style=\"color: #000000\">Mariana Lemos Camarate<\/span><\/td>\n<\/tr>\n<tr>\n<td style=\"border-top: 1px solid #000000;border-bottom: 1px solid #000000;border-left: 2px solid #000000;border-right: 1px solid #000000\" valign=\"bottom\" height=\"18\" bgcolor=\"#E2EFD9\" align=\"left\"><span style=\"color: #000000\">4<\/span><\/td>\n<td style=\"border: 1px solid #000000\" valign=\"middle\" align=\"center\"><span style=\"color: #000000\">4765<\/span><\/td>\n<td style=\"border: 1px solid #000000\" valign=\"bottom\" align=\"left\"><span style=\"color: #000000\">INVESTIGA\u00c7\u00c3O DE ILHAS DE CALOR NO MUNIC\u00cdPIO DE TR\u00caS RIOS \u2013 RJ.<\/span><\/td>\n<td style=\"border: 1px solid #000000\" valign=\"bottom\" align=\"left\"><span style=\"color: #000000\">Yuri Matheus Silva Neves<\/span><\/td>\n<\/tr>\n<tr>\n<td style=\"border-top: 1px solid #000000;border-bottom: 1px solid #000000;border-left: 2px solid #000000;border-right: 1px solid #000000\" valign=\"bottom\" height=\"18\" bgcolor=\"#E2EFD9\" align=\"left\"><span style=\"color: #000000\">5<\/span><\/td>\n<td style=\"border: 1px solid #000000\" valign=\"middle\" align=\"center\"><span style=\"color: #000000\">4783<\/span><\/td>\n<td style=\"border: 1px solid #000000\" valign=\"bottom\" align=\"left\"><span style=\"color: #000000\">LOCAIS DE INTERESSE GEOL\u00d3GICO E SEU CONTEXTO<\/span><\/td>\n<td style=\"border: 1px solid #000000\" valign=\"bottom\" align=\"left\"><span style=\"color: #000000\">Julianne Vital Martins<\/span><\/td>\n<\/tr>\n<tr>\n<td style=\"border-top: 1px solid #000000;border-bottom: 1px solid #000000;border-left: 2px solid #000000;border-right: 1px solid #000000\" valign=\"bottom\" height=\"18\" bgcolor=\"#E2EFD9\" align=\"left\"><span style=\"color: #000000\">6<\/span><\/td>\n<td style=\"border: 1px solid #000000\" valign=\"middle\" align=\"center\"><span style=\"color: #000000\">4784<\/span><\/td>\n<td style=\"border: 1px solid #000000\" valign=\"bottom\" align=\"left\"><span style=\"color: #000000\">IDENTIFICANDO ELEMENTOS DA GEODIVERSIDADE<\/span><\/td>\n<td style=\"border: 1px solid #000000\" valign=\"bottom\" align=\"left\"><span style=\"color: #000000\">Lucas Pereira Portela Brito<\/span><\/td>\n<\/tr>\n<tr>\n<td style=\"border-top: 1px solid #000000;border-bottom: 1px solid #000000;border-left: 2px solid #000000;border-right: 1px solid #000000\" valign=\"bottom\" height=\"18\" bgcolor=\"#E2EFD9\" align=\"left\"><span style=\"color: #000000\">7<\/span><\/td>\n<td style=\"border: 1px solid #000000\" valign=\"middle\" align=\"center\"><span style=\"color: #000000\">4878<\/span><\/td>\n<td style=\"border: 1px solid #000000\" valign=\"bottom\" align=\"left\"><span style=\"color: #000000\">GEST\u00c3O DE RISCOS E DE DESASTRES: APLICA\u00c7\u00c3O DE GEOTECNOLOGIAS NO MAPEAMENTO DE \u00c1REAS SUSCET\u00cdVEIS A MOVIMENTO DE MASSA NO MUNIC\u00cdPIO DE TR\u00caS RIOS\/RJ<\/span><\/td>\n<td style=\"border: 1px solid #000000\" valign=\"bottom\" align=\"left\"><span style=\"color: #000000\">Beatriz Fonseca Pinheiro<\/span><\/td>\n<\/tr>\n<tr>\n<td style=\"border-top: 1px solid #000000;border-bottom: 1px solid #000000;border-left: 2px solid #000000;border-right: 1px solid #000000\" valign=\"bottom\" height=\"18\" bgcolor=\"#E2EFD9\" align=\"left\"><span style=\"color: #000000\">8<\/span><\/td>\n<td style=\"border: 1px solid #000000\" valign=\"middle\" align=\"center\"><span style=\"color: #000000\">4885<\/span><\/td>\n<td style=\"border: 1px solid #000000\" valign=\"bottom\" align=\"left\"><span style=\"color: #000000\">AN\u00c1LISE DA FRAGILIDADE AMBIENTAL DA BACIA HIDROGR\u00c1FICA DO C\u00d3RREGO CANTAGALO, TR\u00caS RIOS-RJ: SUBS\u00cdDIO \u00c0 GEST\u00c3O AMBIENTAL URBANA<\/span><\/td>\n<td style=\"border: 1px solid #000000\" valign=\"bottom\" align=\"left\"><span style=\"color: #000000\">Luan Carlos Octaviano Ferreira Leite<\/span><\/td>\n<\/tr>\n<tr>\n<td style=\"border-top: 1px solid #000000;border-bottom: 1px solid #000000;border-left: 2px solid #000000;border-right: 1px solid #000000\" valign=\"bottom\" height=\"18\" bgcolor=\"#E2EFD9\" align=\"left\"><span style=\"color: #000000\">9<\/span><\/td>\n<td style=\"border: 1px solid #000000\" valign=\"middle\" align=\"center\"><span style=\"color: #000000\">5257<\/span><\/td>\n<td style=\"border: 1px solid #000000\" valign=\"bottom\" align=\"left\"><span style=\"color: #000000\">COMO VOC\u00ca SE V\u00ca EM 10 ANOS? AN\u00c1LISE DAS INFLU\u00caNCIAS NA ESCOLHA PROFISSIONAL DOS JOVENS QUE FREQUENTAM O PROJETO PR\u00c9-ENEM DA UNIVERSIDADE FEDERAL RURAL DO RIO DE JANEIRO, CAMPUS TR\u00caS RIOS.<\/span><\/td>\n<td style=\"border: 1px solid #000000\" valign=\"bottom\" align=\"left\"><span style=\"color: #000000\">Jully Gon\u00e7alves de Almeida<\/span><\/td>\n<\/tr>\n<tr>\n<td style=\"border-top: 1px solid #000000;border-bottom: 1px solid #000000;border-left: 2px solid #000000;border-right: 1px solid #000000\" valign=\"bottom\" height=\"18\" bgcolor=\"#E2F0D9\" align=\"left\"><span style=\"color: #000000\">10<\/span><\/td>\n<td style=\"border: 1px solid #000000\" valign=\"middle\" align=\"center\"><span style=\"color: #000000\">5356<\/span><\/td>\n<td style=\"border: 1px solid #000000\" valign=\"bottom\" align=\"left\"><span style=\"color: #000000\">EFETIVIDADE DA ESTA\u00c7\u00c3O ECOL\u00d3GICA DE TAMOIOS, BA\u00cdA DA ILHA GRANDE, PARA A CONSERVA\u00c7\u00c3O DE PEIXES RECIFAIS: O QUE MUDOU AP\u00d3S 10 ANOS DE PROTE\u00c7\u00c3O EFETIVA?<\/span><\/td>\n<td style=\"border: 1px solid #000000\" valign=\"bottom\" align=\"left\"><span style=\"color: #000000\">L\u00e9cio de Carvalho Junior<\/span><\/td>\n<\/tr>\n<tr>\n<td style=\"border-top: 1px solid #000000;border-bottom: 1px solid #000000;border-left: 2px solid #000000;border-right: 1px solid #000000\" valign=\"bottom\" height=\"18\" bgcolor=\"#E2F0D9\" align=\"left\"><span style=\"color: #000000\">11<\/span><\/td>\n<td style=\"border: 1px solid #000000\" valign=\"middle\" align=\"center\"><span style=\"color: #000000\">5439<\/span><\/td>\n<td style=\"border: 1px solid #000000\" valign=\"bottom\" align=\"left\"><span style=\"color: #000000\">Consolida\u00e7\u00e3o do Programa de Acompanhamento de Egressos do Curso de Bacharelado em Gest\u00e3o Ambiental da Universidade Federal Rural do Rio de Janeiro<\/span><\/td>\n<td style=\"border: 1px solid #000000\" valign=\"bottom\" align=\"left\"><span style=\"color: #000000\">Daiana da Silva Rodrigues<\/span><\/td>\n<\/tr>\n<tr>\n<td style=\"border-top: 1px solid #000000;border-bottom: 2px solid #000000;border-left: 2px solid #000000;border-right: 1px solid #000000\" valign=\"bottom\" height=\"21\" bgcolor=\"#E2F0D9\" align=\"left\"><span style=\"color: #000000\">12<\/span><\/td>\n<td style=\"border-top: 1px solid #000000;border-bottom: 2px solid #000000;border-left: 1px solid #000000;border-right: 1px solid #000000\" valign=\"middle\" align=\"center\"><span style=\"color: #000000\">5451<\/span><\/td>\n<td style=\"border-top: 1px solid #000000;border-bottom: 2px solid #000000;border-left: 1px solid #000000;border-right: 1px solid #000000\" valign=\"bottom\" align=\"left\"><span style=\"color: #000000\">AN\u00c1LISE DO IMPACTO DIRETO DA LAMA DE REJEITO DO ROMPIMENTO DA BARRAGEM DE FUND\u00c3O SOBRE OS IM\u00d3VEIS RURAIS EM MARIANA-MG<\/span><\/td>\n<td style=\"border-top: 1px solid #000000;border-bottom: 2px solid #000000;border-left: 1px solid #000000;border-right: 1px solid #000000\" valign=\"bottom\" align=\"left\"><span style=\"color: #000000\">Yuri Tomaz Martins<\/span><\/td>\n<\/tr>\n<\/tbody>\n<\/table>\n","protected":false},"excerpt":{"rendered":"<p>Instituto Tr\u00eas Rios &#8211; Sala 204A, Torre Norte 2\u00ba andar &#8211; Sexta-feira (27\/09\/2019) -14:30 &#8211; 16:00 h &nbsp; ID da <a class=\"read-more\" href=\"https:\/\/eventos.ufrrj.br\/raic\/instituto-tres-rios-paineis\/ \">&#8230; leia mais<\/a><\/p>\n","protected":false},"author":7,"featured_media":0,"parent":0,"menu_order":0,"comment_status":"closed","ping_status":"closed","template":"","meta":{"_acf_changed":false,"ngg_post_thumbnail":0,"footnotes":""},"class_list":["post-2998","page","type-page","status-publish","hentry"],"acf":[],"_links":{"self":[{"href":"https:\/\/eventos.ufrrj.br\/raic\/wp-json\/wp\/v2\/pages\/2998","targetHints":{"allow":["GET"]}}],"collection":[{"href":"https:\/\/eventos.ufrrj.br\/raic\/wp-json\/wp\/v2\/pages"}],"about":[{"href":"https:\/\/eventos.ufrrj.br\/raic\/wp-json\/wp\/v2\/types\/page"}],"author":[{"embeddable":true,"href":"https:\/\/eventos.ufrrj.br\/raic\/wp-json\/wp\/v2\/users\/7"}],"replies":[{"embeddable":true,"href":"https:\/\/eventos.ufrrj.br\/raic\/wp-json\/wp\/v2\/comments?post=2998"}],"version-history":[{"count":2,"href":"https:\/\/eventos.ufrrj.br\/raic\/wp-json\/wp\/v2\/pages\/2998\/revisions"}],"predecessor-version":[{"id":3061,"href":"https:\/\/eventos.ufrrj.br\/raic\/wp-json\/wp\/v2\/pages\/2998\/revisions\/3061"}],"wp:attachment":[{"href":"https:\/\/eventos.ufrrj.br\/raic\/wp-json\/wp\/v2\/media?parent=2998"}],"curies":[{"name":"wp","href":"https:\/\/api.w.org\/{rel}","templated":true}]}}