{"id":2995,"date":"2019-09-13T10:22:12","date_gmt":"2019-09-13T13:22:12","guid":{"rendered":"http:\/\/eventos.ufrrj.br\/raic\/?page_id=2995"},"modified":"2019-09-21T16:27:44","modified_gmt":"2019-09-21T19:27:44","slug":"instituto-tres-rios-apresentacoes-orais","status":"publish","type":"page","link":"https:\/\/eventos.ufrrj.br\/raic\/instituto-tres-rios-apresentacoes-orais\/","title":{"rendered":"Instituto Tr\u00eas Rios &#8211; Apresenta\u00e7\u00f5es Orais"},"content":{"rendered":"<table cellspacing=\"0\" border=\"0\">\n<colgroup width=\"65\"><\/colgroup>\n<colgroup width=\"131\"><\/colgroup>\n<colgroup width=\"2077\"><\/colgroup>\n<colgroup width=\"294\"><\/colgroup>\n<tbody>\n<tr>\n<td style=\"border: 2px solid #000000\" colspan=\"4\" valign=\"bottom\" height=\"23\" bgcolor=\"#E2EFD9\" align=\"center\"><b><span style=\"color: #000000;font-size: large\">Instituto Tr\u00eas Rios &#8211; Sala 204A, Torre Norte 2\u00ba andar &#8211; Sexta-feira (27\/09\/2019) &#8211; 11:00-14:30 h<\/span><\/b><\/td>\n<\/tr>\n<tr>\n<td style=\"border-bottom: 1px solid #000000;border-left: 2px solid #000000;border-right: 1px solid #000000\" valign=\"middle\" height=\"18\" bgcolor=\"#E2EFD9\" align=\"center\"><b><span style=\"color: #000000\">&nbsp;<\/span><\/b><\/td>\n<td style=\"border-left: 1px solid #000000;border-right: 1px solid #000000\" valign=\"middle\" align=\"center\"><b><span style=\"color: #000000\">ID da Entrada<\/span><\/b><\/td>\n<td style=\"border-left: 1px solid #000000;border-right: 1px solid #000000\" valign=\"middle\" align=\"center\"><b><span style=\"color: #000000\">T\u00edtulo<\/span><\/b><\/td>\n<td style=\"border-left: 1px solid #000000;border-right: 1px solid #000000\" valign=\"middle\" align=\"center\"><b><span style=\"color: #000000\">Graduando<\/span><\/b><\/td>\n<\/tr>\n<tr>\n<td style=\"border-top: 1px solid #000000;border-bottom: 1px solid #000000;border-left: 2px solid #000000\" valign=\"bottom\" height=\"18\" bgcolor=\"#E2EFD9\" align=\"left\"><span style=\"color: #000000\">1<\/span><\/td>\n<td style=\"border-top: 1px solid #000000;border-bottom: 1px solid #000000;border-left: 1px solid #000000\" valign=\"middle\" align=\"center\">4862<\/td>\n<td style=\"border: 1px solid #000000\" valign=\"bottom\" align=\"left\"><span style=\"color: #000000\">GEOCRONOLOGIA DO MACI\u00c7O DO ALTO CHAP\u00c9U (ES)<\/span><\/td>\n<td style=\"border-top: 1px solid #000000;border-bottom: 1px solid #000000;border-right: 1px solid #000000\" valign=\"bottom\" align=\"left\">Isabel Sant\u2019 Ana Rocha<\/td>\n<\/tr>\n<tr>\n<td style=\"border-top: 1px solid #000000;border-bottom: 1px solid #000000;border-left: 2px solid #000000\" valign=\"bottom\" height=\"18\" bgcolor=\"#E2EFD9\" align=\"left\"><span style=\"color: #000000\">2<\/span><\/td>\n<td style=\"border-top: 1px solid #000000;border-bottom: 1px solid #000000;border-left: 1px solid #000000\" valign=\"middle\" align=\"center\"><span style=\"color: #000000\">4865<\/span><\/td>\n<td style=\"border: 1px solid #000000\" valign=\"bottom\" align=\"left\"><span style=\"color: #000000\">CARACTERIZA\u00c7\u00c3O GEOL\u00d3GICO-ESTRUTURAL DA MICROBACIA DO C\u00d3RREGO ING\u00c1<\/span><\/td>\n<td style=\"border-top: 1px solid #000000;border-bottom: 1px solid #000000;border-right: 1px solid #000000\" valign=\"bottom\" align=\"left\"><span style=\"color: #000000\">Isabel Sant\u2019 Ana Rocha<\/span><\/td>\n<\/tr>\n<tr>\n<td style=\"border-top: 1px solid #000000;border-bottom: 1px solid #000000;border-left: 2px solid #000000\" valign=\"bottom\" height=\"18\" bgcolor=\"#E2EFD9\" align=\"left\"><span style=\"color: #000000\">3<\/span><\/td>\n<td style=\"border-top: 1px solid #000000;border-bottom: 1px solid #000000;border-left: 1px solid #000000\" valign=\"middle\" align=\"center\"><span style=\"color: #000000\">4764<\/span><\/td>\n<td style=\"border: 1px solid #000000\" valign=\"bottom\" align=\"left\"><span style=\"color: #000000\">PL\u00c1STICOS: UM PROBLEMA AMBIENTAL<\/span><\/td>\n<td style=\"border-top: 1px solid #000000;border-bottom: 1px solid #000000;border-right: 1px solid #000000\" valign=\"bottom\" align=\"left\"><span style=\"color: #000000\">Mariana Motta de Freitas<\/span><\/td>\n<\/tr>\n<tr>\n<td style=\"border-top: 1px solid #000000;border-bottom: 1px solid #000000;border-left: 2px solid #000000\" valign=\"bottom\" height=\"18\" bgcolor=\"#E2EFD9\" align=\"left\"><span style=\"color: #000000\">4<\/span><\/td>\n<td style=\"border-top: 1px solid #000000;border-bottom: 1px solid #000000;border-left: 1px solid #000000\" valign=\"middle\" align=\"center\"><span style=\"color: #000000\">4932<\/span><\/td>\n<td style=\"border: 1px solid #000000\" valign=\"bottom\" align=\"left\"><span style=\"color: #000000\">LEVANTAMENTO CARTOGR\u00c1FICO E USO DOS DADOS DE \u00d3RG\u00c3OS P\u00daBLICOS MUNICIPAIS (SECRETARIAS DE GOVERNO) PARA A ESPACIALIZA\u00c7\u00c3O DOS 10 PASSOS ESSENCIAIS PARA A CONSTRU\u00c7\u00c3O DE UMA CIDADE RESILIENTE<\/span><\/td>\n<td style=\"border-top: 1px solid #000000;border-bottom: 1px solid #000000;border-right: 1px solid #000000\" valign=\"bottom\" align=\"left\"><span style=\"color: #000000\">Isabella Ribeiro Pereira da Costa<\/span><\/td>\n<\/tr>\n<tr>\n<td style=\"border-top: 1px solid #000000;border-bottom: 1px solid #000000;border-left: 2px solid #000000\" valign=\"bottom\" height=\"18\" bgcolor=\"#E2EFD9\" align=\"left\"><span style=\"color: #000000\">5<\/span><\/td>\n<td style=\"border-top: 1px solid #000000;border-bottom: 1px solid #000000;border-left: 1px solid #000000\" valign=\"middle\" align=\"center\"><span style=\"color: #000000\">4696<\/span><\/td>\n<td style=\"border: 1px solid #000000\" valign=\"bottom\" align=\"left\"><span style=\"color: #000000\">Existem compatibilidades entre a pecu\u00e1ria sustent\u00e1vel e o transporte de gado em p\u00e9?<\/span><\/td>\n<td style=\"border-top: 1px solid #000000;border-bottom: 1px solid #000000;border-right: 1px solid #000000\" valign=\"bottom\" align=\"left\"><span style=\"color: #000000\">Gabrielle Sanches de Oliveira Carvalho<\/span><\/td>\n<\/tr>\n<tr>\n<td style=\"border-top: 1px solid #000000;border-bottom: 1px solid #000000;border-left: 2px solid #000000\" valign=\"bottom\" height=\"18\" bgcolor=\"#E2EFD9\" align=\"left\"><span style=\"color: #000000\">6<\/span><\/td>\n<td style=\"border-top: 1px solid #000000;border-bottom: 1px solid #000000;border-left: 1px solid #000000\" valign=\"middle\" align=\"center\"><span style=\"color: #000000\">4868<\/span><\/td>\n<td style=\"border: 1px solid #000000\" valign=\"bottom\" align=\"left\"><span style=\"color: #000000\">LEVANTAMENTO DAS COLETAS HIST\u00d3RICAS DE ANGIOSPERMAS REALIZADAS POR MARTIUS NO ENTORNO DO RIO PARA\u00cdBA DO SUL FLUMINENSE<\/span><\/td>\n<td style=\"border-top: 1px solid #000000;border-bottom: 1px solid #000000;border-right: 1px solid #000000\" valign=\"bottom\" align=\"left\"><span style=\"color: #000000\">Thayn\u00e1 Ribeiro Bromana<\/span><\/td>\n<\/tr>\n<tr>\n<td style=\"border-top: 1px solid #000000;border-bottom: 1px solid #000000;border-left: 2px solid #000000\" valign=\"bottom\" height=\"18\" bgcolor=\"#E2EFD9\" align=\"left\"><span style=\"color: #000000\">7<\/span><\/td>\n<td style=\"border-top: 1px solid #000000;border-bottom: 1px solid #000000;border-left: 1px solid #000000\" valign=\"middle\" align=\"center\"><span style=\"color: #000000\">4874<\/span><\/td>\n<td style=\"border: 1px solid #000000\" valign=\"bottom\" align=\"left\"><span style=\"color: #000000\">ARBORIZA\u00c7\u00c3O URBANA DAS VIAS P\u00daBLICAS NO MUNIC\u00cdPIO DE TR\u00caS RIOS, RJ<\/span><\/td>\n<td style=\"border-top: 1px solid #000000;border-bottom: 1px solid #000000;border-right: 1px solid #000000\" valign=\"bottom\" align=\"left\"><span style=\"color: #000000\">Izabela Cristina Moreira Moraes<\/span><\/td>\n<\/tr>\n<tr>\n<td style=\"border-top: 1px solid #000000;border-bottom: 1px solid #000000;border-left: 2px solid #000000\" valign=\"bottom\" height=\"18\" bgcolor=\"#E2EFD9\" align=\"left\"><span style=\"color: #000000\">8<\/span><\/td>\n<td style=\"border-top: 1px solid #000000;border-bottom: 1px solid #000000;border-left: 1px solid #000000\" valign=\"middle\" align=\"center\"><span style=\"color: #000000\">4877<\/span><\/td>\n<td style=\"border: 1px solid #000000\" valign=\"bottom\" align=\"left\"><span style=\"color: #000000\">AVERIGUA\u00c7\u00c3O DO CONHECIMENTO TRADICIONAL NA COMUNIDADE RURAL DO BREJAL, PETR\u00d3POLIS<\/span><\/td>\n<td style=\"border-top: 1px solid #000000;border-bottom: 1px solid #000000;border-right: 1px solid #000000\" valign=\"bottom\" align=\"left\"><span style=\"color: #000000\">Bruna Benazi Vieira<\/span><\/td>\n<\/tr>\n<tr>\n<td style=\"border-top: 1px solid #000000;border-bottom: 1px solid #000000;border-left: 2px solid #000000\" valign=\"bottom\" height=\"18\" bgcolor=\"#E2EFD9\" align=\"left\"><span style=\"color: #000000\">9<\/span><\/td>\n<td style=\"border-top: 1px solid #000000;border-bottom: 1px solid #000000;border-left: 1px solid #000000\" valign=\"middle\" align=\"center\"><span style=\"color: #000000\">5007<\/span><\/td>\n<td style=\"border: 1px solid #000000\" valign=\"bottom\" align=\"left\"><span style=\"color: #000000\">CEN\u00c1RIO DO USO DOS RECURSOS H\u00cdDRICOS SUBTERR\u00c2NEOS NA REGI\u00c3O HIDROGR\u00c1FICA DO PIABANHA (RH-IV)<\/span><\/td>\n<td style=\"border-top: 1px solid #000000;border-bottom: 1px solid #000000;border-right: 1px solid #000000\" valign=\"bottom\" align=\"left\"><span style=\"color: #000000\">Yasmin Martins de Albuquerque<\/span><\/td>\n<\/tr>\n<tr>\n<td style=\"border-top: 1px solid #000000;border-bottom: 2px solid #000000;border-left: 2px solid #000000;border-right: 1px solid #000000\" valign=\"bottom\" height=\"18\" bgcolor=\"#E2EFD9\" align=\"left\"><span style=\"color: #000000\">10<\/span><\/td>\n<td style=\"border-bottom: 2px solid #000000;border-left: 1px solid #000000\" valign=\"middle\" align=\"center\"><span style=\"color: #000000\">4701<\/span><\/td>\n<td style=\"border-top: 1px solid #000000;border-bottom: 2px solid #000000;border-left: 1px solid #000000;border-right: 1px solid #000000\" valign=\"bottom\" align=\"left\"><span style=\"color: #000000\">PROPOSTA DE CRIA\u00c7\u00c3O DE PAR\u00c2METROS DE CONTROLE AMBIENTAL PARA ATIVIDADES DE BAIXO E M\u00c9DIO PORTE E POTENCIAL POLUIDOR NO LICENCIAMENTO AMBIENTAL MUNICIPAL: ESTUDO DE CASO NOS MUNIC\u00cdPIOS DE TR\u00caS RIOS\/RJ E PARA\u00cdBA DO SUL\/RJ<\/span><\/td>\n<td style=\"border-bottom: 2px solid #000000;border-right: 1px solid #000000\" valign=\"bottom\" align=\"left\"><span style=\"color: #000000\">J\u00falia Ribeiro Maciel<\/span><\/td>\n<\/tr>\n<\/tbody>\n<\/table>\n","protected":false},"excerpt":{"rendered":"<p>Instituto Tr\u00eas Rios &#8211; Sala 204A, Torre Norte 2\u00ba andar &#8211; Sexta-feira (27\/09\/2019) &#8211; 11:00-14:30 h &nbsp; ID da Entrada <a class=\"read-more\" href=\"https:\/\/eventos.ufrrj.br\/raic\/instituto-tres-rios-apresentacoes-orais\/ \">&#8230; leia mais<\/a><\/p>\n","protected":false},"author":7,"featured_media":0,"parent":0,"menu_order":0,"comment_status":"closed","ping_status":"closed","template":"","meta":{"_acf_changed":false,"ngg_post_thumbnail":0,"footnotes":""},"class_list":["post-2995","page","type-page","status-publish","hentry"],"acf":[],"_links":{"self":[{"href":"https:\/\/eventos.ufrrj.br\/raic\/wp-json\/wp\/v2\/pages\/2995","targetHints":{"allow":["GET"]}}],"collection":[{"href":"https:\/\/eventos.ufrrj.br\/raic\/wp-json\/wp\/v2\/pages"}],"about":[{"href":"https:\/\/eventos.ufrrj.br\/raic\/wp-json\/wp\/v2\/types\/page"}],"author":[{"embeddable":true,"href":"https:\/\/eventos.ufrrj.br\/raic\/wp-json\/wp\/v2\/users\/7"}],"replies":[{"embeddable":true,"href":"https:\/\/eventos.ufrrj.br\/raic\/wp-json\/wp\/v2\/comments?post=2995"}],"version-history":[{"count":2,"href":"https:\/\/eventos.ufrrj.br\/raic\/wp-json\/wp\/v2\/pages\/2995\/revisions"}],"predecessor-version":[{"id":3060,"href":"https:\/\/eventos.ufrrj.br\/raic\/wp-json\/wp\/v2\/pages\/2995\/revisions\/3060"}],"wp:attachment":[{"href":"https:\/\/eventos.ufrrj.br\/raic\/wp-json\/wp\/v2\/media?parent=2995"}],"curies":[{"name":"wp","href":"https:\/\/api.w.org\/{rel}","templated":true}]}}