{"id":2986,"date":"2019-09-13T09:55:25","date_gmt":"2019-09-13T12:55:25","guid":{"rendered":"http:\/\/eventos.ufrrj.br\/raic\/?page_id=2986"},"modified":"2019-09-21T16:16:16","modified_gmt":"2019-09-21T19:16:16","slug":"multidisciplinar-apresentacoes-orais","status":"publish","type":"page","link":"https:\/\/eventos.ufrrj.br\/raic\/multidisciplinar-apresentacoes-orais\/","title":{"rendered":"Multidisciplinar &#8211; Apresenta\u00e7\u00f5es Orais"},"content":{"rendered":"<table cellspacing=\"0\" border=\"0\">\n<colgroup width=\"65\"><\/colgroup>\n<colgroup width=\"131\"><\/colgroup>\n<colgroup width=\"1616\"><\/colgroup>\n<colgroup width=\"294\"><\/colgroup>\n<tr>\n<td style=\"border-top: 2px solid #000000;border-bottom: 2px solid #000000;border-left: 2px solid #000000;border-right: 2px solid #000000\" colspan=\"4\" height=\"23\" align=\"center\" valign=\"bottom\" bgcolor=\"#E2EFD9\"><b><font size=\"4\" color=\"#000000\">Audit\u00f3rio Hilton Salles  (P1) &#8211; Sexta-feira (27\/09\/2019) &#8211; 09:00 &#8211; 12:00 h<\/font><\/b><\/td>\n<\/tr>\n<tr>\n<td style=\"border-bottom: 1px solid #000000;border-left: 2px solid #000000;border-right: 1px solid #000000\" height=\"20\" align=\"center\" valign=\"middle\" bgcolor=\"#E2EFD9\"><b><font size=\"3\" color=\"#000000\"><br \/><\/font><\/b><\/td>\n<td style=\"border-bottom: 1px solid #000000;border-left: 1px solid #000000;border-right: 1px solid #000000\" align=\"center\" valign=\"middle\"><b><font size=\"3\" color=\"#000000\">ID da Entrada<\/font><\/b><\/td>\n<td style=\"border-bottom: 1px solid #000000;border-left: 1px solid #000000;border-right: 1px solid #000000\" align=\"center\" valign=\"middle\"><b><font size=\"3\" color=\"#000000\">T\u00edtulo<\/font><\/b><\/td>\n<td style=\"border-bottom: 1px solid #000000;border-left: 1px solid #000000;border-right: 1px solid #000000\" align=\"center\" valign=\"middle\"><b><font size=\"3\" color=\"#000000\">Graduando<\/font><\/b><\/td>\n<\/tr>\n<tr>\n<td style=\"border-top: 1px solid #000000;border-bottom: 1px solid #000000;border-left: 2px solid #000000;border-right: 1px solid #000000\" height=\"18\" align=\"left\" valign=\"bottom\" bgcolor=\"#E2EFD9\"><font color=\"#000000\">1<\/font><\/td>\n<td style=\"border-top: 1px solid #000000;border-bottom: 1px solid #000000;border-left: 1px solid #000000;border-right: 1px solid #000000\" align=\"center\" valign=\"middle\"><font color=\"#000000\">4988<\/font><\/td>\n<td style=\"border-top: 1px solid #000000;border-bottom: 1px solid #000000;border-left: 1px solid #000000;border-right: 1px solid #000000\" align=\"left\" valign=\"bottom\"><font color=\"#000000\">CLONAGEM E EXPRESS\u00c3O HETER\u00d3LOGA DO GENE HUMANO PDE4B EM BACT\u00c9RIA<\/font><\/td>\n<td style=\"border-top: 1px solid #000000;border-bottom: 1px solid #000000;border-left: 1px solid #000000;border-right: 1px solid #000000\" align=\"left\" valign=\"bottom\"><font color=\"#000000\">Nat\u00e1lia Corr\u00eaa da Silva<\/font><\/td>\n<\/tr>\n<tr>\n<td style=\"border-top: 1px solid #000000;border-bottom: 1px solid #000000;border-left: 2px solid #000000;border-right: 1px solid #000000\" height=\"18\" align=\"left\" valign=\"bottom\" bgcolor=\"#E2EFD9\"><font color=\"#000000\">2<\/font><\/td>\n<td style=\"border-top: 1px solid #000000;border-bottom: 1px solid #000000;border-left: 1px solid #000000;border-right: 1px solid #000000\" align=\"center\" valign=\"middle\"><font color=\"#000000\">4990<\/font><\/td>\n<td style=\"border-top: 1px solid #000000;border-bottom: 1px solid #000000;border-left: 1px solid #000000;border-right: 1px solid #000000\" align=\"left\" valign=\"bottom\"><font color=\"#000000\">CLONAGEM E EXPRESS\u00c3O HETER\u00d3LOGA DO GENE HUMANO AChE EM BACT\u00c9RIA<\/font><\/td>\n<td style=\"border-top: 1px solid #000000;border-bottom: 1px solid #000000;border-left: 1px solid #000000;border-right: 1px solid #000000\" align=\"left\" valign=\"bottom\"><font color=\"#000000\">Gabriely Biancamano Gon\u00e7alves<\/font><\/td>\n<\/tr>\n<tr>\n<td style=\"border-top: 1px solid #000000;border-bottom: 1px solid #000000;border-left: 2px solid #000000;border-right: 1px solid #000000\" height=\"18\" align=\"left\" valign=\"bottom\" bgcolor=\"#E2EFD9\"><font color=\"#000000\">3<\/font><\/td>\n<td style=\"border-top: 1px solid #000000;border-bottom: 1px solid #000000;border-left: 1px solid #000000;border-right: 1px solid #000000\" align=\"center\" valign=\"middle\"><font color=\"#000000\">5112<\/font><\/td>\n<td style=\"border-top: 1px solid #000000;border-bottom: 1px solid #000000;border-left: 1px solid #000000;border-right: 1px solid #000000\" align=\"left\" valign=\"bottom\"><font color=\"#000000\">UMA PROPOSTA DE BAIXO CUSTO PARA A DISCUSS\u00c3O DA DEFORMA\u00c7\u00c3O DOS CORPOS<\/font><\/td>\n<td style=\"border-top: 1px solid #000000;border-bottom: 1px solid #000000;border-left: 1px solid #000000;border-right: 1px solid #000000\" align=\"left\" valign=\"bottom\"><font color=\"#000000\">VICTOR ABATH DA SILVA<\/font><\/td>\n<\/tr>\n<tr>\n<td style=\"border-top: 1px solid #000000;border-bottom: 1px solid #000000;border-left: 2px solid #000000;border-right: 1px solid #000000\" height=\"18\" align=\"left\" valign=\"bottom\" bgcolor=\"#E2EFD9\"><font color=\"#000000\">4<\/font><\/td>\n<td style=\"border-top: 1px solid #000000;border-bottom: 1px solid #000000;border-left: 1px solid #000000;border-right: 1px solid #000000\" align=\"center\" valign=\"middle\"><font color=\"#000000\">5113<\/font><\/td>\n<td style=\"border-top: 1px solid #000000;border-bottom: 1px solid #000000;border-left: 1px solid #000000;border-right: 1px solid #000000\" align=\"left\" valign=\"bottom\"><font color=\"#000000\">DETERMINANDO O ATRITO CIN\u00c9TICO USANDO AN\u00c1LISE DE V\u00cdDEO<\/font><\/td>\n<td style=\"border-top: 1px solid #000000;border-bottom: 1px solid #000000;border-left: 1px solid #000000;border-right: 1px solid #000000\" align=\"left\" valign=\"bottom\"><font color=\"#000000\">VICTOR ABATH DA SILVA<\/font><\/td>\n<\/tr>\n<tr>\n<td style=\"border-top: 1px solid #000000;border-bottom: 2px solid #000000;border-left: 2px solid #000000;border-right: 1px solid #000000\" height=\"18\" align=\"left\" valign=\"bottom\" bgcolor=\"#E2EFD9\"><font color=\"#000000\">5<\/font><\/td>\n<td style=\"border-top: 1px solid #000000;border-bottom: 2px solid #000000;border-left: 1px solid #000000;border-right: 1px solid #000000\" align=\"center\" valign=\"middle\"><font color=\"#000000\">5296<\/font><\/td>\n<td style=\"border-top: 1px solid #000000;border-bottom: 2px solid #000000;border-left: 1px solid #000000;border-right: 1px solid #000000\" align=\"left\" valign=\"bottom\"><font color=\"#000000\">PRODU\u00c7\u00c3O DE RECURSO DID\u00c1TICO-PEDAG\u00d3GICO \u2013 LIVRO: FOLHAS SAGRADAS DOS ESPA\u00c7OS VERDES DA UNIVERSIDADE FEDERAL RURAL DO RIO DE JANEIRO, CAMPUS DE SEROP\u00c9DICA, RIO DE JANEIRO<\/font><\/td>\n<td style=\"border-top: 1px solid #000000;border-bottom: 2px solid #000000;border-left: 1px solid #000000;border-right: 1px solid #000000\" align=\"left\" valign=\"bottom\"><font color=\"#000000\">Deborah Terezinha Concei\u00e7\u00e3o<\/font><\/td>\n<\/tr>\n<\/table>\n","protected":false},"excerpt":{"rendered":"<p>Audit\u00f3rio Hilton Salles (P1) &#8211; Sexta-feira (27\/09\/2019) &#8211; 09:00 &#8211; 12:00 h ID da Entrada T\u00edtulo Graduando 1 4988 CLONAGEM <a class=\"read-more\" href=\"https:\/\/eventos.ufrrj.br\/raic\/multidisciplinar-apresentacoes-orais\/ \">&#8230; leia mais<\/a><\/p>\n","protected":false},"author":7,"featured_media":0,"parent":0,"menu_order":0,"comment_status":"closed","ping_status":"closed","template":"","meta":{"_acf_changed":false,"ngg_post_thumbnail":0,"footnotes":""},"class_list":["post-2986","page","type-page","status-publish","hentry"],"acf":[],"_links":{"self":[{"href":"https:\/\/eventos.ufrrj.br\/raic\/wp-json\/wp\/v2\/pages\/2986","targetHints":{"allow":["GET"]}}],"collection":[{"href":"https:\/\/eventos.ufrrj.br\/raic\/wp-json\/wp\/v2\/pages"}],"about":[{"href":"https:\/\/eventos.ufrrj.br\/raic\/wp-json\/wp\/v2\/types\/page"}],"author":[{"embeddable":true,"href":"https:\/\/eventos.ufrrj.br\/raic\/wp-json\/wp\/v2\/users\/7"}],"replies":[{"embeddable":true,"href":"https:\/\/eventos.ufrrj.br\/raic\/wp-json\/wp\/v2\/comments?post=2986"}],"version-history":[{"count":2,"href":"https:\/\/eventos.ufrrj.br\/raic\/wp-json\/wp\/v2\/pages\/2986\/revisions"}],"predecessor-version":[{"id":3056,"href":"https:\/\/eventos.ufrrj.br\/raic\/wp-json\/wp\/v2\/pages\/2986\/revisions\/3056"}],"wp:attachment":[{"href":"https:\/\/eventos.ufrrj.br\/raic\/wp-json\/wp\/v2\/media?parent=2986"}],"curies":[{"name":"wp","href":"https:\/\/api.w.org\/{rel}","templated":true}]}}