{"id":2967,"date":"2019-09-13T09:23:20","date_gmt":"2019-09-13T12:23:20","guid":{"rendered":"http:\/\/eventos.ufrrj.br\/raic\/?page_id=2967"},"modified":"2019-09-13T09:23:20","modified_gmt":"2019-09-13T12:23:20","slug":"ciencias-biologicas-e-da-saude-apresentacoes-orais","status":"publish","type":"page","link":"https:\/\/eventos.ufrrj.br\/raic\/ciencias-biologicas-e-da-saude-apresentacoes-orais\/","title":{"rendered":"Ci\u00eancias Biol\u00f3gicas e da S\u00e1ude &#8211; Apresenta\u00e7\u00f5es Orais"},"content":{"rendered":"<table cellspacing=\"0\" border=\"0\">\n<colgroup width=\"65\"><\/colgroup>\n<colgroup width=\"131\"><\/colgroup>\n<colgroup width=\"1318\"><\/colgroup>\n<colgroup width=\"267\"><\/colgroup>\n<colgroup width=\"304\"><\/colgroup>\n<tbody>\n<tr>\n<td style=\"border: 2px solid #000000\" colspan=\"5\" valign=\"bottom\" height=\"25\" bgcolor=\"#E2EFD9\" align=\"center\"><b><span style=\"color: #000000;font-size: large\"> Ci\u00eancias Biol\u00f3gicas &#8211; Audit\u00f3rio Biblioteca Central &#8211; Ter\u00e7a-feira (24\/09\/2019) &#8211; 09:00-12:00<\/span><\/b><\/td>\n<\/tr>\n<tr>\n<td style=\"border-left: 2px solid #000000;border-right: 1px solid #000000\" valign=\"middle\" height=\"21\" bgcolor=\"#E2EFD9\" align=\"center\"><b><span style=\"color: #000000;font-size: medium\">&nbsp;<\/span><\/b><\/td>\n<td style=\"border-left: 1px solid #000000;border-right: 1px solid #000000\" valign=\"middle\" align=\"center\"><b><span style=\"color: #000000;font-size: medium\">ID da Entrada<\/span><\/b><\/td>\n<td style=\"border-left: 1px solid #000000;border-right: 1px solid #000000\" valign=\"middle\" align=\"center\"><b><span style=\"color: #000000;font-size: medium\">T\u00edtulo<\/span><\/b><\/td>\n<td style=\"border-left: 1px solid #000000;border-right: 1px solid #000000\" valign=\"middle\" align=\"center\"><b><span style=\"color: #000000;font-size: medium\">Graduando<\/span><\/b><\/td>\n<td style=\"border-bottom: 1px solid #000000;border-left: 1px solid #000000;border-right: 2px solid #000000\" valign=\"middle\" align=\"center\"><b><span style=\"color: #000000;font-size: medium\">Forma de apresenta\u00e7\u00e3o <\/span><\/b><\/td>\n<\/tr>\n<tr>\n<td style=\"border-top: 1px solid #000000;border-bottom: 1px solid #000000;border-left: 2px solid #000000\" valign=\"bottom\" height=\"19\" bgcolor=\"#E2EFD9\" align=\"left\"><span style=\"color: #000000\">1<\/span><\/td>\n<td style=\"border: 1px solid #000000\" valign=\"bottom\" align=\"center\"><span style=\"color: #000000\">4639<\/span><\/td>\n<td style=\"border: 1px solid #000000\" valign=\"bottom\" align=\"left\"><span style=\"color: #000000\">Diversidade e distribui\u00e7\u00e3o de bri\u00f3fitas ao longo de uma cronosequ\u00eancia p\u00f3s-fogo em campos de altitude<\/span><\/td>\n<td style=\"border: 1px solid #000000\" valign=\"bottom\" align=\"left\"><span style=\"color: #000000\">Mayara Bernardino Wienskoski<\/span><\/td>\n<td style=\"border-top: 1px solid #000000;border-bottom: 1px solid #000000;border-right: 2px solid #000000\" valign=\"middle\" align=\"center\"><span style=\"color: #000000\">Oral<\/span><\/td>\n<\/tr>\n<tr>\n<td style=\"border-top: 1px solid #000000;border-bottom: 1px solid #000000;border-left: 2px solid #000000\" valign=\"bottom\" height=\"19\" bgcolor=\"#E2EFD9\" align=\"left\"><span style=\"color: #000000\">2<\/span><\/td>\n<td style=\"border: 1px solid #000000\" valign=\"bottom\" align=\"center\"><span style=\"color: #000000\">5117<\/span><\/td>\n<td style=\"border: 1px solid #000000\" valign=\"bottom\" align=\"left\"><span style=\"color: #000000\">DEPLE\u00c7\u00c3O DE S\u00d3DIO CORPORAL AGUDA INDUZIDA PELA MOBILIZA\u00c7\u00c3O DE S\u00d3DIO DA PELE EM RATAS WISTAR<\/span><\/td>\n<td style=\"border: 1px solid #000000\" valign=\"bottom\" align=\"left\"><span style=\"color: #000000\">Carolina de Pontes Barbosa<\/span><\/td>\n<td style=\"border-top: 1px solid #000000;border-bottom: 1px solid #000000;border-right: 2px solid #000000\" valign=\"middle\" align=\"center\"><span style=\"color: #000000\">Oral<\/span><\/td>\n<\/tr>\n<tr>\n<td style=\"border-top: 1px solid #000000;border-bottom: 1px solid #000000;border-left: 2px solid #000000\" valign=\"bottom\" height=\"19\" bgcolor=\"#E2EFD9\" align=\"left\"><span style=\"color: #000000\">3<\/span><\/td>\n<td style=\"border: 1px solid #000000\" valign=\"bottom\" align=\"center\"><span style=\"color: #000000\">5103<\/span><\/td>\n<td style=\"border: 1px solid #000000\" valign=\"bottom\" align=\"left\"><span style=\"color: #000000\">INFLU\u00caNCIA DE ESP\u00c9CIES DE \u00c1RVORES UTILIZADAS EM REFLORESTAMENTOS SOBRE A COMPOSI\u00c7\u00c3O DE ESP\u00c9CIES DE FORMIGAS (Hymenoptera: Formicidae)<\/span><\/td>\n<td style=\"border: 1px solid #000000\" valign=\"bottom\" align=\"left\"><span style=\"color: #000000\">Eder Cleyton Barbosa de Fran\u00e7a<\/span><\/td>\n<td style=\"border-top: 1px solid #000000;border-bottom: 1px solid #000000;border-right: 2px solid #000000\" valign=\"middle\" align=\"center\"><span style=\"color: #000000\">Oral<\/span><\/td>\n<\/tr>\n<tr>\n<td style=\"border-top: 1px solid #000000;border-bottom: 1px solid #000000;border-left: 2px solid #000000\" valign=\"bottom\" height=\"19\" bgcolor=\"#E2EFD9\" align=\"left\"><span style=\"color: #000000\">4<\/span><\/td>\n<td style=\"border: 1px solid #000000\" valign=\"bottom\" align=\"center\"><span style=\"color: #000000\">4685<\/span><\/td>\n<td style=\"border: 1px solid #000000\" valign=\"bottom\" align=\"left\"><span style=\"color: #000000\">A fam\u00edlia Malvaceae Juss. no Parque Natural Municipal do Curi\u00f3, Paracambi, RJ<\/span><\/td>\n<td style=\"border: 1px solid #000000\" valign=\"bottom\" align=\"left\"><span style=\"color: #000000\">Luan Dib Lopes<\/span><\/td>\n<td style=\"border-top: 1px solid #000000;border-bottom: 1px solid #000000;border-right: 2px solid #000000\" valign=\"middle\" align=\"center\"><span style=\"color: #000000\">Oral<\/span><\/td>\n<\/tr>\n<tr>\n<td style=\"border-bottom: 1px solid #000000;border-left: 2px solid #000000\" valign=\"bottom\" height=\"19\" bgcolor=\"#E2EFD9\" align=\"left\"><span style=\"color: #000000\">5<\/span><\/td>\n<td style=\"border: 1px solid #000000\" valign=\"bottom\" align=\"center\"><span style=\"color: #000000\">4810<\/span><\/td>\n<td style=\"border: 1px solid #000000\" valign=\"bottom\" align=\"left\"><span style=\"color: #000000\">TESTANDO OS EFEITOS DA EXCLUS\u00c3O COMPETITIVA DE ESP\u00c9CIES INVASORAS SOBRE ESP\u00c9CIES NATIVAS: UMA ABORDAGEM EXPERIMENTAL<\/span><\/td>\n<td style=\"border: 1px solid #000000\" valign=\"bottom\" align=\"left\"><span style=\"color: #000000\">Gabriel Cau\u00e3 Leite Trindade<\/span><\/td>\n<td style=\"border-top: 1px solid #000000;border-bottom: 1px solid #000000;border-right: 2px solid #000000\" valign=\"middle\" align=\"center\"><span style=\"color: #000000\">Oral<\/span><\/td>\n<\/tr>\n<tr>\n<td style=\"border-top: 1px solid #000000;border-bottom: 1px solid #000000;border-left: 2px solid #000000\" valign=\"bottom\" height=\"19\" bgcolor=\"#E2EFD9\" align=\"left\"><span style=\"color: #000000\">6<\/span><\/td>\n<td style=\"border: 1px solid #000000\" valign=\"bottom\" align=\"center\"><span style=\"color: #000000\">5145<\/span><\/td>\n<td style=\"border: 1px solid #000000\" valign=\"bottom\" align=\"left\"><span style=\"color: #000000\">Compara\u00e7\u00e3o entre os efeitos da reposi\u00e7\u00e3o com tiroxina e a terapia combinada (tiroxina + liotironina) nas altera\u00e7\u00f5es comportamentais e no perfil lip\u00eddico induzidas pelo hipotireoidismo em ratos.<\/span><\/td>\n<td style=\"border: 1px solid #000000\" valign=\"bottom\" align=\"left\"><span style=\"color: #000000\">MAGALH\u00c3ES, Amanda Teixeira<\/span><\/td>\n<td style=\"border-top: 1px solid #000000;border-bottom: 1px solid #000000;border-right: 2px solid #000000\" valign=\"middle\" align=\"center\"><span style=\"color: #000000\">Oral<\/span><\/td>\n<\/tr>\n<tr>\n<td style=\"border-top: 1px solid #000000;border-bottom: 1px solid #000000;border-left: 2px solid #000000\" valign=\"bottom\" height=\"19\" bgcolor=\"#E2EFD9\" align=\"left\"><span style=\"color: #000000\">7<\/span><\/td>\n<td style=\"border: 1px solid #000000\" valign=\"bottom\" align=\"center\"><span style=\"color: #000000\">4883<\/span><\/td>\n<td style=\"border: 1px solid #000000\" valign=\"bottom\" align=\"left\"><span style=\"color: #000000\">DESENVOLVIMENTO DE APLICATIVO M\u00d3VEL ANDROID DE ANATOMIA ANIMAL<\/span><\/td>\n<td style=\"border: 1px solid #000000\" valign=\"bottom\" align=\"left\"><span style=\"color: #000000\">Jeferson Manoel Teixeira<\/span><\/td>\n<td style=\"border-top: 1px solid #000000;border-bottom: 1px solid #000000;border-right: 2px solid #000000\" valign=\"middle\" align=\"center\"><span style=\"color: #000000\">Oral<\/span><\/td>\n<\/tr>\n<tr>\n<td style=\"border-top: 1px solid #000000;border-bottom: 1px solid #000000;border-left: 2px solid #000000\" valign=\"bottom\" height=\"19\" bgcolor=\"#E2EFD9\" align=\"left\"><span style=\"color: #000000\">8<\/span><\/td>\n<td style=\"border: 1px solid #000000\" valign=\"bottom\" align=\"center\"><span style=\"color: #000000\">5365<\/span><\/td>\n<td style=\"border: 1px solid #000000\" valign=\"bottom\" align=\"left\"><span style=\"color: #000000\">O TREINAMENTO DE FOR\u00c7A PROMOVE EFEITO ANSIOL\u00cdTICO E MELHORA A AQUISI\u00c7\u00c3O DE MEM\u00d3RIA EM RATOS WISTAR<\/span><\/td>\n<td style=\"border: 1px solid #000000\" valign=\"bottom\" align=\"left\"><span style=\"color: #000000\">Lucas Monteiro de Carvalho<\/span><\/td>\n<td style=\"border-top: 1px solid #000000;border-bottom: 1px solid #000000;border-right: 2px solid #000000\" valign=\"middle\" align=\"center\"><span style=\"color: #000000\">Oral<\/span><\/td>\n<\/tr>\n<tr>\n<td style=\"border-top: 1px solid #000000;border-bottom: 1px solid #000000;border-left: 2px solid #000000\" valign=\"bottom\" height=\"19\" bgcolor=\"#E2EFD9\" align=\"left\"><span style=\"color: #000000\">9<\/span><\/td>\n<td style=\"border: 1px solid #000000\" valign=\"bottom\" align=\"center\"><span style=\"color: #000000\">5253<\/span><\/td>\n<td style=\"border: 1px solid #000000\" valign=\"bottom\" align=\"left\"><span style=\"color: #000000\">DECOMPOSI\u00c7\u00c3O DA SERRAPILHEIRA DE TR\u00caS ESP\u00c9CIES ARB\u00d3REAS: DIFERENCIANDO CARACTER\u00cdSTICAS DAS FOLHAS E DO AMBIENTE<\/span><\/td>\n<td style=\"border: 1px solid #000000\" valign=\"bottom\" align=\"left\"><span style=\"color: #000000\">Leonidas Vidigueira Ferreira Rocha<\/span><\/td>\n<td style=\"border-top: 1px solid #000000;border-bottom: 1px solid #000000;border-right: 2px solid #000000\" valign=\"middle\" align=\"center\"><span style=\"color: #000000\">Oral<\/span><\/td>\n<\/tr>\n<tr>\n<td style=\"border-top: 1px solid #000000;border-bottom: 2px solid #000000;border-left: 2px solid #000000\" valign=\"bottom\" height=\"20\" bgcolor=\"#E2EFD9\" align=\"left\"><span style=\"color: #000000\">10<\/span><\/td>\n<td style=\"border-top: 1px solid #000000;border-bottom: 2px solid #000000;border-left: 1px solid #000000;border-right: 1px solid #000000\" valign=\"bottom\" align=\"center\"><span style=\"color: #000000\">5419<\/span><\/td>\n<td style=\"border-top: 1px solid #000000;border-bottom: 2px solid #000000;border-left: 1px solid #000000;border-right: 1px solid #000000\" valign=\"bottom\" align=\"left\"><span style=\"color: #000000\">O EXERC\u00cdCIO F\u00cdSICO RESISTIDO N\u00c3O ALTERA A REGULA\u00c7\u00c3O AUTON\u00d4MICA CARD\u00cdACA DE RATOS WISTAR<\/span><\/td>\n<td style=\"border-top: 1px solid #000000;border-bottom: 2px solid #000000;border-left: 1px solid #000000;border-right: 1px solid #000000\" valign=\"bottom\" align=\"left\"><span style=\"color: #000000\">Victor Hugo Cerqueira C\u00f4rtes<\/span><\/td>\n<td style=\"border-top: 1px solid #000000;border-bottom: 2px solid #000000;border-right: 2px solid #000000\" valign=\"middle\" align=\"center\"><span style=\"color: #000000\">Oral<\/span><\/td>\n<\/tr>\n<tr>\n<td valign=\"bottom\" height=\"21\" align=\"left\"><span style=\"color: #000000\">&nbsp;<\/span><\/td>\n<td valign=\"bottom\" align=\"left\"><span style=\"color: #000000\">&nbsp;<\/span><\/td>\n<td valign=\"bottom\" align=\"left\"><span style=\"color: #000000\">&nbsp;<\/span><\/td>\n<td valign=\"bottom\" align=\"left\"><span style=\"color: #000000\">&nbsp;<\/span><\/td>\n<td valign=\"bottom\" align=\"left\"><span style=\"color: #000000\">&nbsp;<\/span><\/td>\n<\/tr>\n<tr>\n<td style=\"border: 2px solid #000000\" colspan=\"5\" valign=\"bottom\" height=\"25\" bgcolor=\"#E2EFD9\" align=\"center\"><b><span style=\"color: #000000;font-size: large\"> Ci\u00eancias da Sa\u00fade &#8211; Sala Multim\u00eddia da Biblioteca Central &#8211; Quarta-feira (25\/09\/2019) &#8211; 09:00-12:00<\/span><\/b><\/td>\n<\/tr>\n<tr>\n<td style=\"border-left: 2px solid #000000;border-right: 1px solid #000000\" valign=\"middle\" height=\"21\" bgcolor=\"#E2EFD9\" align=\"center\"><b><span style=\"color: #000000;font-size: medium\">&nbsp;<\/span><\/b><\/td>\n<td style=\"border-left: 1px solid #000000;border-right: 1px solid #000000\" valign=\"middle\" align=\"center\"><b><span style=\"color: #000000;font-size: medium\">ID da Entrada<\/span><\/b><\/td>\n<td style=\"border-left: 1px solid #000000;border-right: 1px solid #000000\" valign=\"middle\" align=\"center\"><b><span style=\"color: #000000;font-size: medium\">T\u00edtulo<\/span><\/b><\/td>\n<td style=\"border-left: 1px solid #000000;border-right: 1px solid #000000\" valign=\"middle\" align=\"center\"><b><span style=\"color: #000000;font-size: medium\">Graduando<\/span><\/b><\/td>\n<td style=\"border-bottom: 1px solid #000000;border-left: 1px solid #000000;border-right: 2px solid #000000\" valign=\"middle\" align=\"center\"><b><span style=\"color: #000000;font-size: medium\">Forma de apresenta\u00e7\u00e3o<\/span><\/b><\/td>\n<\/tr>\n<tr>\n<td style=\"border-top: 1px solid #000000;border-bottom: 1px solid #000000;border-left: 2px solid #000000\" valign=\"bottom\" height=\"21\" bgcolor=\"#E2EFD9\" align=\"left\"><span style=\"color: #000000\">1<\/span><\/td>\n<td style=\"border: 1px solid #000000\" valign=\"bottom\" align=\"center\">5045<\/td>\n<td style=\"border: 1px solid #000000\" valign=\"bottom\" align=\"left\">FERRAMENTAS DE DIVERTIMENTO NO RIO DE JANEIRO NO FINAL DO S\u00c9CULO XIX<\/td>\n<td style=\"border: 1px solid #000000\" valign=\"bottom\" align=\"left\">Yuri Santos de Menez<\/td>\n<td style=\"border-top: 1px solid #000000;border-bottom: 1px solid #000000;border-right: 2px solid #000000\" valign=\"middle\" align=\"center\"><span style=\"color: #000000\">Oral<\/span><\/td>\n<\/tr>\n<tr>\n<td style=\"border-top: 1px solid #000000;border-bottom: 1px solid #000000;border-left: 2px solid #000000\" valign=\"bottom\" height=\"21\" bgcolor=\"#E2EFD9\" align=\"left\"><span style=\"color: #000000\">2<\/span><\/td>\n<td style=\"border: 1px solid #000000\" valign=\"bottom\" align=\"center\">5006<\/td>\n<td style=\"border: 1px solid #000000\" valign=\"bottom\" align=\"left\">EFEITOS DO TREINAMENTO DE FOR\u00c7A SOBRE A FUN\u00c7\u00c3O MANUAL E DEPRESS\u00c3O DE IDOSOS<\/td>\n<td style=\"border: 1px solid #000000\" valign=\"bottom\" align=\"left\">Beatriz dos Santos Valois<\/td>\n<td style=\"border-top: 1px solid #000000;border-bottom: 1px solid #000000;border-right: 2px solid #000000\" valign=\"middle\" align=\"center\"><span style=\"color: #000000\">Oral<\/span><\/td>\n<\/tr>\n<tr>\n<td style=\"border-top: 1px solid #000000;border-bottom: 1px solid #000000;border-left: 2px solid #000000\" valign=\"bottom\" height=\"21\" bgcolor=\"#E2EFD9\" align=\"left\"><span style=\"color: #000000\">3<\/span><\/td>\n<td style=\"border: 1px solid #000000\" valign=\"bottom\" align=\"center\">5202<\/td>\n<td style=\"border: 1px solid #000000\" valign=\"bottom\" align=\"left\">EQUOTERAPIA: UMA PR\u00c1TICA DE INSER\u00c7\u00c3O SOCIAL PARA ALUNOS-PRATICANTES COM TRANSTORNO DO ESPECTRO AUTISTA<\/td>\n<td style=\"border: 1px solid #000000\" valign=\"bottom\" align=\"left\">Marcelle Cabral Volpasso<\/td>\n<td style=\"border-top: 1px solid #000000;border-bottom: 1px solid #000000;border-right: 2px solid #000000\" valign=\"middle\" align=\"center\"><span style=\"color: #000000\">Oral<\/span><\/td>\n<\/tr>\n<tr>\n<td style=\"border-top: 1px solid #000000;border-bottom: 1px solid #000000;border-left: 2px solid #000000\" valign=\"bottom\" height=\"21\" bgcolor=\"#E2EFD9\" align=\"left\"><span style=\"color: #000000\">4<\/span><\/td>\n<td style=\"border: 1px solid #000000\" valign=\"bottom\" align=\"center\">5201<\/td>\n<td style=\"border: 1px solid #000000\" valign=\"bottom\" align=\"left\">A INFLU\u00caNCIA DOS DIFERENTES VOLUMES DE ALONGAMENTO SOBRE A FUN\u00c7\u00c3O MANUAL EM MULHERES DESTREINADAS: UM ESTUDO PILOTO<\/td>\n<td style=\"border: 1px solid #000000\" valign=\"bottom\" align=\"left\">Kleverson Francisco Rocha de Souza<\/td>\n<td style=\"border-top: 1px solid #000000;border-bottom: 1px solid #000000;border-right: 2px solid #000000\" valign=\"middle\" align=\"center\"><span style=\"color: #000000\">Oral<\/span><\/td>\n<\/tr>\n<tr>\n<td style=\"border-bottom: 1px solid #000000;border-left: 2px solid #000000\" valign=\"bottom\" height=\"21\" bgcolor=\"#E2EFD9\" align=\"left\"><span style=\"color: #000000\">5<\/span><\/td>\n<td style=\"border: 1px solid #000000\" valign=\"bottom\" align=\"center\">4892<\/td>\n<td style=\"border: 1px solid #000000\" valign=\"bottom\" align=\"left\">ELDAF: RELEVANCIA DO LOCAL DE MORADIA E FREQUENCIA DE ATIVIDADE FISICA EM TRABALHADORES TERCEIRIZADOS<\/td>\n<td style=\"border: 1px solid #000000\" valign=\"bottom\" align=\"left\">Nathan Ribeiro de Oliveira<\/td>\n<td style=\"border-top: 1px solid #000000;border-bottom: 1px solid #000000;border-right: 2px solid #000000\" valign=\"middle\" align=\"center\"><span style=\"color: #000000\">Oral<\/span><\/td>\n<\/tr>\n<tr>\n<td style=\"border-top: 1px solid #000000;border-bottom: 1px solid #000000;border-left: 2px solid #000000\" valign=\"bottom\" height=\"21\" bgcolor=\"#E2EFD9\" align=\"left\"><span style=\"color: #000000\">6<\/span><\/td>\n<td style=\"border: 1px solid #000000\" valign=\"bottom\" align=\"center\">5236<\/td>\n<td style=\"border: 1px solid #000000\" valign=\"bottom\" align=\"left\">INTERFER\u00caNCIA DO ALONGAMENTO SOBRE A INSTABILIDADE POSTURAL, O N\u00daMERO DE INVALIDA\u00c7\u00d5ES E SUA RELA\u00c7\u00c3O COM E RISCO DE LES\u00c3O NO Y BALANCE TEST<\/td>\n<td style=\"border: 1px solid #000000\" valign=\"bottom\" align=\"left\">Isabelle de souza costa<\/td>\n<td style=\"border-top: 1px solid #000000;border-bottom: 1px solid #000000;border-right: 2px solid #000000\" valign=\"middle\" align=\"center\"><span style=\"color: #000000\">Oral<\/span><\/td>\n<\/tr>\n<tr>\n<td style=\"border-top: 1px solid #000000;border-bottom: 1px solid #000000;border-left: 2px solid #000000\" valign=\"bottom\" height=\"21\" bgcolor=\"#E2EFD9\" align=\"left\"><span style=\"color: #000000\">7<\/span><\/td>\n<td style=\"border: 1px solid #000000\" valign=\"bottom\" align=\"center\">5450<\/td>\n<td style=\"border: 1px solid #000000\" valign=\"bottom\" align=\"left\">A INFLU\u00caNCIA DOS DIFERENTES VOLUMES DE ALONGAMENTO SOBRE A FUN\u00c7\u00c3O MANUAL EM MULHERES DESTREINADAS: UM ESTUDO PILOTO<\/td>\n<td style=\"border: 1px solid #000000\" valign=\"bottom\" align=\"left\">Kleverson Francisco Rocha de Souza<\/td>\n<td style=\"border-top: 1px solid #000000;border-bottom: 1px solid #000000;border-right: 2px solid #000000\" valign=\"middle\" align=\"center\"><span style=\"color: #000000\">Oral<\/span><\/td>\n<\/tr>\n<tr>\n<td style=\"border-top: 1px solid #000000;border-bottom: 2px solid #000000;border-left: 2px solid #000000\" valign=\"bottom\" height=\"21\" bgcolor=\"#E2EFD9\" align=\"left\"><span style=\"color: #000000\">8<\/span><\/td>\n<td style=\"border-top: 1px solid #000000;border-bottom: 2px solid #000000;border-left: 1px solid #000000;border-right: 1px solid #000000\" valign=\"bottom\" align=\"center\">5437<\/td>\n<td style=\"border-top: 1px solid #000000;border-bottom: 2px solid #000000;border-left: 1px solid #000000;border-right: 1px solid #000000\" valign=\"bottom\" align=\"left\">INFLU\u00caNCIA PSICOFISIOL\u00d3GICA DA M\u00daSICA SOBRPIE3152-2018E AS RESPOSTAS CARDIOVASCULARES E AUTON\u00d4MICAS PR\u00c9 E P\u00d3S-EXERC\u00cdCIO DE ALTA INTENSIDADE<\/td>\n<td style=\"border-top: 1px solid #000000;border-bottom: 2px solid #000000;border-left: 1px solid #000000;border-right: 1px solid #000000\" valign=\"bottom\" align=\"left\">Caio do Nascimento Lima<\/td>\n<td style=\"border-top: 1px solid #000000;border-bottom: 2px solid #000000;border-right: 2px solid #000000\" valign=\"middle\" align=\"center\"><span style=\"color: #000000\">Oral<\/span><\/td>\n<\/tr>\n<\/tbody>\n<\/table>\n","protected":false},"excerpt":{"rendered":"<p>Ci\u00eancias Biol\u00f3gicas &#8211; Audit\u00f3rio Biblioteca Central &#8211; Ter\u00e7a-feira (24\/09\/2019) &#8211; 09:00-12:00 &nbsp; ID da Entrada T\u00edtulo Graduando Forma de apresenta\u00e7\u00e3o <a class=\"read-more\" href=\"https:\/\/eventos.ufrrj.br\/raic\/ciencias-biologicas-e-da-saude-apresentacoes-orais\/ \">&#8230; leia mais<\/a><\/p>\n","protected":false},"author":7,"featured_media":0,"parent":0,"menu_order":0,"comment_status":"closed","ping_status":"closed","template":"","meta":{"_acf_changed":false,"ngg_post_thumbnail":0,"footnotes":""},"class_list":["post-2967","page","type-page","status-publish","hentry"],"acf":[],"_links":{"self":[{"href":"https:\/\/eventos.ufrrj.br\/raic\/wp-json\/wp\/v2\/pages\/2967","targetHints":{"allow":["GET"]}}],"collection":[{"href":"https:\/\/eventos.ufrrj.br\/raic\/wp-json\/wp\/v2\/pages"}],"about":[{"href":"https:\/\/eventos.ufrrj.br\/raic\/wp-json\/wp\/v2\/types\/page"}],"author":[{"embeddable":true,"href":"https:\/\/eventos.ufrrj.br\/raic\/wp-json\/wp\/v2\/users\/7"}],"replies":[{"embeddable":true,"href":"https:\/\/eventos.ufrrj.br\/raic\/wp-json\/wp\/v2\/comments?post=2967"}],"version-history":[{"count":1,"href":"https:\/\/eventos.ufrrj.br\/raic\/wp-json\/wp\/v2\/pages\/2967\/revisions"}],"predecessor-version":[{"id":2968,"href":"https:\/\/eventos.ufrrj.br\/raic\/wp-json\/wp\/v2\/pages\/2967\/revisions\/2968"}],"wp:attachment":[{"href":"https:\/\/eventos.ufrrj.br\/raic\/wp-json\/wp\/v2\/media?parent=2967"}],"curies":[{"name":"wp","href":"https:\/\/api.w.org\/{rel}","templated":true}]}}