{"id":2642,"date":"2018-04-01T12:15:25","date_gmt":"2018-04-01T15:15:25","guid":{"rendered":"http:\/\/eventos.ufrrj.br\/raic\/?page_id=2642"},"modified":"2018-04-01T12:48:04","modified_gmt":"2018-04-01T15:48:04","slug":"v-raic-2017","status":"publish","type":"page","link":"https:\/\/eventos.ufrrj.br\/raic\/v-raic-2017\/","title":{"rendered":"V RAIC 2017"},"content":{"rendered":"<p>Em manuten\u00e7\u00e3o. Publica\u00e7\u00e3o de Anais da V RAIC 2017 em breve. Aguardem!<\/p>\n","protected":false},"excerpt":{"rendered":"<p>Em manuten\u00e7\u00e3o. Publica\u00e7\u00e3o de Anais da V RAIC 2017 em breve. Aguardem!<\/p>\n","protected":false},"author":7,"featured_media":0,"parent":0,"menu_order":0,"comment_status":"closed","ping_status":"closed","template":"","meta":{"_acf_changed":false,"ngg_post_thumbnail":0,"footnotes":""},"class_list":["post-2642","page","type-page","status-publish","hentry"],"acf":[],"_links":{"self":[{"href":"https:\/\/eventos.ufrrj.br\/raic\/wp-json\/wp\/v2\/pages\/2642","targetHints":{"allow":["GET"]}}],"collection":[{"href":"https:\/\/eventos.ufrrj.br\/raic\/wp-json\/wp\/v2\/pages"}],"about":[{"href":"https:\/\/eventos.ufrrj.br\/raic\/wp-json\/wp\/v2\/types\/page"}],"author":[{"embeddable":true,"href":"https:\/\/eventos.ufrrj.br\/raic\/wp-json\/wp\/v2\/users\/7"}],"replies":[{"embeddable":true,"href":"https:\/\/eventos.ufrrj.br\/raic\/wp-json\/wp\/v2\/comments?post=2642"}],"version-history":[{"count":3,"href":"https:\/\/eventos.ufrrj.br\/raic\/wp-json\/wp\/v2\/pages\/2642\/revisions"}],"predecessor-version":[{"id":2652,"href":"https:\/\/eventos.ufrrj.br\/raic\/wp-json\/wp\/v2\/pages\/2642\/revisions\/2652"}],"wp:attachment":[{"href":"https:\/\/eventos.ufrrj.br\/raic\/wp-json\/wp\/v2\/media?parent=2642"}],"curies":[{"name":"wp","href":"https:\/\/api.w.org\/{rel}","templated":true}]}}