{"id":90,"date":"2016-03-10T17:11:44","date_gmt":"2016-03-10T17:11:44","guid":{"rendered":"http:\/\/eventos.ufrrj.br\/psicologia\/?page_id=90"},"modified":"2016-03-15T16:49:27","modified_gmt":"2016-03-15T19:49:27","slug":"home","status":"publish","type":"page","link":"https:\/\/eventos.ufrrj.br\/psicologia\/","title":{"rendered":"Home"},"content":{"rendered":"<p><a href=\"http:\/\/eventos.ufrrj.br\/psicologia\/files\/2016\/03\/ufrrj.jpg\"><img loading=\"lazy\" decoding=\"async\" class=\"alignnone wp-image-138 size-full\" src=\"http:\/\/eventos.ufrrj.br\/psicologia\/files\/2016\/03\/ufrrj.jpg\" alt=\"[cml_media_alt id='138']ufrrj[\/cml_media_alt]\" width=\"1265\" height=\"550\" srcset=\"https:\/\/eventos.ufrrj.br\/psicologia\/files\/2016\/03\/ufrrj.jpg 1265w, https:\/\/eventos.ufrrj.br\/psicologia\/files\/2016\/03\/ufrrj-300x130.jpg 300w, https:\/\/eventos.ufrrj.br\/psicologia\/files\/2016\/03\/ufrrj-1024x445.jpg 1024w\" sizes=\"auto, (max-width: 1265px) 100vw, 1265px\" \/><\/a><\/p>\n<p>&nbsp;<\/p>\n<p>&nbsp;<\/p>\n<p style=\"text-align: center\">A <strong>Universidade Federal Rural do Rio de Janeiro<\/strong> (<strong>UFRRJ<\/strong>) \u00e9 uma <a href=\"https:\/\/pt.wikipedia.org\/wiki\/Universidade_federal\">universidade federal<\/a> brasileira localizada no munic\u00edpio de <a href=\"https:\/\/pt.wikipedia.org\/wiki\/Serop%C3%A9dica\">Serop\u00e9dica<\/a>, no km 7 da <a href=\"https:\/\/pt.wikipedia.org\/wiki\/BR-465\">BR-465<\/a>, no <a href=\"https:\/\/pt.wikipedia.org\/wiki\/Rio_de_Janeiro\">Rio de Janeiro<\/a>. A sede da institui\u00e7\u00e3o possui um dos maiores campus da <a href=\"https:\/\/pt.wikipedia.org\/wiki\/Am%C3%A9rica_Latina\">Am\u00e9rica Latina<\/a>, com aproximadamente 3.024 <a href=\"https:\/\/pt.wikipedia.org\/wiki\/Hectare\">hectares<\/a> e um conjunto arquitet\u00f4nico de 131.346 metros quadrados de \u00e1rea constru\u00edda. Historicamente \u00e9 conhecida como Universidade Rural do Brasil, por ter estabelecido as bases do ensino agropecu\u00e1rio no pa\u00eds.\u00a0.<\/p>\n<p style=\"text-align: center\">A UFRRJ \u00e9 uma universidade multicampi e conta com mais de 40 cursos de gradua\u00e7\u00e3o, mais de 35 cursos de p\u00f3s-gradua\u00e7\u00e3o e quatro cursos t\u00e9cnicos no <a href=\"https:\/\/pt.wikipedia.org\/wiki\/Col%C3%A9gio_T%C3%A9cnico_da_UFRRJ\">Col\u00e9gio T\u00e9cnico da UFRRJ<\/a> (CTUR)<\/p>\n<div id=\"attachment_134\" style=\"width: 1155px\" class=\"wp-caption aligncenter\"><a href=\"http:\/\/eventos.ufrrj.br\/psicologia\/files\/2016\/03\/flona2-e1457997679334.jpg\"><img loading=\"lazy\" decoding=\"async\" aria-describedby=\"caption-attachment-134\" class=\"wp-image-134 \" src=\"http:\/\/eventos.ufrrj.br\/psicologia\/files\/2016\/03\/flona2-1024x576.jpg\" alt=\"[cml_media_alt id='134']Serop\u00e9dica[\/cml_media_alt]\" width=\"1145\" height=\"644\" \/><\/a><p id=\"caption-attachment-134\" class=\"wp-caption-text\">Serop\u00e9dica<\/p><\/div>\n<p style=\"text-align: center\"><strong>Serop\u00e9dica<\/strong> \u00e9 um <a href=\"https:\/\/pt.wikipedia.org\/wiki\/Munic%C3%ADpios_do_Brasil\">munic\u00edpio<\/a> da <a href=\"https:\/\/pt.wikipedia.org\/wiki\/Microrregi%C3%A3o_de_Itagua%C3%AD\">Microrregi\u00e3o de Itagua\u00ed<\/a>, na <a href=\"https:\/\/pt.wikipedia.org\/wiki\/Mesorregi%C3%A3o_Metropolitana_do_Rio_de_Janeiro\">Mesorregi\u00e3o Metropolitana do Rio de Janeiro<\/a>, no <a href=\"https:\/\/pt.wikipedia.org\/wiki\/Unidades_federativas_do_Brasil\">estado<\/a> do Rio de Janeiro, no <a href=\"https:\/\/pt.wikipedia.org\/wiki\/Brasil\">Brasil<\/a>. Localiza-se a 50 quil\u00f4metros da capital do estado. Ocupa uma \u00e1rea de 283,794\u00a0km\u00b2, e sua popula\u00e7\u00e3o foi estimada no ano de 2011 em 79.183 habitantes pelo <a href=\"https:\/\/pt.wikipedia.org\/wiki\/Instituto_Brasileiro_de_Geografia_e_Estat%C3%ADstica\">Instituto Brasileiro de Geografia e Estat\u00edstica<\/a>, sendo, ent\u00e3o, o <a href=\"https:\/\/pt.wikipedia.org\/wiki\/Lista_de_munic%C3%ADpios_do_Rio_de_Janeiro_por_popula%C3%A7%C3%A3o\">31\u00ba mais populoso do estado<\/a> e o segundo mais populoso de sua microrregi\u00e3o. Faz divisa com os munic\u00edpios <a href=\"https:\/\/pt.wikipedia.org\/wiki\/Rio_de_Janeiro_%28cidade%29\">Rio de Janeiro<\/a>, <a href=\"https:\/\/pt.wikipedia.org\/wiki\/Nova_Igua%C3%A7u\">Nova Igua\u00e7u<\/a>, <a href=\"https:\/\/pt.wikipedia.org\/wiki\/Japeri\">Japer\u00ed<\/a>, <a href=\"https:\/\/pt.wikipedia.org\/wiki\/Queimados\">Queimados<\/a>, <a href=\"https:\/\/pt.wikipedia.org\/wiki\/Itagua%C3%AD\">Itagua\u00ed<\/a> e <a href=\"https:\/\/pt.wikipedia.org\/wiki\/Paracambi\">Paracamb\u00ed<\/a><\/p>\n<p style=\"text-align: center\">\n","protected":false},"excerpt":{"rendered":"<p>&nbsp; &nbsp; A Universidade Federal Rural do Rio de Janeiro (UFRRJ) \u00e9 uma universidade federal brasileira localizada no munic\u00edpio de <a class=\"read-more\" href=\"https:\/\/eventos.ufrrj.br\/psicologia\/ \">&#8230; <i class=\"fa fa-long-arrow-right\"><\/i><\/a><\/p>\n","protected":false},"author":1,"featured_media":0,"parent":0,"menu_order":0,"comment_status":"open","ping_status":"open","template":"","meta":{"footnotes":""},"class_list":["post-90","page","type-page","status-publish","hentry"],"_links":{"self":[{"href":"https:\/\/eventos.ufrrj.br\/psicologia\/wp-json\/wp\/v2\/pages\/90","targetHints":{"allow":["GET"]}}],"collection":[{"href":"https:\/\/eventos.ufrrj.br\/psicologia\/wp-json\/wp\/v2\/pages"}],"about":[{"href":"https:\/\/eventos.ufrrj.br\/psicologia\/wp-json\/wp\/v2\/types\/page"}],"author":[{"embeddable":true,"href":"https:\/\/eventos.ufrrj.br\/psicologia\/wp-json\/wp\/v2\/users\/1"}],"replies":[{"embeddable":true,"href":"https:\/\/eventos.ufrrj.br\/psicologia\/wp-json\/wp\/v2\/comments?post=90"}],"version-history":[{"count":8,"href":"https:\/\/eventos.ufrrj.br\/psicologia\/wp-json\/wp\/v2\/pages\/90\/revisions"}],"predecessor-version":[{"id":147,"href":"https:\/\/eventos.ufrrj.br\/psicologia\/wp-json\/wp\/v2\/pages\/90\/revisions\/147"}],"wp:attachment":[{"href":"https:\/\/eventos.ufrrj.br\/psicologia\/wp-json\/wp\/v2\/media?parent=90"}],"curies":[{"name":"wp","href":"https:\/\/api.w.org\/{rel}","templated":true}]}}