{"id":8,"date":"2016-02-18T16:30:02","date_gmt":"2016-02-18T16:30:02","guid":{"rendered":"http:\/\/eventos.ufrrj.br\/psicologia\/?page_id=8"},"modified":"2016-08-02T19:38:17","modified_gmt":"2016-08-02T22:38:17","slug":"normas-resumo","status":"publish","type":"page","link":"https:\/\/eventos.ufrrj.br\/psicologia\/normas-resumo\/","title":{"rendered":"Envio de trabalho"},"content":{"rendered":"<p>O per\u00edodo de inscri\u00e7\u00e3o de resumos\u00a0ser\u00e1\u00a0<strong>de 15 de mar\u00e7o de 2016 a 15 de agosto\u00a0de 2016.<\/strong><strong>\u00a0<\/strong>Os trabalhos poder\u00e3o ser apresentados nas seguintes modalidades: mesa redonda, comunica\u00e7\u00e3o oral em GT e p\u00f4ster. Cada participante poder\u00e1 ser autor em at\u00e9 dois trabalhos e co-autor em at\u00e9 quatro trabalhos. Cada trabalho dever\u00e1 ser submetido a um dos grupos de trabalho do congresso: 1) agricultura familiar, trabalho e extens\u00e3o rural; 2) sa\u00fade e contextos rurais; 3) educa\u00e7\u00e3o do campo e psicologia; 4) movimentos sociais grupos \u00e9tnicos e povos tradicionais; 5) g\u00eanero e gera\u00e7\u00e3o; 6) ambiente e sustentabilidade.<\/p>\n<p>Os trabalhos poder\u00e3o ser submetidos em portugu\u00eas, espanhol e ingl\u00eas.<\/p>\n<p>&nbsp;<\/p>\n<p align=\"center\"><a title=\"Envio de Trabalho de P\u00f4ster e Comunica\u00e7\u00e3o Oral\" href=\"http:\/\/eventos.ufrrj.br\/psicologia\/envio-de-trabalho-de-painel-e-communicacao-oral\/\"><button class=\"btn btn-primary\" type=\"button\">Envio de Trabalho de P\u00f4ster e Comunica\u00e7\u00e3o Oral<\/button><\/a> <a title=\"Envio de Trabalho Mesa Redonda\" href=\"http:\/\/eventos.ufrrj.br\/psicologia\/envio-de-trabalho-mesa-redonda\/\"><button class=\"btn btn-primary\" type=\"button\">Envio de Trabalho Mesa Redonda<\/button><\/a><\/p>\n<p><strong>\u00a0<\/strong><\/p>\n<p><strong>Modalidades de trabalhos<\/strong><\/p>\n<p>&nbsp;<\/p>\n<p><strong><em>Mesa redonda<\/em>\u00a0<\/strong>\u00a0\u2013 A proposta ser\u00e1 vinculada \u00e0 tem\u00e1tica geral do congresso. Poder\u00e3o incorporar-se participantes de um mesmo pa\u00eds e\/ou de pa\u00edses distintos. Ocorrer\u00e3o com tr\u00eas\u00a0 apresenta\u00e7\u00f5es e ter\u00e3o dura\u00e7\u00e3o total de\u00a0<strong>1h45min<\/strong>. Cada expositor ter\u00e1\u00a020 minutos\u00a0para apresentar e ser\u00e3o reservados 45 minutos para conversas e debates. A\u00a0proposta conter\u00e1:<\/p>\n<ul>\n<li>T\u00edtulo da Mesa Redonda<\/li>\n<li>Nome do proponente da mesa redonda, titula\u00e7\u00e3o, sua respectiva institui\u00e7\u00e3o, endere\u00e7o completo, inclusive o eletr\u00f4nico, cidade, estado e pa\u00eds:<\/li>\n<li>Nomes de todos os autores participantes da mesa redonda, seus respectivos v\u00ednculos profissionais\/institucionais, seguido de endere\u00e7o eletr\u00f4nico, cidade, estado e pa\u00eds;<\/li>\n<li>Resumo geral da mesa redonda: entre 300 a 500 palavras, com fonte\u00a0<em>Times New Roman<\/em>, tamanho 12, espa\u00e7o simples e alinhamento justificado. O resumo dever\u00e1 ser estruturado de forma clara, inclu\u00eddo preferencialmente os seguintes itens: introdu\u00e7\u00e3o, objetivo, metodologia, resultados e conclus\u00f5es.<\/li>\n<li>Palavras-chave geral da mesa redonda: tr\u00eas a cinco palavras.<\/li>\n<\/ul>\n<p>Todos os integrantes da mesa redonda deberam apresentar trabalho completo.<\/p>\n<p>&nbsp;<\/p>\n<p><strong><em>Comunica\u00e7\u00e3o Oral em GT\u2019s<\/em>\u00a0<\/strong>\u2013 As comunica\u00e7\u00f5es orais t\u00eam como objetivo a comunica\u00e7\u00e3o de resultados de pesquisa, extens\u00e3o, realizar discuss\u00f5es te\u00f3ricas, ou ainda, relatar pr\u00e1ticas profissionais de acordo com um dos eixos tem\u00e1ticos do evento. Os participantes poder\u00e3o ser alunos de gradua\u00e7\u00e3o, graduados, t\u00e9cnicos com experi\u00eancia de campo e trabalhadores do campo.\u00a0 A comunica\u00e7\u00e3o oral ser\u00e1 apresentada em sess\u00f5es coordenadas com dura\u00e7\u00e3o total\u00a0 de\u00a0<strong>1h45min<\/strong>. Cada expositor ter\u00e1\u00a015 minutospara apresentar sua exposi\u00e7\u00e3o e 30 minutos ser\u00e3o reservados para conversas e debates. A\u00a0proposta conter\u00e1:<\/p>\n<ul>\n<li>T\u00edtulo do resumo de\u00a0comunica\u00e7\u00e3o oral<\/li>\n<li>Nome do(s) autores:<\/li>\n<li>Institui\u00e7\u00e3o:<\/li>\n<li>Pa\u00eds:<\/li>\n<li>Resumo do trabalho: entre 300 a 500 palavras, com fonte\u00a0<em>Times New Roman<\/em>, tamanho 12, espa\u00e7o simples e alinhamento justificado. O resumo dever\u00e1 ser estruturado de forma clara, evidenciando preferencialmente os objetivos, o m\u00e9todo e as conclus\u00f5es.<\/li>\n<li>Palavras-chave do trabalho: tr\u00eas a cinco palavras.<\/li>\n<li>Eixo tem\u00e1tico<\/li>\n<\/ul>\n<p>&nbsp;<\/p>\n<p><strong><em>P\u00f4ster<\/em> \u2013\u00a0<\/strong>Os p\u00f4steres t\u00eam como objetivo a comunica\u00e7\u00e3o de resultados de pesquisa, extens\u00e3o, realizar discuss\u00f5es te\u00f3ricas, ou ainda, relatar pr\u00e1ticas profissionais de acordo com um dos eixos tem\u00e1ticos do evento. A configura\u00e7\u00e3o do p\u00f4ster dever\u00e1 ser\u00a0<strong>0,90m de largura x 1,10m de altura<\/strong>. A\u00a0proposta conter\u00e1:<\/p>\n<ul>\n<li>T\u00edtulo do resum do\u00a0p\u00f4ster<\/li>\n<li>Nome do(s) autores:<\/li>\n<li>Institui\u00e7\u00e3o:<\/li>\n<li>Pa\u00eds:<\/li>\n<li>Resumo do p\u00f4ster: entre 300 a 500 palavras, com fonte\u00a0<em>Times New Roman<\/em>, tamanho 12, espa\u00e7o simples e alinhamento justificado. O resumo dever\u00e1 ser estruturado de forma clara, evidenciando preferencialmente os objetivos, o m\u00e9todo e as conclus\u00f5es.<\/li>\n<li>Palavras-chave do trabalho: tr\u00eas a cinco palavras.<\/li>\n<li>Eixo tem\u00e1tico.<\/li>\n<\/ul>\n<p><a name=\"inscricao\"><\/a><\/p>\n<p><strong>Trabalhos completos<\/strong><\/p>\n<p>Os trabalhos completos seram recibidos at\u00e9 o d\u00eda 11 de septembro. Os mesmos ser\u00e3o publicados em CD com ISBN correspondente. Eles devem ser enviados para: psirural@gmail.com<\/p>\n<p>Para que os trabalhos enviados sejam publicados no CD do Congresso, pelo menos um\/a dos\/as co-autores\/as deve ter pago a inscri\u00e7\u00e3o at\u00e9 o dia 31 de agosto de 2016. A realiza\u00e7\u00e3o do pagamento antes \u00e9 importante para suprir os gastos com a organiza\u00e7\u00e3o, por isso n\u00e3o se pode esperar para que seja feito no dia do evento. Se destaca que o Congresso n\u00e3o tem fins lucrativos e que todos los fundos recebidos se destinar\u00e3o a cobrir os gastos.<\/p>\n<p>A. O trabalho dever\u00e1 ter no m\u00ednimo 8 e no m\u00e1ximo 20 p\u00e1ginas (do resumo at\u00e9 as refer\u00eancias, incluindo tabelas e figuras) em formato A4.<\/p>\n<p>B. Fonte: Times New Roman, tamanho 12 (em todo texto incluindo o resumo)<\/p>\n<p>C. Margens: 2,5 cm em todos os lados (superior, inferior, esquerda e direita)<\/p>\n<p>D. \u00a0Espa\u00e7amento: espa\u00e7o 1,5 (em todo texto incluindo o resumo)<\/p>\n<p>E. Alinhamento: justificado (em todo texto incluindo o resumo)<\/p>\n<p>F. Numera\u00e7\u00e3o das p\u00e1ginas: no canto inferior direito.<\/p>\n<p>G. Cita\u00e7\u00f5es bibliogr\u00e1ficas: formato APA<\/p>\n<p>H. A estrutura do texto ser\u00e1 definida pelos autores. No caso de trabalhos de investiga\u00e7\u00e3o se recomenda o uso de: Introdu\u00e7\u00e3o, Metodologia, Resultados, Discuss\u00e3o, Conclus\u00f5es e Bibliografia.<\/p>\n<p>&nbsp;<\/p>\n<p><em>Montagem do texto<\/em><\/p>\n<p>&#8211; Na primeira p\u00e1gina, antes do t\u00edtulo deve deixar 4 linhas em branco para que seja inserido o logotipo do congresso. (para a publica\u00e7\u00e3o)<\/p>\n<p>&#8211; T\u00edtulo do trabalho fonte 14, <strong>em negrito<\/strong>, centralizado. Letra mai\u00fascula somente na primeira palavra.<\/p>\n<p>&#8211; Deixar 1 linha em branco<\/p>\n<p>&#8211; Inserir os nomes de cada autor (em diferentes linhas), seguidos de sua filia\u00e7\u00e3o institucional e seu e-mail. Alinhamento justificado.<\/p>\n<p>&#8211; Deixar 1 linha em branco<\/p>\n<p>&#8211; <strong>Resumo.<\/strong> A palavra Resumo escrito na primeira linha, <strong>em negrito<\/strong>. Na mesma linha, inserir a vers\u00e3o do resumo aprovada pela comiss\u00e3o cient\u00edfica (inclu\u00eddas as modifica\u00e7\u00f5es solicitadas). Ao final do resumo, em nova linha listar pelo menos tr\u00eas e no m\u00e1ximo cinco palavras-chave (em letras min\u00fasculas e separadas por ponto e v\u00edrgula). A linha debe iniciar con o texto: <strong>Palabras clave:<\/strong> (<strong>en negrita<\/strong>)<\/p>\n<p>&#8211; O texto completo do artigo deve come\u00e7ar em uma nova folha.<\/p>\n<p>&#8211; Os t\u00edtulos de <strong>n\u00edvel 1<\/strong> (principal) devem estar centralizados, <strong>em negrito<\/strong>, fonte tamanho 14. Letra mai\u00fascula somente na primeira palabra. Depois de um t\u00edtulo deste tipo deve deixar-se uma linha em branco<\/p>\n<p>&#8211; Os t\u00edtulos de <em>n\u00edvel 2 <\/em>devem estar centralizados, <em>em it\u00e1lico<\/em>, tamanho 12. Letra mai\u00fascula somente na primeira palabra. Depois de um t\u00edtulo deste tipo deve deixar-se uma linha em branco<\/p>\n<p>&#8211; Os t\u00edtulos de n\u00edvel 3 devem estar alinhados a esquerda, sem cursiva, sublinhado, tamanho 12. N\u00e3o se deixa espa\u00e7o para iniciar o texto na linha seguinte.<\/p>\n<p>&#8211; Texto normal: sem rescuo, justificado, Times New Roman 12. Sem espa\u00e7o entre os par\u00e1grafo<\/p>\n<p>&#8211; As palavras Figura, Tabela que aparecerem ao longo do texto devem ser escritos com a primeira letra em mai\u00fascula e acompanhados do n\u00famero (Figuras e Tabelas) ao qual se referem.<\/p>\n<p>&#8211; As refer\u00eancias bibliogr\u00e1ficas ao longo do texto devem seguir o formato APA.<\/p>\n","protected":false},"excerpt":{"rendered":"<p>O per\u00edodo de inscri\u00e7\u00e3o de resumos\u00a0ser\u00e1\u00a0de 15 de mar\u00e7o de 2016 a 15 de agosto\u00a0de 2016.\u00a0Os trabalhos poder\u00e3o ser apresentados <a class=\"read-more\" href=\"https:\/\/eventos.ufrrj.br\/psicologia\/normas-resumo\/ \">&#8230; <i class=\"fa fa-long-arrow-right\"><\/i><\/a><\/p>\n","protected":false},"author":1,"featured_media":0,"parent":0,"menu_order":0,"comment_status":"open","ping_status":"open","template":"","meta":{"footnotes":""},"class_list":["post-8","page","type-page","status-publish","hentry"],"_links":{"self":[{"href":"https:\/\/eventos.ufrrj.br\/psicologia\/wp-json\/wp\/v2\/pages\/8","targetHints":{"allow":["GET"]}}],"collection":[{"href":"https:\/\/eventos.ufrrj.br\/psicologia\/wp-json\/wp\/v2\/pages"}],"about":[{"href":"https:\/\/eventos.ufrrj.br\/psicologia\/wp-json\/wp\/v2\/types\/page"}],"author":[{"embeddable":true,"href":"https:\/\/eventos.ufrrj.br\/psicologia\/wp-json\/wp\/v2\/users\/1"}],"replies":[{"embeddable":true,"href":"https:\/\/eventos.ufrrj.br\/psicologia\/wp-json\/wp\/v2\/comments?post=8"}],"version-history":[{"count":25,"href":"https:\/\/eventos.ufrrj.br\/psicologia\/wp-json\/wp\/v2\/pages\/8\/revisions"}],"predecessor-version":[{"id":229,"href":"https:\/\/eventos.ufrrj.br\/psicologia\/wp-json\/wp\/v2\/pages\/8\/revisions\/229"}],"wp:attachment":[{"href":"https:\/\/eventos.ufrrj.br\/psicologia\/wp-json\/wp\/v2\/media?parent=8"}],"curies":[{"name":"wp","href":"https:\/\/api.w.org\/{rel}","templated":true}]}}