{"id":6,"date":"2016-02-18T16:31:35","date_gmt":"2016-02-18T16:31:35","guid":{"rendered":"http:\/\/eventos.ufrrj.br\/psicologia\/?page_id=6"},"modified":"2016-07-05T16:04:30","modified_gmt":"2016-07-05T19:04:30","slug":"programacao","status":"publish","type":"page","link":"https:\/\/eventos.ufrrj.br\/psicologia\/programacao\/","title":{"rendered":"Programa\u00e7\u00e3o"},"content":{"rendered":"<p>&nbsp;<\/p>\n<table style=\"height: 100%;\" width=\"100%\">\n<tbody>\n<tr>\n<td width=\"66\"><strong>\u00a0<\/strong><strong>\u00a0<\/strong><\/td>\n<td width=\"123\"><strong>18\/10\/2016<\/strong><strong>(Ter\u00e7a-feira)<\/strong><\/td>\n<td width=\"57\"><strong>\u00a0<\/strong><\/td>\n<td width=\"107\"><strong>19\/10\/2016<\/strong><strong>(Quarta-feira)<\/strong><\/td>\n<td width=\"107\"><strong>20\/10\/2016 <\/strong><strong>(Quinta-feira)<\/strong><\/td>\n<td width=\"107\"><strong>21\/10\/2016<\/strong><strong>(Sexta-feira)<\/strong><\/td>\n<\/tr>\n<tr>\n<td rowspan=\"2\" width=\"66\"><strong>Manh\u00e3<\/strong><\/td>\n<td rowspan=\"2\" width=\"123\">Credenciamento<\/td>\n<td width=\"57\"><strong>8:30 \u00e0s 10:30<\/strong><\/td>\n<td width=\"107\">Comunica\u00e7\u00e3o oral nos GT\u00b4s<\/td>\n<td width=\"107\">Comunica\u00e7\u00e3o oral nos GT\u00b4s<\/td>\n<td width=\"107\">Mesas redondas<\/td>\n<\/tr>\n<tr>\n<td width=\"57\"><strong>10:45 \u00e0s<\/strong><strong>12:30<\/strong><\/td>\n<td width=\"107\"><strong>Simp\u00f3sio 1- Psicologia, extens\u00e3o e desenvolvimento rural<\/strong><br \/>\nCoordenador: Dr. Fernando Landini (CONICET e Universidade de la Cuenca del Plata -Argentina)<br \/>\nConvidados<br \/>\n&#8211; Dr. Marlon M\u00e9ndez Sastoque (Universidade de Caldas &#8211; Colombia)<br \/>\n&#8211; Dr. Antonio Lapalma (Universidade de Buenos Aires &#8211; Argentina)<\/td>\n<td width=\"107\"><strong>Simp\u00f3sio 2 \u2013 Quest\u00f5es da terra, diversidade sociocultural e saberes tradicionais na Am\u00e9rica Latina: perspectivas de uma Psicologia descolonizada<\/strong><br \/>\nCoordenador: Dr. Bruno Sim\u00f5es (UFRRJ &#8211; Brasil)<br \/>\nConvidados<br \/>\n&#8211; Dra. Adelaide Alves Dias (UFPB &#8211; Brasil)<br \/>\n&#8211; Dr. Carlos Alberto Arango Calad (Universidade Del Valle, Colombia)<\/td>\n<td width=\"107\"><strong>Simp\u00f3sio 3 &#8211; Territ\u00f3rios e territorializa\u00e7\u00f5es: o trabalho social no mundo rural<\/strong><br \/>\nCoordenador: Dr. J\u00e1der Ferreira Leite (UFRN\u2013 Brasil)<br \/>\nConvidados:<br \/>\n&#8211; Dra. Magda Dimenstein (UFRN \u2013 Brasil)<br \/>\n&#8211; Dr. Luis Alfonso Camarero Rioja (UNED \u2013 Espanha)<\/td>\n<\/tr>\n<tr>\n<td width=\"66\"><strong>12:30\u00a0 \u00e0s<\/strong><strong>14:30<\/strong><\/td>\n<td width=\"123\">Almo\u00e7o<\/td>\n<td width=\"57\"><strong>12:30<\/strong><strong>\u00e0s<\/strong><strong>14:00<\/strong><\/td>\n<td width=\"107\">Almo\u00e7o<\/td>\n<td width=\"107\">Almo\u00e7o<\/td>\n<td width=\"107\">Almo\u00e7o<\/td>\n<\/tr>\n<tr>\n<td rowspan=\"2\" width=\"66\"><strong>14:00\u00a0 \u00e0s<\/strong><strong>18:00<\/strong><\/td>\n<td rowspan=\"2\" width=\"123\">Visitas de campoCredenciamento<\/td>\n<td width=\"57\"><strong>14:00<\/strong><strong>\u00e0s<\/strong><strong>15:45<\/strong><\/td>\n<td width=\"107\">Comunica\u00e7\u00e3o Oral nos GT\u2019s<\/td>\n<td width=\"107\">Comunica\u00e7\u00e3o Oral nos GT\u2019s<\/td>\n<td width=\"107\">Reuni\u00e3o para cria\u00e7\u00e3o da Rede<\/td>\n<\/tr>\n<tr>\n<td width=\"57\"><strong>16:15<\/strong><strong>\u00e0s<\/strong><strong>18:00<\/strong><\/td>\n<td width=\"107\">Oficinas de discuss\u00e3o<\/td>\n<td width=\"107\">Oficinas de discuss\u00e3o<\/td>\n<td width=\"107\">Sess\u00e3o de Enceramento<\/td>\n<\/tr>\n<tr>\n<td width=\"66\"><strong>19:00<\/strong><\/td>\n<td width=\"123\">Abertura do Evento e programa\u00e7\u00e3o Cultural<\/td>\n<td width=\"57\"><strong>18:00<\/strong><\/td>\n<td width=\"107\">Lan\u00e7amento de livros e programa\u00e7\u00e3o cultural<\/td>\n<td width=\"107\">Programa\u00e7\u00e3o cultural<\/td>\n<td width=\"107\"><\/td>\n<\/tr>\n<\/tbody>\n<\/table>\n<p>&nbsp;<\/p>\n","protected":false},"excerpt":{"rendered":"<p>&nbsp; \u00a0\u00a0 18\/10\/2016(Ter\u00e7a-feira) \u00a0 19\/10\/2016(Quarta-feira) 20\/10\/2016 (Quinta-feira) 21\/10\/2016(Sexta-feira) Manh\u00e3 Credenciamento 8:30 \u00e0s 10:30 Comunica\u00e7\u00e3o oral nos GT\u00b4s Comunica\u00e7\u00e3o oral nos <a class=\"read-more\" href=\"https:\/\/eventos.ufrrj.br\/psicologia\/programacao\/ \">&#8230; <i class=\"fa fa-long-arrow-right\"><\/i><\/a><\/p>\n","protected":false},"author":1,"featured_media":0,"parent":0,"menu_order":0,"comment_status":"open","ping_status":"open","template":"","meta":{"footnotes":""},"class_list":["post-6","page","type-page","status-publish","hentry"],"_links":{"self":[{"href":"https:\/\/eventos.ufrrj.br\/psicologia\/wp-json\/wp\/v2\/pages\/6","targetHints":{"allow":["GET"]}}],"collection":[{"href":"https:\/\/eventos.ufrrj.br\/psicologia\/wp-json\/wp\/v2\/pages"}],"about":[{"href":"https:\/\/eventos.ufrrj.br\/psicologia\/wp-json\/wp\/v2\/types\/page"}],"author":[{"embeddable":true,"href":"https:\/\/eventos.ufrrj.br\/psicologia\/wp-json\/wp\/v2\/users\/1"}],"replies":[{"embeddable":true,"href":"https:\/\/eventos.ufrrj.br\/psicologia\/wp-json\/wp\/v2\/comments?post=6"}],"version-history":[{"count":8,"href":"https:\/\/eventos.ufrrj.br\/psicologia\/wp-json\/wp\/v2\/pages\/6\/revisions"}],"predecessor-version":[{"id":165,"href":"https:\/\/eventos.ufrrj.br\/psicologia\/wp-json\/wp\/v2\/pages\/6\/revisions\/165"}],"wp:attachment":[{"href":"https:\/\/eventos.ufrrj.br\/psicologia\/wp-json\/wp\/v2\/media?parent=6"}],"curies":[{"name":"wp","href":"https:\/\/api.w.org\/{rel}","templated":true}]}}