{"id":232,"date":"2016-08-22T09:28:59","date_gmt":"2016-08-22T12:28:59","guid":{"rendered":"http:\/\/eventos.ufrrj.br\/psicologia\/?page_id=232"},"modified":"2016-10-14T12:20:54","modified_gmt":"2016-10-14T15:20:54","slug":"hospedagem","status":"publish","type":"page","link":"https:\/\/eventos.ufrrj.br\/psicologia\/hospedagem\/","title":{"rendered":"Hospedaje"},"content":{"rendered":"<p>&nbsp;<\/p>\n<p>SUGERENCIAS DE HOSPEDAJE EN SEROP\u00c9DICA<\/p>\n<p>Serop\u00e9dica es un municipio peque\u00f1o, con poca infraestructura en alojamientos. ES LA CIUDAD EN DONDE SE REALIZAZ\u00c1 EL EVENTO. Las opciones son hoteles y posadas simples,\u00a0\u00a0 con confort, seguridad y precios especiales. Aqu\u00ed les presentamos una lista con las principales alternativas.<\/p>\n<table width=\"914\">\n<tbody>\n<tr>\n<td width=\"246\">NOMBRE DEL HOTEL\/<\/p>\n<p>POSADA y DIRECCI\u00d3N<\/td>\n<td width=\"208\">ACCESO AL EVENTO<\/td>\n<td width=\"265\">CONTACTO<\/td>\n<td width=\"195\">Valor aproximado por d\u00eda<\/td>\n<\/tr>\n<tr>\n<td width=\"246\">&nbsp;<\/p>\n<p>&nbsp;<\/p>\n<p>&nbsp;<\/p>\n<p><strong>POUSADA BRASIL<\/strong><\/p>\n<p><strong>\u00a0<\/strong><\/p>\n<p>Calle Jairo Ramalho, 43 \u2013 Centro- Serop\u00e9dica.<\/td>\n<td width=\"208\">&nbsp;<\/p>\n<p>&nbsp;<\/p>\n<p>&nbsp;<\/p>\n<p>Queda a 2 km del lugar del evento. Es posible llegar en \u00f3mnibus o taxi en 20 minutos aproximadamente.<\/td>\n<td width=\"265\">&nbsp;<\/p>\n<p>&nbsp;<\/p>\n<p>&nbsp;<\/p>\n<p><a href=\"http:\/\/www.seropedicapousadabrasil.com.br\">www.seropedicapousadabrasil.com.br<\/a><\/p>\n<p><a href=\"mailto:pousadabrasilseropedica@yahoo.com.br\">pousadabrasilseropedica@yahoo.com.br<\/a><\/p>\n<p>&nbsp;<\/p>\n<p>Tel\u00e9fono fijo: 55 21 26826861<\/p>\n<p>cel-whats app : 55 21 992637917<\/td>\n<td width=\"195\">Habitaci\u00f3n<\/p>\n<p>Simple \u00a0R$100,00<\/p>\n<p>&nbsp;<\/p>\n<p>Habitaci\u00f3n doble<\/p>\n<p>R$180,00<\/p>\n<p>&nbsp;<\/p>\n<p>Habitaci\u00f3n<\/p>\n<p>triple<\/p>\n<p>R$ 240,00<\/p>\n<p>&nbsp;<\/p>\n<p>Habitaci\u00f3n<\/p>\n<p>cu\u00e1druple<\/p>\n<p>R$ 200,00<\/td>\n<\/tr>\n<tr>\n<td width=\"246\">&nbsp;<\/p>\n<p><strong>HOTEL DO POSTO<\/strong><\/p>\n<p>&nbsp;<\/p>\n<p>Ruta (BR) 465 \u2013 KM 40 \u2013 Campo Lindo &#8211; Serop\u00e9dica<\/td>\n<td width=\"208\">&nbsp;<\/p>\n<p>Queda a 7 km del lugar del evento. Es posible llegar en \u00f3mnibus o taxi en 20 minutos aproximadamente.<\/td>\n<td width=\"265\"><a href=\"mailto:autopostopousada@oi.com.br\">autopostopousada@oi.com.br<\/a><\/p>\n<p>&nbsp;<\/p>\n<p>Tel\u00e9fono fijo: 55 21 37878091<\/p>\n<p>celular: 55 21 991230103<\/p>\n<p>(Preguntar por Sr. Tarcisio o Sra. Geisa)<\/p>\n<p>Precios especiales para el evento.<\/td>\n<td width=\"195\">Habitaci\u00f3n \u00a0simple<\/p>\n<p>R$ 70,00<\/p>\n<p>&nbsp;<\/p>\n<p>Habitaci\u00f3n \u00a0doble<\/p>\n<p>R$ 120,00<\/p>\n<p>&nbsp;<\/p>\n<p>Habitaci\u00f3n\u00a0 triple<\/p>\n<p>R$ 150,00<\/td>\n<\/tr>\n<tr>\n<td width=\"246\">&nbsp;<\/p>\n<p><strong>POUSADA MARVILLA<\/strong><\/p>\n<p>&nbsp;<\/p>\n<p>Calle Jos\u00e9 T\u00fanula, 84 \u2013 Boa Esperan\u00e7a &#8211; Serop\u00e9dica<\/td>\n<td width=\"208\">&nbsp;<\/p>\n<p>Queda a 3 km del lugar del evento. Es posible llegar en \u00f3mnibus o taxi en 20 minutos aproximadamente.<\/td>\n<td width=\"265\"><a href=\"http:\/\/www.pousadamaravillaseropedica.com.br\">www.pousadamaravillaseropedica.com.br<\/a><\/p>\n<p>facebook: pousada maravilla<\/p>\n<p>&nbsp;<\/p>\n<p>Tel\u00e9fono fijo: 55 21 26828314<\/p>\n<p>celular: 55 21 967149096<\/p>\n<p>Precios especiales para grupos de m\u00e1s de 4 personas.<\/td>\n<td width=\"195\">Precio por persona.\u00a0 Para asistentes al congreso<\/p>\n<p>R$ 50,00 en Habitaciones simples, dobles o triples.<\/td>\n<\/tr>\n<\/tbody>\n<\/table>\n<p>&nbsp;<\/p>\n<p>&nbsp;<\/p>\n<p><strong>EN ITAGUA\u00cd<\/strong><\/p>\n<p>Itagua\u00ed es una ciudad portuaria (de tama\u00f1o mediano), que SE ENCUENTRA SITUADA A 32 KM DE SEROP\u00c9DICA, lugar en donde se realizar\u00e1 el evento. Posee una gran infraestructura en hoteles y alojamientos, con fines tur\u00edsticos y empresariales. De la terminal de \u00f3mnibus de Itagua\u00ed salen \u00f3mnibus para las principales playas del litoral-sur del Estado de R\u00edo de Janeiro. A continuaci\u00f3n, presentamos una lista con posibles alternativas.<\/p>\n<p>&nbsp;<\/p>\n<table width=\"912\">\n<tbody>\n<tr>\n<td width=\"312\">NOMBRE\u00a0 DEL HOTEL\/POSADA y DIRECCI\u00d3N<\/td>\n<td width=\"225\">ACESSO AL EVENTO<\/td>\n<td width=\"227\">CONTACTO<\/td>\n<td width=\"148\">Valores aproximados por d\u00eda<\/td>\n<\/tr>\n<tr>\n<td width=\"312\"><strong>\u00a0<\/strong><\/p>\n<p><strong>POUSADA LA BELLE<\/strong><\/p>\n<p><strong>\u00a0<\/strong><\/p>\n<p>Calle Clementino de Almeida C\u00e2mara, 60 \u2013 Parque Independ\u00eancia. Itaguai<\/p>\n<p>&nbsp;<\/td>\n<td width=\"225\">Queda a 32 km del municipio de Serop\u00e9dica. En \u00f3mnibus com\u00fan el traslado puede demorar una hora. En taxi el tiempo aproximado \u00a0de traslado es 30 minutos.<\/p>\n<p>Las cooperativas\/empresas de taxi har\u00e1n precios especiales para el evento.<\/p>\n<p>&nbsp;<\/td>\n<td width=\"227\">&nbsp;<\/p>\n<p><a href=\"mailto:labellepousada@gmail.com\">labellepousada@gmail.com<\/a><\/p>\n<p>&nbsp;<\/p>\n<p>&nbsp;<\/p>\n<p>Tel\u00e9fono fijo: 55 21 26877941<\/p>\n<p>&nbsp;<\/p>\n<p>&nbsp;<\/td>\n<td width=\"148\">Habitaci\u00f3n simple<\/p>\n<p>R$ 145,00<\/p>\n<p>&nbsp;<\/p>\n<p>Habitaci\u00f3n \u00a0doble<\/p>\n<p>R$ 215,00<\/p>\n<p>&nbsp;<\/p>\n<p>Habitaci\u00f3n<\/p>\n<p>triple<\/p>\n<p>R$ 310,00<\/td>\n<\/tr>\n<tr>\n<td width=\"312\"><strong>\u00a0<\/strong><\/p>\n<p><strong>HOTEL TULIP INN ITAGUA\u00cd<\/strong><\/p>\n<p><strong>\u00a0<\/strong><\/p>\n<p>Rodovia Rio Santos, KM 398. Itagu\u00e1i<\/p>\n<p>&nbsp;<\/td>\n<td width=\"225\">Queda a 25 km de Serop\u00e9dica. En taxi el tiempo aproximado\u00a0 de traslado es 30 minutos. Las cooperativas\/empresas de taxi har\u00e1n precios especiales para el evento.<\/p>\n<p>&nbsp;<\/p>\n<p>&nbsp;<\/td>\n<td width=\"227\"><a href=\"mailto:reservas.tiitaguai@goldentulip.com.br\">reservas.tiitaguai@goldentulip.com.br<\/a><\/p>\n<p>&nbsp;<\/p>\n<p>Tel\u00e9fono: 55 21 36139100<\/td>\n<td width=\"148\">Habitaci\u00f3n standard simple<\/p>\n<p>R$ 208,00<\/p>\n<p>&nbsp;<\/p>\n<p>Habitaci\u00f3n<\/p>\n<p>standard doble<\/p>\n<p>R$ 243,00<\/p>\n<p>&nbsp;<\/p>\n<p>Habitaci\u00f3n<\/p>\n<p>superior single<\/p>\n<p>R$ 278,00<\/p>\n<p>&nbsp;<\/p>\n<p>Habitaci\u00f3n superior doble<\/p>\n<p>R$ 313,00<\/p>\n<p>&nbsp;<\/td>\n<\/tr>\n<tr>\n<td width=\"312\"><strong>IT GRANDE HOTEL ITAGUA\u00cd<\/strong><\/p>\n<p><strong>\u00a0<\/strong><\/p>\n<p>Calle Prefeito Jos\u00e9 Mar\u00eda de Brito, 110. Centro.<\/p>\n<p>&nbsp;<\/td>\n<td width=\"225\">Queda a 32 km de Serop\u00e9dica. En taxi el tiempo aproximado\u00a0 de traslado es 30 minutos.<\/td>\n<td width=\"227\">&nbsp;<\/p>\n<p><a href=\"mailto:reservas@grandehotelitaguai.com\">reservas@grandehotelitaguai.com<\/a><\/p>\n<p>&nbsp;<\/p>\n<p>Tel\u00e9fono fijo: 55 21 37826850<\/td>\n<td width=\"148\">Los precios no han sido informados.<\/td>\n<\/tr>\n<\/tbody>\n<\/table>\n<p>&nbsp;<\/p>\n<p>&nbsp;<\/p>\n","protected":false},"excerpt":{"rendered":"<p>&nbsp; SUGERENCIAS DE HOSPEDAJE EN SEROP\u00c9DICA Serop\u00e9dica es un municipio peque\u00f1o, con poca infraestructura en alojamientos. ES LA CIUDAD EN <a class=\"read-more\" href=\"https:\/\/eventos.ufrrj.br\/psicologia\/hospedagem\/ \">&#8230; <i class=\"fa fa-long-arrow-right\"><\/i><\/a><\/p>\n","protected":false},"author":22,"featured_media":0,"parent":0,"menu_order":0,"comment_status":"open","ping_status":"open","template":"","meta":{"footnotes":""},"class_list":["post-232","page","type-page","status-publish","hentry"],"_links":{"self":[{"href":"https:\/\/eventos.ufrrj.br\/psicologia\/wp-json\/wp\/v2\/pages\/232","targetHints":{"allow":["GET"]}}],"collection":[{"href":"https:\/\/eventos.ufrrj.br\/psicologia\/wp-json\/wp\/v2\/pages"}],"about":[{"href":"https:\/\/eventos.ufrrj.br\/psicologia\/wp-json\/wp\/v2\/types\/page"}],"author":[{"embeddable":true,"href":"https:\/\/eventos.ufrrj.br\/psicologia\/wp-json\/wp\/v2\/users\/22"}],"replies":[{"embeddable":true,"href":"https:\/\/eventos.ufrrj.br\/psicologia\/wp-json\/wp\/v2\/comments?post=232"}],"version-history":[{"count":2,"href":"https:\/\/eventos.ufrrj.br\/psicologia\/wp-json\/wp\/v2\/pages\/232\/revisions"}],"predecessor-version":[{"id":246,"href":"https:\/\/eventos.ufrrj.br\/psicologia\/wp-json\/wp\/v2\/pages\/232\/revisions\/246"}],"wp:attachment":[{"href":"https:\/\/eventos.ufrrj.br\/psicologia\/wp-json\/wp\/v2\/media?parent=232"}],"curies":[{"name":"wp","href":"https:\/\/api.w.org\/{rel}","templated":true}]}}