{"id":21,"date":"2016-02-18T16:57:25","date_gmt":"2016-02-18T16:57:25","guid":{"rendered":"http:\/\/eventos.ufrrj.br\/psicologia\/?page_id=21"},"modified":"2016-07-22T09:10:29","modified_gmt":"2016-07-22T12:10:29","slug":"apresentacao","status":"publish","type":"page","link":"https:\/\/eventos.ufrrj.br\/psicologia\/apresentacao\/","title":{"rendered":"Apresenta\u00e7\u00e3o"},"content":{"rendered":"<p>A psicologia \u00e9 um campo de estudo do humano em suas mais diversas possibilidades e modos de viver e produzir a si mesmo enquanto indiv\u00edduo e coletividade. Apesar disso, historicamente a psicologia tem priorizado o estudo de problem\u00e1ticas fundamentalmente urbanas, voltando-se em grande medida para investiga\u00e7\u00f5es e modelos de atua\u00e7\u00e3o profissional junto a pessoas e grupos habitantes das cidades, passando ao largo das especificidades das popula\u00e7\u00f5es rurais. Esse predom\u00ednio \u00e9 t\u00e3o presente que a psicologia tem sido, muitas vezes, compreendida como uma disciplina que nada tem a contribuir para as diferentes dimens\u00f5es pr\u00f3prias ao mundo rural.<\/p>\n<p>Desse modo, entendemos ser fundamental a entrada da psicologia nesse debate. Os diferentes modos de subjetiva\u00e7\u00e3o, os processos psicossociais e identit\u00e1rios e de desenvolvimento social, cultural e econ\u00f4mico dos contextos rurais devem participar do horizonte de a\u00e7\u00e3o da psicologia. Sua atua\u00e7\u00e3o pode se dar por meio de investiga\u00e7\u00f5es e de formas de atua\u00e7\u00e3o profissional considerando os diversos agentes que vivem e trabalham no campo. A heterogeneidade das formas de rela\u00e7\u00e3o com a terra, elabora\u00e7\u00e3o de la\u00e7os identit\u00e1rios, engajamentos em lutas sociais que visam alterar o jogo de for\u00e7as pol\u00edticas e econ\u00f4micas devem ser parte dos interesses da psicologia latinoamericana.<\/p>\n<p>Com o objetivo de fomentar esse debate, propomos a realiza\u00e7\u00e3o do II Congresso Latino-americano de Psicologia Rural a ser realizado na Universidade Federal Rural do Rio de Janeiro entre os dias 18 e 21de outubro de 2016. Esperamos com o mesmo gerar um espa\u00e7o para o encontro e o reconhecimento m\u00fatuo entre psic\u00f3logos e psic\u00f3logas que trabalham com essa tem\u00e1tica em nosso continente, bem como construir redes que permitam a circula\u00e7\u00e3o de conhecimentos sobre a imensa diversidade presente no continente latinoamericano. Popula\u00e7\u00f5es ind\u00edgenas, quilombolas, demais popula\u00e7\u00f5es tradicionais, assim como movimentos de luta por terra e \u00e1gua e trabalho formam esse heterog\u00eaneo mosaico.<\/p>\n<p>&nbsp;<\/p>\n<p>O tema geral do evento ser\u00e1 <strong><em>\u201cdesafios na constru\u00e7\u00e3o de uma abordagem psicossocial das ruralidades&#8221;\u00a0<\/em><\/strong>e os eixos tem\u00e1ticos de trabalho ser\u00e3o:<\/p>\n<p>&nbsp;<\/p>\n<p><strong>Agricultura familiar, extens\u00e3o rural e trabalho rural.<\/strong><\/p>\n<p>Objetivos: \u00a0se prop\u00f5e a abordar, desde uma perspectiva psicossocial, as pol\u00edticas p\u00fablicas de assist\u00eancia t\u00e9cnica, extens\u00e3o e desenvolvimento rural que foram fortalecidas na \u00faltima d\u00e9cada na maior parte dos pa\u00edses latino-americanos. Em particular, se destaca o interesse em aprofundar a compreens\u00e3o do v\u00ednculo entre agricultores e extensionistas e estudar a dimens\u00e3o psicossocial dos processos de extens\u00e3o e inova\u00e7\u00e3o rural.<\/p>\n<p><strong>Coordenadores<\/strong>: Lic. Mar\u00eda In\u00e9s Mathot (Argentina), Lic.\u00a0Leonardo Riet\u00a0(Uruguay) e Ms. Iv\u00e1n Villafuerte (Ecuador)<\/p>\n<p>&nbsp;<\/p>\n<p><strong>Sa\u00fade e contextos rurais<\/strong>.<\/p>\n<p>Objetivos: busca refletir sobre como os modos de vida e de determina\u00e7\u00e3o social impactam no processo sa\u00fade-doen\u00e7a de popula\u00e7\u00f5es do campo. Tamb\u00e9m incorpora discuss\u00f5es em torno da entrada das pol\u00edticas de sa\u00fade e assist\u00eancia no meio rural, destacando os desafios para sua efetiva\u00e7\u00e3o e a forma\u00e7\u00e3o profissional para atuar nesse contexto.<\/p>\n<p><strong>Coordenadores<\/strong>: Lic. Valeria Gonz\u00e1lez Cowes (Argentina), Dra. Magda Dimenstein (Brasil) e Dra. Candida Bezerra Dantas (Brasil)<\/p>\n<p>&nbsp;<\/p>\n<p><strong>Educa\u00e7\u00e3o do campo<\/strong>.<\/p>\n<p>Objetivos: busca articular trabalhos que discutam as formas pelas quais a educa\u00e7\u00e3o vem sendo efetivada nos territ\u00f3rios rurais, as aus\u00eancias do poder p\u00fablico e seus impactos na vida de crian\u00e7as, jovens e adultos, os desafios da pol\u00edtica educacional nas \u00e1reas rurais, as iniciativas de educa\u00e7\u00e3o popular por parte dos movimentos sociais e sindicais do campo; a participa\u00e7\u00e3o dos sujeitos do campo na elabora\u00e7\u00e3o das pol\u00edticas de educa\u00e7\u00e3o e de propostas pedag\u00f3gicas, di\u00e1logos da psicologia com a educa\u00e7\u00e3o do campo, as formas de subjetiva\u00e7\u00e3o que as pr\u00e1ticas educativas (formais e n\u00e3o formais) engendram nos territ\u00f3rios rurais.<\/p>\n<p><strong>Coordenadores<\/strong>: Dra. Daniela Andrea Vera Bachmann (Chile) e Dra. Ana Paula Soares Silva (Brasil)<\/p>\n<p>&nbsp;<\/p>\n<p><strong>Movimentos sociais, grupos \u00e9tnicos e povos tradicionais.<\/strong><\/p>\n<p>Objetivos: visa incorporar discuss\u00f5es voltadas para as variadas formas de lutas sociais no campo, tais como reivindica\u00e7\u00f5es por terra, \u00e1gua e demarca\u00e7\u00f5es de territ\u00f3rios ind\u00edgenas e quilombolas, efetiva\u00e7\u00e3o dos direitos sociais e pol\u00edticas p\u00fablicas e por reconhecimento cultural das variadas tradi\u00e7\u00f5es e saberes. Pretende, ainda, refletir processos subjetivos e identit\u00e1rios vinculados a tais contextos de luta. Busca, por fim, um esfor\u00e7o de constru\u00e7\u00e3o, de reflex\u00e3o e de conhecimentos que aproximem o campo dos movimentos sociais e da heterogeneidade do rural \u00e0 psicologia.<\/p>\n<p><strong>Coordenadores<\/strong>: Dr. J\u00e1der Ferreira Leite (Brasil), Dr. Bruno Sim\u00f5es Gon\u00e7alves (Brasil), Dra. Lucrecia Petit (Argentina) e Dra. Katherine Herazo (M\u00e9xico)<\/p>\n<p>&nbsp;<\/p>\n<p><strong>G\u00eanero e gera\u00e7\u00e3o.<\/strong><\/p>\n<p>Objetivos:pretende abordar as diferen\u00e7as e desigualdades de g\u00eanero e gera\u00e7\u00f5es no \u00e2mbito rural. Busca articular reflex\u00f5es e experi\u00eancias sobre esta tem\u00e1tica nas distintas \u00e1reas da vida social e pol\u00edtica, tais como: o acesso a servi\u00e7os (sa\u00fade, educa\u00e7\u00e3o, moradia) organiza\u00e7\u00f5es do trabalho rural (trabalhadores\/as assalariados, produ\u00e7\u00e3o familiar, cooperativismo), movimentos e organiza\u00e7\u00f5es sociais (feminismo, movimentos de mulheres, movimentos de jovens) eproblem\u00e1ticas espec\u00edficas (viol\u00eancia de g\u00eanero, aborto, inclus\u00e3o-exclus\u00e3o social).<\/p>\n<p><strong>Coordenadores<\/strong>: Ms. Alicia Migliaro (Uruguay), Dra. Rosineide de Lourdes Meira Cordeiro (Brasil) e Dra. F\u00e1tima Cruz (Brasil\/Espa\u00f1a)<\/p>\n<p>&nbsp;<\/p>\n<p><strong>Ambiente e sustentabilidade.<\/strong><\/p>\n<p>Objetivos: visa articular as discuss\u00f5es envolvendo o rural \u00e0s tem\u00e1ticas socioambientais da crise civilizacional vivida mundialmente. Nesse sentido, abarca temas como as distintas formas de ocupa\u00e7\u00e3o do campo\/cidade e sua rela\u00e7\u00e3o com a sustentabilidade, as \u00e1reas protegidas e as popula\u00e7\u00f5es residentes, a constru\u00e7\u00e3o de identidades forjadas nas localidades e territ\u00f3rios, que t\u00eam caracterizado as ruralidades.<\/p>\n<p><strong>Coordenadores<\/strong>: Dr. Marcelo Gustavo Aguilar Calegare (Brasil), Dra. Alejandra Olivera M\u00e9ndez (M\u00e9xico) e Dra. Concepci\u00f3n S\u00e1nchez Quintanar (M\u00e9xico)<\/p>\n<p>&nbsp;<\/p>\n<h2><strong>Simp\u00f3sios<\/strong><\/h2>\n<p><strong>Simp\u00f3sio 1- Psicologia, extens\u00e3o e desenvolvimento rural<\/strong><\/p>\n<p>Coordenador: Dr. Fernando Landini (CONICET e Universidade de la Cuenca del Plata -Argentina)<\/p>\n<p>Convidados<\/p>\n<p>&#8211; Dr. Marlon M\u00e9ndez Sastoque (Universidade de Caldas &#8211; Colombia)<\/p>\n<p>&#8211; Dr. Antonio Lapalma (Universidade de Buenos Aires &#8211; Argentina)<\/p>\n<p><strong>\u00a0<\/strong><\/p>\n<p><strong>Simp\u00f3sio 2 \u2013 Quest\u00f5es da terra, diversidade sociocultural e saberes tradicionais na Am\u00e9rica Latina: perspectivas de uma Psicologia descolonizada<\/strong><\/p>\n<p>Coordenador: Dr. Bruno Sim\u00f5es (UFRRJ &#8211; Brasil)<\/p>\n<p>Convidados<\/p>\n<p>&#8211; Dra. Adelaide Alves Dias (UFPB &#8211; Brasil)<\/p>\n<p>&#8211; Dr. Carlos Alberto Arango Calad (Universidade Del Valle, Colombia)<\/p>\n<p>&nbsp;<\/p>\n<p><strong>Simp\u00f3sio 3 &#8211; Territ\u00f3rios e territorializa\u00e7\u00f5es: o trabalho social no mundo rural<\/strong><\/p>\n<p>Coordenador: Dr. J\u00e1der Ferreira Leite (UFRN\u2013 Brasil)<\/p>\n<p>Convidados:<\/p>\n<p>&#8211; Dra. Magda Dimenstein (UFRN \u2013 Brasil)<\/p>\n<p>&#8211; Dr. Luis Alfonso Camarero Rioja (UNED \u2013 Espanha)<\/p>\n","protected":false},"excerpt":{"rendered":"<p>A psicologia \u00e9 um campo de estudo do humano em suas mais diversas possibilidades e modos de viver e produzir <a class=\"read-more\" href=\"https:\/\/eventos.ufrrj.br\/psicologia\/apresentacao\/ \">&#8230; <i class=\"fa fa-long-arrow-right\"><\/i><\/a><\/p>\n","protected":false},"author":1,"featured_media":0,"parent":0,"menu_order":0,"comment_status":"open","ping_status":"open","template":"","meta":{"footnotes":""},"class_list":["post-21","page","type-page","status-publish","hentry"],"_links":{"self":[{"href":"https:\/\/eventos.ufrrj.br\/psicologia\/wp-json\/wp\/v2\/pages\/21","targetHints":{"allow":["GET"]}}],"collection":[{"href":"https:\/\/eventos.ufrrj.br\/psicologia\/wp-json\/wp\/v2\/pages"}],"about":[{"href":"https:\/\/eventos.ufrrj.br\/psicologia\/wp-json\/wp\/v2\/types\/page"}],"author":[{"embeddable":true,"href":"https:\/\/eventos.ufrrj.br\/psicologia\/wp-json\/wp\/v2\/users\/1"}],"replies":[{"embeddable":true,"href":"https:\/\/eventos.ufrrj.br\/psicologia\/wp-json\/wp\/v2\/comments?post=21"}],"version-history":[{"count":28,"href":"https:\/\/eventos.ufrrj.br\/psicologia\/wp-json\/wp\/v2\/pages\/21\/revisions"}],"predecessor-version":[{"id":209,"href":"https:\/\/eventos.ufrrj.br\/psicologia\/wp-json\/wp\/v2\/pages\/21\/revisions\/209"}],"wp:attachment":[{"href":"https:\/\/eventos.ufrrj.br\/psicologia\/wp-json\/wp\/v2\/media?parent=21"}],"curies":[{"name":"wp","href":"https:\/\/api.w.org\/{rel}","templated":true}]}}