{"id":188,"date":"2016-07-07T11:02:48","date_gmt":"2016-07-07T14:02:48","guid":{"rendered":"http:\/\/eventos.ufrrj.br\/psicologia\/?page_id=188"},"modified":"2016-07-25T09:50:57","modified_gmt":"2016-07-25T12:50:57","slug":"chegando-de-onibus-interestadual-no-rio-de-janeiro","status":"publish","type":"page","link":"https:\/\/eventos.ufrrj.br\/psicologia\/chegando-de-onibus-interestadual-no-rio-de-janeiro\/","title":{"rendered":"Viniendo de un estado a otro autob\u00fas en R\u00edo de Janeiro"},"content":{"rendered":"<p><strong>LLAGANDO EN MICRO (OMNIBUS) DESDE RIO DE JANEIRO<\/strong><\/p>\n<p>&nbsp;<\/p>\n<p><strong>Saliendo de la estaci\u00f3n de micros (rodovi\u00e1ria) Novo Rio<\/strong><strong>\u00a0 <\/strong><strong>(TIEMPO ESTIMADO &#8211; 1:30 a 2:00 hs) <\/strong><\/p>\n<p>Al salir de la estaci\u00f3n de micros, busque la estaci\u00f3n de gasolina (nafta) Shell y vaya hasta la pr\u00f3xima parada de micros despu\u00e9s de la estaci\u00f3n. Tome el micro 441B &#8211; Serop\u00e9dica (empresa Real Rio, micro verde).<\/p>\n<p>&nbsp;<\/p>\n<p><strong>LLEGANDO EN AVI\u00d3N A RIO DE JANEIRO<\/strong><\/p>\n<p>&nbsp;<\/p>\n<p><strong>Saliendo del Aeropuerto Santos Dumont<\/strong> <strong>(TIEMPO ESTIMADO \u2013 2:00hs )<\/strong><\/p>\n<p>Al salir del aeropuerto, camine unos 7 a 10 minutos hasta la estaci\u00f3n de metro Cinel\u00e2ndia (Punto de referencia: Plaza del Teatro Municipal). Tome el metro (sentido Pavuna, Zona Norte, l\u00ednea verde). Baje en la estaci\u00f3n Coelho Neto y tome el \u00f3mnibus 712L \u2013 Serop\u00e9dica (empresa Real Rio, \u00f3mnibus verde).<\/p>\n<p>Tambi\u00e9n puede tomar un \u00f3mnibus o taxi hasta Candel\u00e1ria (10 a 15 minutos) y, despu\u00e9s, tome el \u00f3mnibus 144B &#8211; Serop\u00e9dica (empresa Real Rio, \u00f3mnibus verde).<\/p>\n<p><strong>\u00a0<\/strong><\/p>\n<p><strong>Saliendo del Aeropuerto Internacional Tom Jobim\/RIO Gale\u00e3o<\/strong> <strong>(TIEMPO ESTIMADO &#8211; 2:30 a 3:00hs)<\/strong><\/p>\n<p>OPCI\u00d3N 1: Salir del aeropuerto y tomar el BRT (sentido Vicente de Carvalho). El BRT es un \u00f3mnibus expreso, entre un micro y un metro. Despu\u00e9s, tome el metro en la estaci\u00f3n Vicente de Carvalho (sentido Pavuna). Baje en la estaci\u00f3n Coelho Neto y tome el \u00f3mnibus 712L &#8211; Serop\u00e9dica (empresa Real Rio, \u00f3mnibus verde).<\/p>\n<p>OPCI\u00d3N 2: Salir del aeropuerto y tomar el 761D o el 760D (ambos de la empresa Via\u00e7\u00e3o 1001 &#8211; Gale\u00e3o x Charitas). Pida al conductor bajar en la pasarela 10 de la Avenida Brasil, cruce la p\u00e1rasela y tome el \u00f3mnibus 441B &#8211; Serop\u00e9dica (empresa Real Rio, \u00f3mnibus verde).<\/p>\n<p>&nbsp;<\/p>\n<p><strong>PARA ENCONTRAR INFORMACI\u00d3N DE C\u00d3MO LLEGAR DESDE LOS BARRIOS DE RIO DE JANEIRO O EN AUTO, VER INFORMACI\u00d3N EN PORTUGU\u00c9S<\/strong><\/p>\n","protected":false},"excerpt":{"rendered":"<p>LLAGANDO EN MICRO (OMNIBUS) DESDE RIO DE JANEIRO &nbsp; Saliendo de la estaci\u00f3n de micros (rodovi\u00e1ria) Novo Rio\u00a0 (TIEMPO ESTIMADO <a class=\"read-more\" href=\"https:\/\/eventos.ufrrj.br\/psicologia\/chegando-de-onibus-interestadual-no-rio-de-janeiro\/ \">&#8230; <i class=\"fa fa-long-arrow-right\"><\/i><\/a><\/p>\n","protected":false},"author":1,"featured_media":0,"parent":0,"menu_order":0,"comment_status":"open","ping_status":"open","template":"","meta":{"footnotes":""},"class_list":["post-188","page","type-page","status-publish","hentry"],"_links":{"self":[{"href":"https:\/\/eventos.ufrrj.br\/psicologia\/wp-json\/wp\/v2\/pages\/188","targetHints":{"allow":["GET"]}}],"collection":[{"href":"https:\/\/eventos.ufrrj.br\/psicologia\/wp-json\/wp\/v2\/pages"}],"about":[{"href":"https:\/\/eventos.ufrrj.br\/psicologia\/wp-json\/wp\/v2\/types\/page"}],"author":[{"embeddable":true,"href":"https:\/\/eventos.ufrrj.br\/psicologia\/wp-json\/wp\/v2\/users\/1"}],"replies":[{"embeddable":true,"href":"https:\/\/eventos.ufrrj.br\/psicologia\/wp-json\/wp\/v2\/comments?post=188"}],"version-history":[{"count":3,"href":"https:\/\/eventos.ufrrj.br\/psicologia\/wp-json\/wp\/v2\/pages\/188\/revisions"}],"predecessor-version":[{"id":225,"href":"https:\/\/eventos.ufrrj.br\/psicologia\/wp-json\/wp\/v2\/pages\/188\/revisions\/225"}],"wp:attachment":[{"href":"https:\/\/eventos.ufrrj.br\/psicologia\/wp-json\/wp\/v2\/media?parent=188"}],"curies":[{"name":"wp","href":"https:\/\/api.w.org\/{rel}","templated":true}]}}