{"id":12,"date":"2016-02-18T16:30:32","date_gmt":"2016-02-18T16:30:32","guid":{"rendered":"http:\/\/eventos.ufrrj.br\/psicologia\/?page_id=12"},"modified":"2016-07-22T10:10:29","modified_gmt":"2016-07-22T13:10:29","slug":"organizacao","status":"publish","type":"page","link":"https:\/\/eventos.ufrrj.br\/psicologia\/organizacao\/","title":{"rendered":"Organiza\u00e7\u00e3o"},"content":{"rendered":"<p>&nbsp;<\/p>\n<p><strong>Coordena\u00e7\u00e3o Geral<\/strong><\/p>\n<p>Dra. Rosa Cristina Monteiro \u2013 Brasil\/RJ (Presidente)<\/p>\n<p>Dr. Marcelo Gustavo Aguilar Calegare \u2013 Brasil\/AM<\/p>\n<p>Dr. Fernando Landini \u2013 Argentina<\/p>\n<p>Dr. Jader Leite \u2013 Brasil\/RN<\/p>\n<p>Dr. Bruno Sim\u00f5es Gon\u00e7alves \u2013 Brasil\/SP<\/p>\n<p>&nbsp;<\/p>\n<p>&nbsp;<\/p>\n<p><strong>Coordena\u00e7\u00e3o de Grupos de Trabalho<\/strong><\/p>\n<p><strong>\u00a0<\/strong><\/p>\n<p><strong>Agricultura familiar, extens\u00e3o rural e trabalho rural.<\/strong><\/p>\n<p>Lic. Mar\u00eda In\u00e9s Mathot (Argentina), Leonardo Riet (Uruguay) e Mg. Iv\u00e1n Villafuerte (Ecuador),<\/p>\n<p>&nbsp;<\/p>\n<p><strong>Sa\u00fade e contextos rurais<\/strong>.<\/p>\n<p>Dra. Candida Bezerra Dantas (Brasil), Dra. Magda Dimenstein (Brasil) y Lic. Valeria Gonz\u00e1lez Cowes (Argentina)<\/p>\n<p>&nbsp;<\/p>\n<p><strong>Educa\u00e7\u00e3o do campo<\/strong>.<\/p>\n<p>Dra. Daniela Andrea Vera Bachmann (Chile) e Dra. Ana Paula Soares Silva (Brasil)<\/p>\n<p><strong>\u00a0<\/strong><\/p>\n<p><strong>Movimentos sociais, grupos \u00e9tnicos e povos tradicionais.<\/strong><\/p>\n<p>Dr. J\u00e1der Ferreira Leite (Brasil), Dr. Bruno Sim\u00f5es Gon\u00e7alves (Brasil),\u00a0Dra. Lucrecia Petit (Argentina) e Dra. Katherine Herazo (M\u00e9xico)<\/p>\n<p><strong>\u00a0<\/strong><\/p>\n<p><strong>G\u00eanero e gera\u00e7\u00e3o.<\/strong><\/p>\n<p>Mg. Alicia Migliaro (Uruguay), Dra. Rosineide de Lourdes Meira Cordeiro (Brasil) e Dra. F\u00e1tima Cruz (Brasil\/Espanha)<\/p>\n<p><strong>\u00a0<\/strong><\/p>\n<p><strong>Ambiente e sustentabilidade.<\/strong><\/p>\n<p>Dr. Marcelo Gustavo Aguilar Calegare (Brasil), Dra. Alejandra Olivera M\u00e9ndez (M\u00e9xico) y Dra. Concepci\u00f3n S\u00e1nchez Quintanar (M\u00e9xico)<\/p>\n<p><strong>\u00a0<\/strong><\/p>\n<p><strong>Comiss\u00f5es de Trabalho<\/strong><\/p>\n<p><strong>Comunica\u00e7\u00e3o<\/strong><\/p>\n<p>Mg. Rita De C\u00e1ssia Maciazeki (Universidade de Porto, Portugal\/UFSC, Brasil)<\/p>\n<p>Ms. Cec\u00edlia Moreyra de Figueiredo (Universidade Federal Rural do Rio de Janeiro,Brasil)<\/p>\n<p>&nbsp;<\/p>\n<p><strong>Publica\u00e7\u00e3o<\/strong><\/p>\n<p>Lic. Sandra Hoffman Martins (Universidade de la Cuenca del Plata, Argentina) (Coordenadora)<\/p>\n<p>Lic. Laura Anger (Universidade de la Cuenca del Plata, Argentina)<\/p>\n<p>Lic. Nicol\u00e1s Mart\u00ednez (CONICET e Universidade de la Cuenca del Plata, Argentina)<\/p>\n<p>Lic. Mauricio Nische (CONICET e Universidade de La Cuenca del Plata, Argentina)<\/p>\n<p>&nbsp;<\/p>\n<p><strong>Tradu\u00e7\u00e3o<\/strong><\/p>\n<p>Lic. Vanina Bianqui (CONICET e Universidade de Mor\u00f3n, Argentina)<\/p>\n<p>Lic. Eliana D\u2019Amore (CONICET e Universidade de La Cuenca del Plata, Argentina)<\/p>\n<p>&nbsp;<\/p>\n<p><strong>Finan\u00e7as<\/strong><\/p>\n<p>Ms. Cicero dos Santos Filho (Universidade Federal Rural do Rio de Janeiro, Brasil)<\/p>\n<p>&nbsp;<\/p>\n<p><strong>Infra-estrutura<\/strong><\/p>\n<p>Dr. Jos\u00e9 Ricardo Silva Ramos (Universidade Federal Rural do Rio de Janeiro, Brasil)<\/p>\n<p>&nbsp;<\/p>\n<p><strong>Comit\u00ea Cient\u00edfico<\/strong><\/p>\n<p><strong>\u00a0<\/strong><\/p>\n<p><strong>Presidente:<\/strong><strong>\u00a0<\/strong>Dr. Fernando Landini &#8211; Universidad de la Cuenca del Plata (Argentina)<\/p>\n<p style=\"margin: 0cm;margin-bottom: .0001pt;background: white\">Dr. Antonio Ismael Lapalma \u2013 Universidade de Buenos Aires (Argentina)<\/p>\n<p style=\"line-height: 14.25pt\"><span style=\"font-size: 10.0pt;font-family: 'Georgia','serif';color: #333333\">Dra. Lucrecia Petit \u2013 Universidade de Buenos Aires (Argentina)<\/span><\/p>\n<p style=\"line-height: 14.25pt\"><span style=\"font-size: 10.0pt;font-family: 'Georgia','serif';color: #333333\">Dr. Marcelo Gustavo Aguilar Calegare \u2013 Universidade Federal do Amazonas (Brasil)<\/span><\/p>\n<p style=\"line-height: 14.25pt\"><span style=\"font-size: 10.0pt;font-family: 'Georgia','serif';color: #333333\">Dra. C\u00e1ndida Bezerra Dantas \u2013 Universidade Federal do Rio Grande do Norte (Brasil)<\/span><\/p>\n<p style=\"line-height: 14.25pt\"><span style=\"font-size: 10.0pt;font-family: 'Georgia','serif';color: #333333\">Dra. Eliane Silvia Costa \u2013 Universidade Federal de Roraima (Brasil)<\/span><\/p>\n<p style=\"line-height: 14.25pt\"><span style=\"font-size: 10.0pt;font-family: 'Georgia','serif';color: #333333\">Dra. Eveline Favero \u2013 Universidade Estadual do Oeste do Paran\u00e1 (Brasil)<\/span><\/p>\n<p style=\"line-height: 14.25pt\"><span style=\"font-size: 10.0pt;font-family: 'Georgia','serif';color: #333333\">Dra. Gislayne Cristina Figueiredo \u2013 Universidade Paulista (Brasil)<\/span><\/p>\n<p style=\"line-height: 14.25pt\">Dr. J\u00e1der Ferreira Leite \u2013 Universidad Federale do Rio Grande do Norte (Brasil)<\/p>\n<p style=\"line-height: 14.25pt\">Dra. Thelma Grisi Vel\u00f4so \u2013 Universidade Estadual da Para\u00edba (Brasil)<\/p>\n<p style=\"line-height: 14.25pt\"><span style=\"font-size: 10.0pt;font-family: 'Georgia','serif';color: #333333\">Dra. Ver\u00f3nica Moraes Ximenes \u2013 Universidade Federal do Cear\u00e1 (Brasil)<\/span><\/p>\n<p style=\"line-height: 14.25pt\"><span style=\"font-size: 10.0pt;font-family: 'Georgia','serif';color: #333333\">Dr. Jo\u00e3o Paulo Sales de Macedo \u2013 Universidade Federal do Piau\u00ed (Brasil)<\/span><\/p>\n<p>Dra. Juliana da Silva N\u00f3brega \u2013 Universidade Federal de Rond\u00f4nia (Brasil)<\/p>\n<p style=\"line-height: 14.25pt\"><span style=\"font-size: 10.0pt;font-family: 'Georgia','serif';color: #333333\">Dra. Ana Paula Soares Da Silva \u2013 Universidade de S\u00e3o Paulo (Brasil)<\/span><\/p>\n<p style=\"line-height: 14.25pt\"><span style=\"font-size: 10.0pt;font-family: 'Georgia','serif';color: #333333\">Dra. Daniela Andrea Vera Bachmann \u2013 Universidade Austral de Chile (Chile)<\/span><\/p>\n<p style=\"line-height: 14.25pt\"><span style=\"font-size: 10.0pt;font-family: 'Georgia','serif';color: #333333\">Dr. Carlos Alberto Arango Calad \u2013 Universidade Del Valle (Colombia)<\/span><\/p>\n<p style=\"line-height: 14.25pt\"><span style=\"font-size: 10.0pt;font-family: 'Georgia','serif';color: #333333\">Dr. Marlon M\u00e9ndez Sastoque \u2013 Universidade de Caldas (Colombia)<\/span><\/p>\n<p style=\"line-height: 14.25pt\"><span style=\"font-size: 10.0pt;font-family: 'Georgia','serif';color: #333333\">Dr. Francisco Morales Calatayud \u2013 Universidade de la Rep\u00fablica (Cuba\/Uruguay)<\/span><\/p>\n<p style=\"line-height: 14.25pt\"><span style=\"font-size: 10.0pt;font-family: 'Georgia','serif';color: #333333\">Dra. Katherine I. Herazo Gonz\u00e1lez \u2013 UNAM\/ Facultade de Psicolog\u00eda (M\u00e9xico)<\/span><\/p>\n<p style=\"line-height: 14.25pt\"><span style=\"font-size: 10.0pt;font-family: 'Georgia','serif';color: #333333\">Dra. Alejandra Olivera M\u00e9ndez \u2013 Colegio de Posgraduados (M\u00e9xico)<\/span><\/p>\n<p style=\"line-height: 14.25pt\"><span style=\"font-size: 10.0pt;font-family: 'Georgia','serif';color: #333333\">Dra. Concepci\u00f3n S\u00e1nchez Quintanar \u2013 Colegio de Posgraduados (M\u00e9xico)<\/span><\/p>\n<p style=\"line-height: 14.25pt\"><span style=\"font-size: 10.0pt;font-family: 'Georgia','serif';color: #333333\">Dra. Norma Coppari \u2013 Universidade Cat\u00f3lica de Asunci\u00f3n (Paraguay)<\/span><\/p>\n<p style=\"line-height: 14.25pt\"><span style=\"font-size: 10.0pt;font-family: 'Georgia','serif';color: #333333\">Dr. Vasco Andr\u00e9 Barbosa Brand\u00e3o \u2013 Universidade de Tr\u00e1s-os-Montes e Alto Douro (Portugal)<\/span><\/p>\n<p style=\"line-height: 14.25pt\"><span style=\"font-size: 10.0pt;font-family: 'Georgia','serif';color: #333333\">Dra. Esther Wiesenfeld \u2013 Universidade Central de Venezuela (Venezuela)<\/span><\/p>\n<p style=\"line-height: 14.25pt\"><span style=\"font-size: 10.0pt;font-family: 'Georgia','serif';color: #333333\">Dr. Humberto Tommasino \u2013 Universidade de la Rep\u00fablica (Uruguay)<\/span><\/p>\n<h1><\/h1>\n<p><strong>Comit\u00ea Cient\u00edfico Local<\/strong><\/p>\n<p>Dra. Rosa Cristina Monteiro<\/p>\n<p>Dr. Jos\u00e9 Ricardo Silva Ramos<\/p>\n<p>Dr. Marcos Aguiar de Souza<\/p>\n<p>Dr. Bruno Sim\u00f5es Gon\u00e7alves<\/p>\n<p>Dr. Ronal Clay Ericeira<\/p>\n<p>Dra. Silvia Maria Melo Gon\u00e7alves<\/p>\n<p>Dra. Luciene Naiff<\/p>\n<p>&nbsp;<\/p>\n","protected":false},"excerpt":{"rendered":"<p>&nbsp; Coordena\u00e7\u00e3o Geral Dra. Rosa Cristina Monteiro \u2013 Brasil\/RJ (Presidente) Dr. Marcelo Gustavo Aguilar Calegare \u2013 Brasil\/AM Dr. Fernando Landini <a class=\"read-more\" href=\"https:\/\/eventos.ufrrj.br\/psicologia\/organizacao\/ \">&#8230; <i class=\"fa fa-long-arrow-right\"><\/i><\/a><\/p>\n","protected":false},"author":1,"featured_media":0,"parent":0,"menu_order":0,"comment_status":"open","ping_status":"open","template":"","meta":{"footnotes":""},"class_list":["post-12","page","type-page","status-publish","hentry"],"_links":{"self":[{"href":"https:\/\/eventos.ufrrj.br\/psicologia\/wp-json\/wp\/v2\/pages\/12","targetHints":{"allow":["GET"]}}],"collection":[{"href":"https:\/\/eventos.ufrrj.br\/psicologia\/wp-json\/wp\/v2\/pages"}],"about":[{"href":"https:\/\/eventos.ufrrj.br\/psicologia\/wp-json\/wp\/v2\/types\/page"}],"author":[{"embeddable":true,"href":"https:\/\/eventos.ufrrj.br\/psicologia\/wp-json\/wp\/v2\/users\/1"}],"replies":[{"embeddable":true,"href":"https:\/\/eventos.ufrrj.br\/psicologia\/wp-json\/wp\/v2\/comments?post=12"}],"version-history":[{"count":15,"href":"https:\/\/eventos.ufrrj.br\/psicologia\/wp-json\/wp\/v2\/pages\/12\/revisions"}],"predecessor-version":[{"id":214,"href":"https:\/\/eventos.ufrrj.br\/psicologia\/wp-json\/wp\/v2\/pages\/12\/revisions\/214"}],"wp:attachment":[{"href":"https:\/\/eventos.ufrrj.br\/psicologia\/wp-json\/wp\/v2\/media?parent=12"}],"curies":[{"name":"wp","href":"https:\/\/api.w.org\/{rel}","templated":true}]}}