{"id":10,"date":"2016-02-18T16:30:13","date_gmt":"2016-02-18T16:30:13","guid":{"rendered":"http:\/\/eventos.ufrrj.br\/psicologia\/?page_id=10"},"modified":"2016-08-22T09:31:55","modified_gmt":"2016-08-22T12:31:55","slug":"local-do-evento","status":"publish","type":"page","link":"https:\/\/eventos.ufrrj.br\/psicologia\/local-do-evento\/","title":{"rendered":"Local do Evento"},"content":{"rendered":"<p>O Congresso acontecer\u00e1 no campus principal da Universidade Federal Rural do Rio de Janeiro, no munic\u00edpio de Serop\u00e9dica \u2013 Rio de Janeiro (n\u00e3o na cidade de Rio de Janeiro)<\/p>\n<p><a href=\"http:\/\/eventos.ufrrj.br\/psicologia\/files\/2016\/02\/mapa.png\"><img loading=\"lazy\" decoding=\"async\" class=\"aligncenter wp-image-175 size-full\" src=\"http:\/\/eventos.ufrrj.br\/psicologia\/files\/2016\/02\/mapa.png\" alt=\"[cml_media_alt id='175']mapa[\/cml_media_alt]\" width=\"567\" height=\"330\" srcset=\"https:\/\/eventos.ufrrj.br\/psicologia\/files\/2016\/02\/mapa.png 567w, https:\/\/eventos.ufrrj.br\/psicologia\/files\/2016\/02\/mapa-300x174.png 300w\" sizes=\"auto, (max-width: 567px) 100vw, 567px\" \/><\/a><\/p>\n<p>O munic\u00edpio fica a 80 km de dist\u00e2ncia da cidade do Rio de Janeiro e 400 km da cidade de S\u00e3o Paulo.<br \/>\nO campus de Serop\u00e9dica \u00e9 considerado um dos campi mais bonitos do Brasil, com arquitetura exemplar, parques, lagos e bosques.<\/p>\n<p><a href=\"http:\/\/eventos.ufrrj.br\/psicologia\/files\/2016\/02\/p1.png\"><img loading=\"lazy\" decoding=\"async\" class=\"aligncenter wp-image-176 size-full\" src=\"http:\/\/eventos.ufrrj.br\/psicologia\/files\/2016\/02\/p1.png\" alt=\"[cml_media_alt id='176']p1[\/cml_media_alt]\" width=\"567\" height=\"148\" srcset=\"https:\/\/eventos.ufrrj.br\/psicologia\/files\/2016\/02\/p1.png 567w, https:\/\/eventos.ufrrj.br\/psicologia\/files\/2016\/02\/p1-300x78.png 300w\" sizes=\"auto, (max-width: 567px) 100vw, 567px\" \/><\/a><\/p>\n<p><a href=\"http:\/\/eventos.ufrrj.br\/psicologia\/files\/2016\/02\/alojamento.png\"><img loading=\"lazy\" decoding=\"async\" class=\"aligncenter wp-image-177 size-full\" src=\"http:\/\/eventos.ufrrj.br\/psicologia\/files\/2016\/02\/alojamento.png\" alt=\"[cml_media_alt id='177']alojamento[\/cml_media_alt]\" width=\"567\" height=\"148\" srcset=\"https:\/\/eventos.ufrrj.br\/psicologia\/files\/2016\/02\/alojamento.png 567w, https:\/\/eventos.ufrrj.br\/psicologia\/files\/2016\/02\/alojamento-300x78.png 300w\" sizes=\"auto, (max-width: 567px) 100vw, 567px\" \/><\/a><\/p>\n<p>O acesso a Serop\u00e9dica a partir das cidades do Rio de Janeiro e de S\u00e3o Paulo est\u00e1 detalhado a seguir<\/p>\n<p>&nbsp;<\/p>\n<p>Desde Rio de Janeiro (80 km) <a title=\"Como Chegar\" href=\"http:\/\/eventos.ufrrj.br\/psicologia\/chegando-de-onibus-interestadual-no-rio-de-janeiro\/\"><br \/>\n<button class=\"btn btn-primary\" type=\"button\">Como Chegar<\/button><br \/>\n<\/a><\/p>\n<p>&nbsp;<\/p>\n<p><a title=\"Como Chegar\" href=\"http:\/\/eventos.ufrrj.br\/psicologia\/chegando-de-onibus-interestadual-no-rio-de-janeiro\/\"> Desde S\u00e3o Paulo (400 km) <\/a><a title=\"Como Chegar\" href=\"http:\/\/eventos.ufrrj.br\/psicologia\/llegando-de-un-estado-otro-autobus-en-sao-paulo\/\"><br \/>\n<button class=\"btn btn-primary\" type=\"button\">Como Chegar<\/button><br \/>\n<\/a><\/p>\n<h2><\/h2>\n<h2>Hospedagem<\/h2>\n<p><a title=\"Como Chegar\" href=\"http:\/\/eventos.ufrrj.br\/psicologia\/hospedagem\/\"><br \/>\n<button class=\"btn btn-primary\" type=\"button\">Sugest\u00f5es de Hospedagem<\/button><br \/>\n<\/a><\/p>\n","protected":false},"excerpt":{"rendered":"<p>O Congresso acontecer\u00e1 no campus principal da Universidade Federal Rural do Rio de Janeiro, no munic\u00edpio de Serop\u00e9dica \u2013 Rio <a class=\"read-more\" href=\"https:\/\/eventos.ufrrj.br\/psicologia\/local-do-evento\/ \">&#8230; <i class=\"fa fa-long-arrow-right\"><\/i><\/a><\/p>\n","protected":false},"author":1,"featured_media":0,"parent":0,"menu_order":0,"comment_status":"open","ping_status":"open","template":"","meta":{"footnotes":""},"class_list":["post-10","page","type-page","status-publish","hentry"],"_links":{"self":[{"href":"https:\/\/eventos.ufrrj.br\/psicologia\/wp-json\/wp\/v2\/pages\/10","targetHints":{"allow":["GET"]}}],"collection":[{"href":"https:\/\/eventos.ufrrj.br\/psicologia\/wp-json\/wp\/v2\/pages"}],"about":[{"href":"https:\/\/eventos.ufrrj.br\/psicologia\/wp-json\/wp\/v2\/types\/page"}],"author":[{"embeddable":true,"href":"https:\/\/eventos.ufrrj.br\/psicologia\/wp-json\/wp\/v2\/users\/1"}],"replies":[{"embeddable":true,"href":"https:\/\/eventos.ufrrj.br\/psicologia\/wp-json\/wp\/v2\/comments?post=10"}],"version-history":[{"count":7,"href":"https:\/\/eventos.ufrrj.br\/psicologia\/wp-json\/wp\/v2\/pages\/10\/revisions"}],"predecessor-version":[{"id":236,"href":"https:\/\/eventos.ufrrj.br\/psicologia\/wp-json\/wp\/v2\/pages\/10\/revisions\/236"}],"wp:attachment":[{"href":"https:\/\/eventos.ufrrj.br\/psicologia\/wp-json\/wp\/v2\/media?parent=10"}],"curies":[{"name":"wp","href":"https:\/\/api.w.org\/{rel}","templated":true}]}}