{"id":7,"date":"2013-11-08T13:30:21","date_gmt":"2013-11-08T13:30:21","guid":{"rendered":"http:\/\/eventos.ufrrj.br\/literaturainglesa\/?page_id=7"},"modified":"2014-10-20T14:24:15","modified_gmt":"2014-10-20T14:24:15","slug":"programacao","status":"publish","type":"page","link":"https:\/\/eventos.ufrrj.br\/literaturainglesa\/programacao\/","title":{"rendered":"Programa\u00e7\u00e3o"},"content":{"rendered":"<p><strong>IV COL\u00d3QUIO &#8211; PROGRAMA\u00c7\u00c3O<\/strong><\/p>\n<p>&nbsp;<\/p>\n<p><strong>03 de novembro (segunda-feira)<\/strong><\/p>\n<p>&nbsp;<\/p>\n<p>14:00<\/p>\n<p>Abertura<\/p>\n<p>&#8211; &#8220;O olhar forense ou a fala dos mortos&#8221;<\/p>\n<p style=\"font-size: 13px\">Karl Erik Sch\u00f8llhammer (PUC-Rio)<\/p>\n<p>&nbsp;<\/p>\n<p>15:00<\/p>\n<p>Mesa 1<\/p>\n<p>&#8211; &#8220;A trilogia joyciana de Richard Linklater&#8221;<\/p>\n<p>Vitor Alevato do Amaral (UFRJ)<\/p>\n<p>&#8211; &#8220;Literatura e manipula\u00e7\u00e3o ideol\u00f3gica em <em>O Inescrito<\/em>, de Mike Carey e Peter Gross&#8221;<\/p>\n<p>Tarso do Amaral (UERJ)<\/p>\n<p>&#8211; &#8220;As adapta\u00e7\u00f5es de <em>Streetcar Named Desire<\/em> de Tennessee Williams: Do desejo de adapta\u00e7\u00e3o at\u00e9 as diferentes leituras e olhares no ensino superior&#8221;<\/p>\n<p>Renata Gomes (FEUC)<\/p>\n<p>&nbsp;<\/p>\n<p>Mesa 2<\/p>\n<p>&#8211; &#8220;<em>A Tempestade 2.0<\/em>: a nova arte de Pr\u00f3spero em <em>Truque de Mestre<\/em>&#8220;<\/p>\n<p>Alexander Luz (UFRRJ)<\/p>\n<p>&#8211; &#8220;Adapta\u00e7\u00f5es das obras de Jane Austen: populariza\u00e7\u00e3o e apropria\u00e7\u00e3o da obra&#8221;<\/p>\n<p>Julia Romeu (UERJ)<\/p>\n<p>&#8211; &#8220;Shakespeare no Brasil&#8221;<\/p>\n<p>Fernanda Medeiros (UERJ)<\/p>\n<p>&nbsp;<\/p>\n<p>16:30<\/p>\n<p>Intervalo<\/p>\n<p>&nbsp;<\/p>\n<p>17:00<\/p>\n<p>Mesa 3<\/p>\n<p>&#8211; &#8220;A nova novela das 8: o di\u00e1logo entre literatura e folhetim eletr\u00f4nico&#8221;<\/p>\n<p>Val\u00e9ria Medeiros (UFT)<\/p>\n<p>&#8211; &#8220;Literatura e Pol\u00edtica: a escrita jornal\u00edstica de George Orwell&#8221;<\/p>\n<p>Antonio Carlos Ribeiro (UFT)<\/p>\n<p>&#8211; &#8220;LSD and Subversion: The Construction of Narrative Voice in <em>One Flew Over the Cuckoo&#8217;s Nest<\/em>&#8220;<\/p>\n<p>Mackenzie Muhonen (Fulbright\/Capes)<\/p>\n<p>&nbsp;<\/p>\n<p>Mesa 4<\/p>\n<p>&#8211; &#8220;Literatura e Ilustra\u00e7\u00e3o: projetos desenvolvidos na Editora da Universidade Rural (EDUR) relacionados \u00e0 ilustra\u00e7\u00e3o de livro&#8221;<\/p>\n<p>Alexandre L. Guedes (UFRRJ)<\/p>\n<p>&#8211; &#8220;Do <em>Concept<\/em> ao <em>Lettering<\/em>: Processos visuais na adapta\u00e7\u00e3o liter\u00e1ria em quadrinhos e sua origem no Brasil&#8221;<\/p>\n<p>Klaus Reis (UFRRJ)<\/p>\n<p>&#8211; &#8220;Di\u00e1logos poss\u00edveis entre Materialidade Textual e Est\u00e9tica da Recep\u00e7\u00e3o em estudos shakespearianos&#8221;<\/p>\n<p>Alexander Martins Vianna (UFRRJ)<\/p>\n<p>&nbsp;<\/p>\n<p>18:30<\/p>\n<p>Palestra de Encerramento<\/p>\n<p>&#8211; &#8220;Configura\u00e7\u00f5es Contempor\u00e2neas da Hist\u00f3ria Liter\u00e1ria&#8221;<\/p>\n<p>Heidrun Krieger Olinto (PUC-Rio)<\/p>\n<p>&nbsp;<\/p>\n<p><strong>04 de novembro (ter\u00e7a-feira)<\/strong><\/p>\n<p><strong>\u00a0<\/strong><\/p>\n<p>14:00<\/p>\n<p>&#8211; &#8220;O romance gr\u00e1fico nas literaturas de express\u00e3o inglesa: quadrinhos para adultos&#8221;<\/p>\n<p>Leila Harris (UERJ)<\/p>\n<p>&#8211; &#8220;Pais imprudentes, m\u00e3es ausentes: uma reescritura contempor\u00e2nea de <em>King Lear<\/em>, de William Shakespeare, em <em>Wise Children<\/em>, de Angela Carter&#8221;<\/p>\n<p>Peonia Guedes (UERJ)<\/p>\n<p>&#8211; &#8220;A Literatura Afro-Americana e seu di\u00e1logo com o cinema&#8221;<\/p>\n<p>Maria Aparecida Salgueiro (UERJ)<\/p>\n<p>&nbsp;<\/p>\n<p>15:00<\/p>\n<p>Mesa 5<\/p>\n<p>&#8211; &#8220;Um Sherlock contempor\u00e2neo: considera\u00e7\u00f5es sobre a figura do detetive na s\u00e9rie <em>Sherlock<\/em> da BBC&#8221;<\/p>\n<p>Carla Portilho (UFF)<\/p>\n<p>&#8211; &#8220;Considera\u00e7\u00f5es sobre a adapta\u00e7\u00e3o televisiva de <em>Angels in America&#8221;<\/em><\/p>\n<p>Vanessa Cianconi (UFRRJ)<\/p>\n<p>&#8211; &#8220;The Lost Generation in Paris: The Modern American Expat Scene and Woody Allen&#8217;s <em>Midnight in Paris<\/em>&#8220;<\/p>\n<p>Emelyn Daly (Fulbright\/Capes)<\/p>\n<p>&nbsp;<\/p>\n<p>Mesa 6<\/p>\n<p>&#8211; &#8220;Quem s\u00e3o os mortos-vivos em <em>The Walking Dead<\/em>?&#8221;<\/p>\n<p>Fabiana Julio (FEUC)<\/p>\n<p>&#8211; &#8220;Do romance ao r\u00e1dio: dois momentos de Francis Xavier Enderby&#8221;<\/p>\n<p>Amaury Garcia dos Santos Neto (PUC-Rio\/CMRJ)<\/p>\n<p>&#8211; &#8220;Por que (e como) ler Shakespeare na escola: adapta\u00e7\u00f5es , HQs e <em>graphic novels<\/em><\/p>\n<p>Andr\u00e9 Deschamps (Faculdades CCAA)<\/p>\n<p>&nbsp;<\/p>\n<p>17:00<\/p>\n<p>Intervalo<\/p>\n<p>&nbsp;<\/p>\n<p>17:30<\/p>\n<p>&#8211; &#8220;Atualizando a distopia: uma nova montagem de <em>1984<\/em>&#8220;<\/p>\n<p><strong>Uma discuss\u00e3o sobre adapta\u00e7\u00f5es de <em>1984<\/em> para o teatro e cinema<\/strong><\/p>\n","protected":false},"excerpt":{"rendered":"<p>IV COL\u00d3QUIO &#8211; PROGRAMA\u00c7\u00c3O &nbsp; 03 de novembro (segunda-feira) &nbsp; 14:00 Abertura &#8211; &#8220;O olhar forense ou a fala dos mortos&#8221; Karl [&hellip;]<\/p>\n","protected":false},"author":1,"featured_media":0,"parent":0,"menu_order":0,"comment_status":"open","ping_status":"open","template":"","meta":{"_acf_changed":false,"footnotes":""},"tags":[],"class_list":["post-7","page","type-page","status-publish","hentry"],"acf":[],"yoast_head":"<!-- This site is optimized with the Yoast SEO plugin v27.5 - https:\/\/yoast.com\/product\/yoast-seo-wordpress\/ -->\n<title>Programa\u00e7\u00e3o - Literatura Inglesa<\/title>\n<meta name=\"robots\" content=\"index, follow, max-snippet:-1, max-image-preview:large, max-video-preview:-1\" \/>\n<link rel=\"canonical\" href=\"https:\/\/eventos.ufrrj.br\/literaturainglesa\/programacao\/\" \/>\n<meta property=\"og:locale\" content=\"pt_BR\" \/>\n<meta property=\"og:type\" content=\"article\" \/>\n<meta property=\"og:title\" content=\"Programa\u00e7\u00e3o - Literatura Inglesa\" \/>\n<meta property=\"og:description\" content=\"IV COL\u00d3QUIO &#8211; PROGRAMA\u00c7\u00c3O &nbsp; 03 de novembro (segunda-feira) &nbsp; 14:00 Abertura &#8211; &#8220;O olhar forense ou a fala dos mortos&#8221; Karl [&hellip;]\" \/>\n<meta property=\"og:url\" content=\"https:\/\/eventos.ufrrj.br\/literaturainglesa\/programacao\/\" \/>\n<meta property=\"og:site_name\" content=\"Literatura Inglesa\" \/>\n<meta property=\"article:modified_time\" content=\"2014-10-20T14:24:15+00:00\" \/>\n<meta name=\"twitter:card\" content=\"summary_large_image\" \/>\n<meta name=\"twitter:label1\" content=\"Est. tempo de leitura\" \/>\n\t<meta name=\"twitter:data1\" content=\"2 minutos\" \/>\n<script type=\"application\/ld+json\" class=\"yoast-schema-graph\">{\"@context\":\"https:\\\/\\\/schema.org\",\"@graph\":[{\"@type\":\"WebPage\",\"@id\":\"https:\\\/\\\/eventos.ufrrj.br\\\/literaturainglesa\\\/programacao\\\/\",\"url\":\"https:\\\/\\\/eventos.ufrrj.br\\\/literaturainglesa\\\/programacao\\\/\",\"name\":\"Programa\u00e7\u00e3o - Literatura Inglesa\",\"isPartOf\":{\"@id\":\"https:\\\/\\\/eventos.ufrrj.br\\\/literaturainglesa\\\/#website\"},\"datePublished\":\"2013-11-08T13:30:21+00:00\",\"dateModified\":\"2014-10-20T14:24:15+00:00\",\"breadcrumb\":{\"@id\":\"https:\\\/\\\/eventos.ufrrj.br\\\/literaturainglesa\\\/programacao\\\/#breadcrumb\"},\"inLanguage\":\"pt-BR\",\"potentialAction\":[{\"@type\":\"ReadAction\",\"target\":[\"https:\\\/\\\/eventos.ufrrj.br\\\/literaturainglesa\\\/programacao\\\/\"]}]},{\"@type\":\"BreadcrumbList\",\"@id\":\"https:\\\/\\\/eventos.ufrrj.br\\\/literaturainglesa\\\/programacao\\\/#breadcrumb\",\"itemListElement\":[{\"@type\":\"ListItem\",\"position\":1,\"name\":\"In\u00edcio\",\"item\":\"https:\\\/\\\/eventos.ufrrj.br\\\/literaturainglesa\\\/\"},{\"@type\":\"ListItem\",\"position\":2,\"name\":\"Programa\u00e7\u00e3o\"}]},{\"@type\":\"WebSite\",\"@id\":\"https:\\\/\\\/eventos.ufrrj.br\\\/literaturainglesa\\\/#website\",\"url\":\"https:\\\/\\\/eventos.ufrrj.br\\\/literaturainglesa\\\/\",\"name\":\"Literatura Inglesa\",\"description\":\"S\u00f3 mais um site Eventos da UFRRJ \",\"potentialAction\":[{\"@type\":\"SearchAction\",\"target\":{\"@type\":\"EntryPoint\",\"urlTemplate\":\"https:\\\/\\\/eventos.ufrrj.br\\\/literaturainglesa\\\/?s={search_term_string}\"},\"query-input\":{\"@type\":\"PropertyValueSpecification\",\"valueRequired\":true,\"valueName\":\"search_term_string\"}}],\"inLanguage\":\"pt-BR\"}]}<\/script>\n<!-- \/ Yoast SEO plugin. -->","yoast_head_json":{"title":"Programa\u00e7\u00e3o - Literatura Inglesa","robots":{"index":"index","follow":"follow","max-snippet":"max-snippet:-1","max-image-preview":"max-image-preview:large","max-video-preview":"max-video-preview:-1"},"canonical":"https:\/\/eventos.ufrrj.br\/literaturainglesa\/programacao\/","og_locale":"pt_BR","og_type":"article","og_title":"Programa\u00e7\u00e3o - Literatura Inglesa","og_description":"IV COL\u00d3QUIO &#8211; PROGRAMA\u00c7\u00c3O &nbsp; 03 de novembro (segunda-feira) &nbsp; 14:00 Abertura &#8211; &#8220;O olhar forense ou a fala dos mortos&#8221; Karl [&hellip;]","og_url":"https:\/\/eventos.ufrrj.br\/literaturainglesa\/programacao\/","og_site_name":"Literatura Inglesa","article_modified_time":"2014-10-20T14:24:15+00:00","twitter_card":"summary_large_image","twitter_misc":{"Est. tempo de leitura":"2 minutos"},"schema":{"@context":"https:\/\/schema.org","@graph":[{"@type":"WebPage","@id":"https:\/\/eventos.ufrrj.br\/literaturainglesa\/programacao\/","url":"https:\/\/eventos.ufrrj.br\/literaturainglesa\/programacao\/","name":"Programa\u00e7\u00e3o - Literatura Inglesa","isPartOf":{"@id":"https:\/\/eventos.ufrrj.br\/literaturainglesa\/#website"},"datePublished":"2013-11-08T13:30:21+00:00","dateModified":"2014-10-20T14:24:15+00:00","breadcrumb":{"@id":"https:\/\/eventos.ufrrj.br\/literaturainglesa\/programacao\/#breadcrumb"},"inLanguage":"pt-BR","potentialAction":[{"@type":"ReadAction","target":["https:\/\/eventos.ufrrj.br\/literaturainglesa\/programacao\/"]}]},{"@type":"BreadcrumbList","@id":"https:\/\/eventos.ufrrj.br\/literaturainglesa\/programacao\/#breadcrumb","itemListElement":[{"@type":"ListItem","position":1,"name":"In\u00edcio","item":"https:\/\/eventos.ufrrj.br\/literaturainglesa\/"},{"@type":"ListItem","position":2,"name":"Programa\u00e7\u00e3o"}]},{"@type":"WebSite","@id":"https:\/\/eventos.ufrrj.br\/literaturainglesa\/#website","url":"https:\/\/eventos.ufrrj.br\/literaturainglesa\/","name":"Literatura Inglesa","description":"S\u00f3 mais um site Eventos da UFRRJ ","potentialAction":[{"@type":"SearchAction","target":{"@type":"EntryPoint","urlTemplate":"https:\/\/eventos.ufrrj.br\/literaturainglesa\/?s={search_term_string}"},"query-input":{"@type":"PropertyValueSpecification","valueRequired":true,"valueName":"search_term_string"}}],"inLanguage":"pt-BR"}]}},"_links":{"self":[{"href":"https:\/\/eventos.ufrrj.br\/literaturainglesa\/wp-json\/wp\/v2\/pages\/7","targetHints":{"allow":["GET"]}}],"collection":[{"href":"https:\/\/eventos.ufrrj.br\/literaturainglesa\/wp-json\/wp\/v2\/pages"}],"about":[{"href":"https:\/\/eventos.ufrrj.br\/literaturainglesa\/wp-json\/wp\/v2\/types\/page"}],"author":[{"embeddable":true,"href":"https:\/\/eventos.ufrrj.br\/literaturainglesa\/wp-json\/wp\/v2\/users\/1"}],"replies":[{"embeddable":true,"href":"https:\/\/eventos.ufrrj.br\/literaturainglesa\/wp-json\/wp\/v2\/comments?post=7"}],"version-history":[{"count":6,"href":"https:\/\/eventos.ufrrj.br\/literaturainglesa\/wp-json\/wp\/v2\/pages\/7\/revisions"}],"predecessor-version":[{"id":79,"href":"https:\/\/eventos.ufrrj.br\/literaturainglesa\/wp-json\/wp\/v2\/pages\/7\/revisions\/79"}],"wp:attachment":[{"href":"https:\/\/eventos.ufrrj.br\/literaturainglesa\/wp-json\/wp\/v2\/media?parent=7"}],"wp:term":[{"taxonomy":"post_tag","embeddable":true,"href":"https:\/\/eventos.ufrrj.br\/literaturainglesa\/wp-json\/wp\/v2\/tags?post=7"}],"curies":[{"name":"wp","href":"https:\/\/api.w.org\/{rel}","templated":true}]}}