{"id":10,"date":"2013-11-08T13:32:09","date_gmt":"2013-11-08T13:32:09","guid":{"rendered":"http:\/\/eventos.ufrrj.br\/literaturainglesa\/?page_id=10"},"modified":"2014-10-20T12:39:10","modified_gmt":"2014-10-20T12:39:10","slug":"como-chegar","status":"publish","type":"page","link":"https:\/\/eventos.ufrrj.br\/literaturainglesa\/como-chegar\/","title":{"rendered":"Como Chegar"},"content":{"rendered":"<p>Para chegar a Serop\u00e9dica, partindo da cidade do Rio de Janeiro ou Niter\u00f3i , h\u00e1 dois caminhos: a Avenida Brasil \/antiga estrada Rio -SP ou a Rodovia Presidente Dutra.<\/p>\n<p>\u00a0O evento ocorrer\u00e1 no Pavilh\u00e3o Central (P1)<\/p>\n<p><a href=\"https:\/\/www.google.com\/maps\/@-22.763405,-43.688174,3361m\/data=!3m1!1e3\">Link do Google Maps<\/a>\u00a0<\/p>\n<p>&nbsp;<\/p>\n<p><a href=\"http:\/\/eventos.ufrrj.br\/literaturainglesa\/files\/2013\/11\/Mapa-UFRRJ-P1.png\"><img loading=\"lazy\" decoding=\"async\" class=\"alignnone size-large wp-image-76\" src=\"http:\/\/eventos.ufrrj.br\/literaturainglesa\/files\/2013\/11\/Mapa-UFRRJ-P1-1024x513.png\" alt=\"Mapa UFRRJ P1\" width=\"1024\" height=\"513\" srcset=\"https:\/\/eventos.ufrrj.br\/literaturainglesa\/files\/2013\/11\/Mapa-UFRRJ-P1-1024x513.png 1024w, https:\/\/eventos.ufrrj.br\/literaturainglesa\/files\/2013\/11\/Mapa-UFRRJ-P1-300x150.png 300w, https:\/\/eventos.ufrrj.br\/literaturainglesa\/files\/2013\/11\/Mapa-UFRRJ-P1.png 1487w\" sizes=\"auto, (max-width: 1024px) 100vw, 1024px\" \/><\/a><\/p>\n<p>Para quem vem pela Presidente Dutra, de carro,\u00a0 h\u00e1 o \u00f4nus do ped\u00e1gio.\u00a0Talvez valha a pena em hor\u00e1rios de pico, entre 7h e 10h da manh\u00e3\u00a0 e 16h \u00e0s 19h ,\u00a0o tr\u00e2nsito flui melhor pela Dutra , mas a quilometragem,\u00a0no entanto, \u00e9 maior. Pela Avenida Brasil, a dist\u00e2ncia \u00e9 menor,\u00a0com chances de congestionamento.<br \/> \u00a0<br \/> Caminhos para quem vem de carro<br \/> \u00a0<br \/> <strong>1\u00aa Op\u00e7\u00e3o<\/strong>: Pela Avenida Brasil sentido Zona Oeste, ao avistar\u00a0 o Viaduto Oscar Brito virar a direita (Fabrica da BRAHMA). Seguir pela Antiga<br \/> Estrada Rio \u2013 S\u00e3o Paulo at\u00e9 o Km 47 (UFRRJ).<br \/> \u00a0<br \/> <strong>2\u00aa Op\u00e7\u00e3o<\/strong>: Pela Rodovia Presidente Dutra sentido Rio \u2013 S\u00e3o Paulo, ap\u00f3s o Ped\u00e1gio Viuva Gra\u00e7a dobrar na primeira sa\u00edda a direita, seguir em frente at\u00e9 a UFRRJ (aproximadamente 5 Km).<br \/> \u00a0<br \/> <strong>3\u00aa Op\u00e7\u00e3o<\/strong>: Pela Rodovia Presidente Dutra sentido S\u00e3o Paulo \u2013 Rio, ap\u00f3s o BOB\u00b4S (BELVEDERE) tomar a primeira sa\u00edda a direita, seguir em frente at\u00e9 a UFRRJ (aproximadamente 5 Km). \u00a0<br \/> \u00a0<br \/> <strong>\u00a0Para quem vem de \u00f4nibus ou trem<\/strong><br \/> \u00a0<br \/> <strong>1\u00aa Op\u00e7\u00e3o<\/strong>:\u00a0 Utilizar os \u00f4nibus Central-Serop\u00e9dica ou Castelo-Serop\u00e9dica (n\u00famero 441B) da Via\u00e7\u00e3o Real Rio;\u00a0o primeiro sai do terminal Am\u00e9rico Fontenele, na Central do Brasil, e o segundo sai pr\u00f3ximo da Cinel\u00e2ndia. Ambos deixam dentro da universidade.<br \/> \u00a0<br \/> <strong>2\u00aa Op\u00e7\u00e3o<\/strong>: Pegar o trem saindo da esta\u00e7\u00e3o D. Pedro II (Central do Brasil).<br \/> Neste caso, deve-se desembarcar em Campo Grande e tomar, pr\u00f3ximo a 1a esta\u00e7\u00e3o ferrovi\u00e1ria (Rua Campo Grande), o \u00f4nibus Campo Grande-Serop\u00e9dica, da empresa Real Rio.<\/p>\n<p><strong>3\u00aa Op\u00e7\u00e3o<\/strong>: Tomar o onibus na Rodovi\u00e1ria Novo Rio com destino a alguns munic\u00edpios do sul do estado, atrav\u00e9s da rodovia Presidente Dutra. Por esse trajeto, seguir a mesma orienta\u00e7\u00e3o, fornecida a seguir para os que descem no Belvedere Vi\u00fava Gra\u00e7a.\u00a0Vindo do Sul do Estado ou de S\u00e3o Paulo deve-se desembarcar no Belvedere Vi\u00fava Gra\u00e7a, na Rodovia Presidente Dutra e tomar o \u00f4nibus de uma das seguintes linhas: Belvedere-CampoGrande, Belvedere-Itagua\u00ed, Paracambi-Campo Grande, Japeri-Campo Grande.<\/p>\n<p><strong>4a Op\u00e7\u00e3o<\/strong>: Pegar o metr\u00f4 e descer na esta\u00e7\u00e3o Coelho Neto (Linha 2). Na sa\u00edda da esta\u00e7\u00e3o, descendo pelo lado direito, est\u00e1 o ponto final do \u00f4nibus Coelho Neto &#8211; Serop\u00e9dica, que deixa dentro da universidade.<\/p>\n","protected":false},"excerpt":{"rendered":"<p>Para chegar a Serop\u00e9dica, partindo da cidade do Rio de Janeiro ou Niter\u00f3i , h\u00e1 dois caminhos: a Avenida Brasil \/antiga estrada [&hellip;]<\/p>\n","protected":false},"author":1,"featured_media":0,"parent":0,"menu_order":0,"comment_status":"open","ping_status":"open","template":"","meta":{"_acf_changed":false,"footnotes":""},"tags":[],"class_list":["post-10","page","type-page","status-publish","hentry"],"acf":[],"yoast_head":"<!-- This site is optimized with the Yoast SEO plugin v27.5 - https:\/\/yoast.com\/product\/yoast-seo-wordpress\/ -->\n<title>Como Chegar - Literatura Inglesa<\/title>\n<meta name=\"robots\" content=\"index, follow, max-snippet:-1, max-image-preview:large, max-video-preview:-1\" \/>\n<link rel=\"canonical\" href=\"https:\/\/eventos.ufrrj.br\/literaturainglesa\/como-chegar\/\" \/>\n<meta property=\"og:locale\" content=\"pt_BR\" \/>\n<meta property=\"og:type\" content=\"article\" \/>\n<meta property=\"og:title\" content=\"Como Chegar - Literatura Inglesa\" \/>\n<meta property=\"og:description\" content=\"Para chegar a Serop\u00e9dica, partindo da cidade do Rio de Janeiro ou Niter\u00f3i , h\u00e1 dois caminhos: a Avenida Brasil \/antiga estrada [&hellip;]\" \/>\n<meta property=\"og:url\" content=\"https:\/\/eventos.ufrrj.br\/literaturainglesa\/como-chegar\/\" \/>\n<meta property=\"og:site_name\" content=\"Literatura Inglesa\" \/>\n<meta property=\"article:modified_time\" content=\"2014-10-20T12:39:10+00:00\" \/>\n<meta property=\"og:image\" content=\"http:\/\/eventos.ufrrj.br\/literaturainglesa\/files\/2013\/11\/Mapa-UFRRJ-P1-1024x513.png\" \/>\n<meta name=\"twitter:card\" content=\"summary_large_image\" \/>\n<meta name=\"twitter:label1\" content=\"Est. tempo de leitura\" \/>\n\t<meta name=\"twitter:data1\" content=\"2 minutos\" \/>\n<script type=\"application\/ld+json\" class=\"yoast-schema-graph\">{\"@context\":\"https:\\\/\\\/schema.org\",\"@graph\":[{\"@type\":\"WebPage\",\"@id\":\"https:\\\/\\\/eventos.ufrrj.br\\\/literaturainglesa\\\/como-chegar\\\/\",\"url\":\"https:\\\/\\\/eventos.ufrrj.br\\\/literaturainglesa\\\/como-chegar\\\/\",\"name\":\"Como Chegar - Literatura Inglesa\",\"isPartOf\":{\"@id\":\"https:\\\/\\\/eventos.ufrrj.br\\\/literaturainglesa\\\/#website\"},\"primaryImageOfPage\":{\"@id\":\"https:\\\/\\\/eventos.ufrrj.br\\\/literaturainglesa\\\/como-chegar\\\/#primaryimage\"},\"image\":{\"@id\":\"https:\\\/\\\/eventos.ufrrj.br\\\/literaturainglesa\\\/como-chegar\\\/#primaryimage\"},\"thumbnailUrl\":\"http:\\\/\\\/eventos.ufrrj.br\\\/literaturainglesa\\\/files\\\/2013\\\/11\\\/Mapa-UFRRJ-P1-1024x513.png\",\"datePublished\":\"2013-11-08T13:32:09+00:00\",\"dateModified\":\"2014-10-20T12:39:10+00:00\",\"breadcrumb\":{\"@id\":\"https:\\\/\\\/eventos.ufrrj.br\\\/literaturainglesa\\\/como-chegar\\\/#breadcrumb\"},\"inLanguage\":\"pt-BR\",\"potentialAction\":[{\"@type\":\"ReadAction\",\"target\":[\"https:\\\/\\\/eventos.ufrrj.br\\\/literaturainglesa\\\/como-chegar\\\/\"]}]},{\"@type\":\"ImageObject\",\"inLanguage\":\"pt-BR\",\"@id\":\"https:\\\/\\\/eventos.ufrrj.br\\\/literaturainglesa\\\/como-chegar\\\/#primaryimage\",\"url\":\"https:\\\/\\\/eventos.ufrrj.br\\\/literaturainglesa\\\/files\\\/2013\\\/11\\\/Mapa-UFRRJ-P1.png\",\"contentUrl\":\"https:\\\/\\\/eventos.ufrrj.br\\\/literaturainglesa\\\/files\\\/2013\\\/11\\\/Mapa-UFRRJ-P1.png\",\"width\":1487,\"height\":746},{\"@type\":\"BreadcrumbList\",\"@id\":\"https:\\\/\\\/eventos.ufrrj.br\\\/literaturainglesa\\\/como-chegar\\\/#breadcrumb\",\"itemListElement\":[{\"@type\":\"ListItem\",\"position\":1,\"name\":\"In\u00edcio\",\"item\":\"https:\\\/\\\/eventos.ufrrj.br\\\/literaturainglesa\\\/\"},{\"@type\":\"ListItem\",\"position\":2,\"name\":\"Como Chegar\"}]},{\"@type\":\"WebSite\",\"@id\":\"https:\\\/\\\/eventos.ufrrj.br\\\/literaturainglesa\\\/#website\",\"url\":\"https:\\\/\\\/eventos.ufrrj.br\\\/literaturainglesa\\\/\",\"name\":\"Literatura Inglesa\",\"description\":\"S\u00f3 mais um site Eventos da UFRRJ \",\"potentialAction\":[{\"@type\":\"SearchAction\",\"target\":{\"@type\":\"EntryPoint\",\"urlTemplate\":\"https:\\\/\\\/eventos.ufrrj.br\\\/literaturainglesa\\\/?s={search_term_string}\"},\"query-input\":{\"@type\":\"PropertyValueSpecification\",\"valueRequired\":true,\"valueName\":\"search_term_string\"}}],\"inLanguage\":\"pt-BR\"}]}<\/script>\n<!-- \/ Yoast SEO plugin. -->","yoast_head_json":{"title":"Como Chegar - Literatura Inglesa","robots":{"index":"index","follow":"follow","max-snippet":"max-snippet:-1","max-image-preview":"max-image-preview:large","max-video-preview":"max-video-preview:-1"},"canonical":"https:\/\/eventos.ufrrj.br\/literaturainglesa\/como-chegar\/","og_locale":"pt_BR","og_type":"article","og_title":"Como Chegar - Literatura Inglesa","og_description":"Para chegar a Serop\u00e9dica, partindo da cidade do Rio de Janeiro ou Niter\u00f3i , h\u00e1 dois caminhos: a Avenida Brasil \/antiga estrada [&hellip;]","og_url":"https:\/\/eventos.ufrrj.br\/literaturainglesa\/como-chegar\/","og_site_name":"Literatura Inglesa","article_modified_time":"2014-10-20T12:39:10+00:00","og_image":[{"url":"http:\/\/eventos.ufrrj.br\/literaturainglesa\/files\/2013\/11\/Mapa-UFRRJ-P1-1024x513.png","type":"","width":"","height":""}],"twitter_card":"summary_large_image","twitter_misc":{"Est. tempo de leitura":"2 minutos"},"schema":{"@context":"https:\/\/schema.org","@graph":[{"@type":"WebPage","@id":"https:\/\/eventos.ufrrj.br\/literaturainglesa\/como-chegar\/","url":"https:\/\/eventos.ufrrj.br\/literaturainglesa\/como-chegar\/","name":"Como Chegar - Literatura Inglesa","isPartOf":{"@id":"https:\/\/eventos.ufrrj.br\/literaturainglesa\/#website"},"primaryImageOfPage":{"@id":"https:\/\/eventos.ufrrj.br\/literaturainglesa\/como-chegar\/#primaryimage"},"image":{"@id":"https:\/\/eventos.ufrrj.br\/literaturainglesa\/como-chegar\/#primaryimage"},"thumbnailUrl":"http:\/\/eventos.ufrrj.br\/literaturainglesa\/files\/2013\/11\/Mapa-UFRRJ-P1-1024x513.png","datePublished":"2013-11-08T13:32:09+00:00","dateModified":"2014-10-20T12:39:10+00:00","breadcrumb":{"@id":"https:\/\/eventos.ufrrj.br\/literaturainglesa\/como-chegar\/#breadcrumb"},"inLanguage":"pt-BR","potentialAction":[{"@type":"ReadAction","target":["https:\/\/eventos.ufrrj.br\/literaturainglesa\/como-chegar\/"]}]},{"@type":"ImageObject","inLanguage":"pt-BR","@id":"https:\/\/eventos.ufrrj.br\/literaturainglesa\/como-chegar\/#primaryimage","url":"https:\/\/eventos.ufrrj.br\/literaturainglesa\/files\/2013\/11\/Mapa-UFRRJ-P1.png","contentUrl":"https:\/\/eventos.ufrrj.br\/literaturainglesa\/files\/2013\/11\/Mapa-UFRRJ-P1.png","width":1487,"height":746},{"@type":"BreadcrumbList","@id":"https:\/\/eventos.ufrrj.br\/literaturainglesa\/como-chegar\/#breadcrumb","itemListElement":[{"@type":"ListItem","position":1,"name":"In\u00edcio","item":"https:\/\/eventos.ufrrj.br\/literaturainglesa\/"},{"@type":"ListItem","position":2,"name":"Como Chegar"}]},{"@type":"WebSite","@id":"https:\/\/eventos.ufrrj.br\/literaturainglesa\/#website","url":"https:\/\/eventos.ufrrj.br\/literaturainglesa\/","name":"Literatura Inglesa","description":"S\u00f3 mais um site Eventos da UFRRJ ","potentialAction":[{"@type":"SearchAction","target":{"@type":"EntryPoint","urlTemplate":"https:\/\/eventos.ufrrj.br\/literaturainglesa\/?s={search_term_string}"},"query-input":{"@type":"PropertyValueSpecification","valueRequired":true,"valueName":"search_term_string"}}],"inLanguage":"pt-BR"}]}},"_links":{"self":[{"href":"https:\/\/eventos.ufrrj.br\/literaturainglesa\/wp-json\/wp\/v2\/pages\/10","targetHints":{"allow":["GET"]}}],"collection":[{"href":"https:\/\/eventos.ufrrj.br\/literaturainglesa\/wp-json\/wp\/v2\/pages"}],"about":[{"href":"https:\/\/eventos.ufrrj.br\/literaturainglesa\/wp-json\/wp\/v2\/types\/page"}],"author":[{"embeddable":true,"href":"https:\/\/eventos.ufrrj.br\/literaturainglesa\/wp-json\/wp\/v2\/users\/1"}],"replies":[{"embeddable":true,"href":"https:\/\/eventos.ufrrj.br\/literaturainglesa\/wp-json\/wp\/v2\/comments?post=10"}],"version-history":[{"count":6,"href":"https:\/\/eventos.ufrrj.br\/literaturainglesa\/wp-json\/wp\/v2\/pages\/10\/revisions"}],"predecessor-version":[{"id":77,"href":"https:\/\/eventos.ufrrj.br\/literaturainglesa\/wp-json\/wp\/v2\/pages\/10\/revisions\/77"}],"wp:attachment":[{"href":"https:\/\/eventos.ufrrj.br\/literaturainglesa\/wp-json\/wp\/v2\/media?parent=10"}],"wp:term":[{"taxonomy":"post_tag","embeddable":true,"href":"https:\/\/eventos.ufrrj.br\/literaturainglesa\/wp-json\/wp\/v2\/tags?post=10"}],"curies":[{"name":"wp","href":"https:\/\/api.w.org\/{rel}","templated":true}]}}