{"id":583,"date":"2026-04-11T01:55:01","date_gmt":"2026-04-11T04:55:01","guid":{"rendered":"https:\/\/eventos.ufrrj.br\/isvs-sincvet\/?page_id=583"},"modified":"2026-04-11T03:06:23","modified_gmt":"2026-04-11T06:06:23","slug":"edicoes-anteriores","status":"publish","type":"page","link":"https:\/\/eventos.ufrrj.br\/isvs-sincvet\/edicoes-anteriores\/","title":{"rendered":"SINCVET UFRRJ | Edi\u00e7\u00f5es Anteriores"},"content":{"rendered":"\n<div style=\"height:80px\" aria-hidden=\"true\" class=\"wp-block-spacer\"><\/div>\n\n\n\n<p class=\"has-text-align-center has-text-color has-link-color wp-elements-16f5790fe881ab20523c24bd1013351d\" style=\"color:#578a5a;font-size:16px;text-transform:uppercase\"><strong>arquivo de edi\u00e7\u00f5es anteriores<\/strong><\/p>\n\n\n\n<h1 class=\"wp-block-heading has-text-align-center has-text-color has-link-color wp-elements-6cc5a6447386994e8fdad57ee4654443\" style=\"color:#084014;font-size:42px;font-style:normal;font-weight:700\">\u00a0Veja a trajet\u00f3ria cient\u00edfica do SINCVET<\/h1>\n\n\n\n<div style=\"height:60px\" aria-hidden=\"true\" class=\"wp-block-spacer\"><\/div>\n\n\n<div class=\"wp-block-image\">\n<figure class=\"aligncenter size-large\"><img loading=\"lazy\" decoding=\"async\" width=\"1024\" height=\"385\" src=\"https:\/\/eventos.ufrrj.br\/isvs-sincvet\/files\/2026\/04\/AD4A3945-1-1024x385.jpg\" alt=\"\" class=\"wp-image-591\" srcset=\"https:\/\/eventos.ufrrj.br\/isvs-sincvet\/files\/2026\/04\/AD4A3945-1-1024x385.jpg 1024w, https:\/\/eventos.ufrrj.br\/isvs-sincvet\/files\/2026\/04\/AD4A3945-1-300x113.jpg 300w, https:\/\/eventos.ufrrj.br\/isvs-sincvet\/files\/2026\/04\/AD4A3945-1-768x288.jpg 768w, https:\/\/eventos.ufrrj.br\/isvs-sincvet\/files\/2026\/04\/AD4A3945-1-1536x577.jpg 1536w, https:\/\/eventos.ufrrj.br\/isvs-sincvet\/files\/2026\/04\/AD4A3945-1.jpg 2048w\" sizes=\"auto, (max-width: 1024px) 100vw, 1024px\" \/><\/figure>\n<\/div>\n\n\n<div style=\"height:60px\" aria-hidden=\"true\" class=\"wp-block-spacer\"><\/div>\n\n\n\n<p class=\"has-text-align-center has-text-color has-link-color wp-elements-aa6be62c0b169610a4bae9f5acb76993\" style=\"color:#578a5a;font-size:16px;text-transform:uppercase\"><strong><strong>Sobre a Edi\u00e7\u00e3o 2024<\/strong><\/strong><\/p>\n\n\n\n<h3 class=\"wp-block-heading has-text-align-center has-text-color has-link-color wp-elements-9af49aaffe9cb26a48b26759e7c0d9fe\" style=\"color:#084014;font-size:28px;font-style:normal;font-weight:700\">IX SIMP\u00d3SIO INTERNACIONAL EM CI\u00caNCIAS VETERIN\u00c1RIAS \u2013 2024<\/h3>\n\n\n\n<div style=\"height:30px\" aria-hidden=\"true\" class=\"wp-block-spacer\"><\/div>\n\n\n\n<p style=\"font-size:18px\">O <strong>IX SINCVET<\/strong> foi realizado entre os dias <strong>9 e 11 de dezembro de 2024<\/strong>, em formato h\u00edbrido, reunindo participantes de diferentes regi\u00f5es do Brasil e do exterior.<\/p>\n\n\n\n<p style=\"font-size:18px\">As atividades ocorreram de forma <strong>online nos dias 9 e 10 de dezembro<\/strong>, com palestras e discuss\u00f5es cient\u00edficas, e <strong>presencialmente no dia 11 de dezembro<\/strong>, na UFRRJ (Serop\u00e9dica \u2013 RJ), para a apresenta\u00e7\u00e3o de p\u00f4steres.<\/p>\n\n\n\n<div style=\"height:30px\" aria-hidden=\"true\" class=\"wp-block-spacer\"><\/div>\n\n\n\n<div class=\"alignnormal\"><div id=\"metaslider-id-59\" style=\"max-width: 1150px;\" class=\"ml-slider-3-107-0 metaslider metaslider-flex metaslider-59 ml-slider has-dots-nav ms-theme-default\" role=\"region\" aria-label=\"New Slideshow\" data-height=\"300\" data-width=\"1150\">\n    <div id=\"metaslider_container_59\">\n        <div id=\"metaslider_59\">\n            <ul class='slides'>\n                <li style=\"display: block; width: 100%;\" class=\"slide-61 ms-image \" aria-roledescription=\"slide\" data-date=\"2018-07-03 14:04:30\" data-filename=\"slide-rural-1142x298.jpg\" data-slide-type=\"image\"><img loading=\"lazy\" decoding=\"async\" src=\"https:\/\/eventos.ufrrj.br\/isvs-sincvet\/files\/2018\/07\/slide-rural-1142x298.jpg\" height=\"300\" width=\"1150\" alt=\"\" class=\"slider-59 slide-61 msDefaultImage\" \/><\/li>\n                <li style=\"display: none; width: 100%;\" class=\"slide-81 ms-image \" aria-roledescription=\"slide\" data-date=\"2018-07-05 14:14:29\" data-filename=\"5-1138x297.jpg\" data-slide-type=\"image\"><img loading=\"lazy\" decoding=\"async\" src=\"https:\/\/eventos.ufrrj.br\/isvs-sincvet\/files\/2018\/07\/5-1138x297.jpg\" height=\"300\" width=\"1150\" alt=\"\" class=\"slider-59 slide-81 msDefaultImage\" \/><\/li>\n                <li style=\"display: none; width: 100%;\" class=\"slide-83 ms-image \" aria-roledescription=\"slide\" data-date=\"2018-07-05 14:14:41\" data-filename=\"4-1138x297.jpg\" data-slide-type=\"image\"><img loading=\"lazy\" decoding=\"async\" src=\"https:\/\/eventos.ufrrj.br\/isvs-sincvet\/files\/2018\/07\/4-1138x297.jpg\" height=\"300\" width=\"1150\" alt=\"\" class=\"slider-59 slide-83 msDefaultImage\" \/><\/li>\n                <li style=\"display: none; width: 100%;\" class=\"slide-79 ms-image \" aria-roledescription=\"slide\" data-date=\"2018-07-05 14:14:10\" data-filename=\"3-1138x297.jpg\" data-slide-type=\"image\"><img loading=\"lazy\" decoding=\"async\" src=\"https:\/\/eventos.ufrrj.br\/isvs-sincvet\/files\/2018\/07\/3-1138x297.jpg\" height=\"300\" width=\"1150\" alt=\"\" class=\"slider-59 slide-79 msDefaultImage\" \/><\/li>\n                <li style=\"display: none; width: 100%;\" class=\"slide-218 ms-image \" aria-roledescription=\"slide\" data-date=\"2018-07-30 11:04:21\" data-filename=\"vet4-1-1138x296.jpg\" data-slide-type=\"image\"><img loading=\"lazy\" decoding=\"async\" src=\"https:\/\/eventos.ufrrj.br\/isvs-sincvet\/files\/2018\/07\/vet4-1-1138x296.jpg\" height=\"300\" width=\"1150\" alt=\"\" class=\"slider-59 slide-218 msDefaultImage\" title=\"vet4\" \/><\/li>\n                <li style=\"display: none; width: 100%;\" class=\"slide-75 ms-image \" aria-roledescription=\"slide\" data-date=\"2018-07-05 14:12:25\" data-filename=\"1-1138x297.jpg\" data-slide-type=\"image\"><img loading=\"lazy\" decoding=\"async\" src=\"https:\/\/eventos.ufrrj.br\/isvs-sincvet\/files\/2018\/07\/1-1138x297.jpg\" height=\"300\" width=\"1150\" alt=\"\" class=\"slider-59 slide-75 msDefaultImage\" \/><\/li>\n            <\/ul>\n        <\/div>\n        \n    <\/div>\n<\/div><\/div>\n\n\n\n<div class=\"wp-block-group\"><div class=\"wp-block-group__inner-container is-layout-constrained wp-block-group-is-layout-constrained\">\n<div class=\"wp-block-group\"><div class=\"wp-block-group__inner-container is-layout-constrained wp-block-group-is-layout-constrained\">\n<div class=\"wp-block-group\"><div class=\"wp-block-group__inner-container is-layout-constrained wp-block-group-is-layout-constrained\">\n<div class=\"wp-block-group\"><div class=\"wp-block-group__inner-container is-layout-constrained wp-block-group-is-layout-constrained\">\n<div class=\"wp-block-group\"><div class=\"wp-block-group__inner-container is-layout-constrained wp-block-group-is-layout-constrained\">\n<div style=\"height:60px\" aria-hidden=\"true\" class=\"wp-block-spacer\"><\/div>\n\n\n\n<h3 class=\"wp-block-heading has-text-align-center has-text-color has-link-color wp-elements-dc31585d00dbfde755d9226120e89851\" style=\"color:#578a5a;font-size:22px;font-style:normal;font-weight:700\">SOBRE O EVENTO<\/h3>\n\n\n\n<div style=\"height:30px\" aria-hidden=\"true\" class=\"wp-block-spacer\"><\/div>\n<\/div><\/div>\n\n\n\n<p style=\"font-size:18px\">Desde 2013, o Programa de P\u00f3s-Gradua\u00e7\u00e3o em Ci\u00eancias Veterin\u00e1rias (PPGCV) da UFRRJ organiza o SINCVET com o prop\u00f3sito de promover a integra\u00e7\u00e3o entre docentes, pesquisadores e estudantes, tanto no Brasil quanto internacionalmente.<\/p>\n<\/div><\/div>\n\n\n\n<p style=\"font-size:18px\">A nona edi\u00e7\u00e3o teve como foco a divulga\u00e7\u00e3o de pesquisas de relev\u00e2ncia cient\u00edfica e tecnol\u00f3gica nas ci\u00eancias veterin\u00e1rias, contribuindo para o desenvolvimento cient\u00edfico no estado do Rio de Janeiro e fortalecendo a internacionaliza\u00e7\u00e3o da produ\u00e7\u00e3o acad\u00eamica.<\/p>\n<\/div><\/div>\n\n\n\n<p style=\"font-size:18px\">Com o tema <strong>\u201cInova\u00e7\u00e3o e Desafios na Medicina Veterin\u00e1ria Preventiva\u201d<\/strong>, o evento abordou novas perspectivas frente \u00e0s amea\u00e7as emergentes \u00e0 sa\u00fade, destacando o papel da medicina veterin\u00e1ria preventiva no controle de doen\u00e7as, no bem-estar animal e na seguran\u00e7a alimentar.<\/p>\n<\/div><\/div>\n\n\n\n<p style=\"font-size:18px\">A programa\u00e7\u00e3o contou com <strong>palestras, apresenta\u00e7\u00f5es de trabalhos cient\u00edficos e oportunidades de colabora\u00e7\u00e3o<\/strong>, consolidando o simp\u00f3sio como um espa\u00e7o essencial para a troca de conhecimento e impacto na sociedade.<\/p>\n<\/div><\/div>\n\n\n\n<div class=\"wp-block-group\"><div class=\"wp-block-group__inner-container is-layout-constrained wp-block-group-is-layout-constrained\">\n<div style=\"height:30px\" aria-hidden=\"true\" class=\"wp-block-spacer\"><\/div>\n\n\n\n<hr class=\"wp-block-separator has-text-color has-alpha-channel-opacity has-background is-style-wide\" style=\"background-color:#ededed;color:#ededed\" \/>\n<\/div><\/div>\n\n\n\n<div style=\"height:30px\" aria-hidden=\"true\" class=\"wp-block-spacer\"><\/div>\n\n\n\n<div class=\"wp-block-group\"><div class=\"wp-block-group__inner-container is-layout-constrained wp-block-group-is-layout-constrained\">\n<div class=\"wp-block-group\"><div class=\"wp-block-group__inner-container is-layout-constrained wp-block-group-is-layout-constrained\">\n<h3 class=\"wp-block-heading has-text-align-center has-text-color has-link-color wp-elements-aad9aa8002a966554eaf42c225b581b2\" style=\"color:#578a5a;font-size:22px;font-style:normal;font-weight:700\">PARTICIPA\u00c7\u00c3O E INSCRI\u00c7\u00d5ES<\/h3>\n\n\n\n<div style=\"height:30px\" aria-hidden=\"true\" class=\"wp-block-spacer\"><\/div>\n<\/div><\/div>\n\n\n\n<p style=\"font-size:18px\">Desde 2013, o Programa de P\u00f3s-Gradua\u00e7\u00e3o em Ci\u00eancias Veterin\u00e1rias (PPGCV) da UFRRJ organiza o SINCVET com o prop\u00f3sito de promover a integra\u00e7\u00e3o entre docentes, pesquisadores e estudantes, tanto no Brasil quanto internacionalmente.<\/p>\n<\/div><\/div>\n\n\n\n<div class=\"wp-block-group\"><div class=\"wp-block-group__inner-container is-layout-constrained wp-block-group-is-layout-constrained\">\n<div style=\"height:30px\" aria-hidden=\"true\" class=\"wp-block-spacer\"><\/div>\n\n\n\n<hr class=\"wp-block-separator has-text-color has-alpha-channel-opacity has-background is-style-wide\" style=\"background-color:#ededed;color:#ededed\" \/>\n\n\n\n<div style=\"height:30px\" aria-hidden=\"true\" class=\"wp-block-spacer\"><\/div>\n<\/div><\/div>\n\n\n\n<div class=\"wp-block-group\"><div class=\"wp-block-group__inner-container is-layout-constrained wp-block-group-is-layout-constrained\">\n<div class=\"wp-block-group\"><div class=\"wp-block-group__inner-container is-layout-constrained wp-block-group-is-layout-constrained\">\n<h3 class=\"wp-block-heading has-text-align-center has-text-color has-link-color wp-elements-47218ac05062dc1d269e9ad8edde8331\" style=\"color:#578a5a;font-size:22px;font-style:normal;font-weight:700\">SUBMISS\u00c3O E APRESENTA\u00c7\u00c3O DE TRABALHOS<\/h3>\n\n\n\n<div style=\"height:30px\" aria-hidden=\"true\" class=\"wp-block-spacer\"><\/div>\n<\/div><\/div>\n\n\n\n<p style=\"font-size:18px\">Os participantes puderam submeter resumos cient\u00edficos, com prazo estendido at\u00e9 <strong>6 de novembro de 2024<\/strong>.<\/p>\n\n\n\n<p style=\"font-size:18px\">Para submiss\u00e3o, foi necess\u00e1rio que o primeiro autor estivesse devidamente inscrito no evento. Os trabalhos aprovados foram apresentados em formato de p\u00f4ster, presencialmente, no dia <strong>11 de dezembro de 2024<\/strong>, no Departamento de Parasitologia Animal da UFRRJ.<\/p>\n\n\n\n<p style=\"font-size:18px\">As diretrizes para submiss\u00e3o estiveram dispon\u00edveis na plataforma Even3.<\/p>\n<\/div><\/div>\n\n\n\n<div style=\"height:60px\" aria-hidden=\"true\" class=\"wp-block-spacer\"><\/div>\n\n\n\n<div style=\"height:60px\" aria-hidden=\"true\" class=\"wp-block-spacer\"><\/div>\n\n\n\n<p><\/p>\n","protected":false},"excerpt":{"rendered":"<p>arquivo de edi\u00e7\u00f5es anteriores \u00a0Veja a trajet\u00f3ria cient\u00edfica do SINCVET Sobre a Edi\u00e7\u00e3o 2024 IX SIMP\u00d3SIO INTERNACIONAL EM CI\u00caNCIAS VETERIN\u00c1RIAS <a class=\"read-more\" href=\"https:\/\/eventos.ufrrj.br\/isvs-sincvet\/edicoes-anteriores\/ \">&#8230; <i class=\"fa fa-long-arrow-right\"><\/i><\/a><\/p>\n","protected":false},"author":42,"featured_media":0,"parent":0,"menu_order":0,"comment_status":"closed","ping_status":"closed","template":"","meta":{"footnotes":""},"class_list":["post-583","page","type-page","status-publish","hentry"],"_links":{"self":[{"href":"https:\/\/eventos.ufrrj.br\/isvs-sincvet\/wp-json\/wp\/v2\/pages\/583","targetHints":{"allow":["GET"]}}],"collection":[{"href":"https:\/\/eventos.ufrrj.br\/isvs-sincvet\/wp-json\/wp\/v2\/pages"}],"about":[{"href":"https:\/\/eventos.ufrrj.br\/isvs-sincvet\/wp-json\/wp\/v2\/types\/page"}],"author":[{"embeddable":true,"href":"https:\/\/eventos.ufrrj.br\/isvs-sincvet\/wp-json\/wp\/v2\/users\/42"}],"replies":[{"embeddable":true,"href":"https:\/\/eventos.ufrrj.br\/isvs-sincvet\/wp-json\/wp\/v2\/comments?post=583"}],"version-history":[{"count":10,"href":"https:\/\/eventos.ufrrj.br\/isvs-sincvet\/wp-json\/wp\/v2\/pages\/583\/revisions"}],"predecessor-version":[{"id":626,"href":"https:\/\/eventos.ufrrj.br\/isvs-sincvet\/wp-json\/wp\/v2\/pages\/583\/revisions\/626"}],"wp:attachment":[{"href":"https:\/\/eventos.ufrrj.br\/isvs-sincvet\/wp-json\/wp\/v2\/media?parent=583"}],"curies":[{"name":"wp","href":"https:\/\/api.w.org\/{rel}","templated":true}]}}