{"id":506,"date":"2026-04-09T16:16:31","date_gmt":"2026-04-09T19:16:31","guid":{"rendered":"https:\/\/eventos.ufrrj.br\/isvs-sincvet\/?page_id=506"},"modified":"2026-04-10T21:47:19","modified_gmt":"2026-04-11T00:47:19","slug":"inicio","status":"publish","type":"page","link":"https:\/\/eventos.ufrrj.br\/isvs-sincvet\/","title":{"rendered":"SINCVET UFRRJ | In\u00edcio"},"content":{"rendered":"\n<p class=\"has-text-align-center has-text-color has-link-color wp-elements-388be0fa69756131a1802f98f1cc29ab\" style=\"color:#578a5a;font-size:16px;text-transform:uppercase\"><strong>X Edi\u00e7\u00e3o \u00b7 Simp\u00f3sio Internacional<\/strong><\/p>\n\n\n\n<h1 class=\"wp-block-heading has-text-align-center has-text-color has-link-color wp-elements-4761ee639b1266d8e2fe8841a0ff4531\" style=\"color:#084014;font-size:42px;font-style:normal;font-weight:700\">Simp\u00f3sio Internacional em Ci\u00eancias Veterin\u00e1rias 2025<\/h1>\n\n\n\n<p class=\"has-text-align-center has-text-color has-link-color wp-elements-dd814ce304d6f61a433f75dd85fd021b\" style=\"color:#6c6a6b;font-size:18px\">09 a 11 de dezembro de 2025 \u00a0|\u00a0 Evento H\u00edbrido \u00a0|\u00a0 UFRRJ \u2013 Serop\u00e9dica (RJ)<\/p>\n\n\n\n<div style=\"height:15px\" aria-hidden=\"true\" class=\"wp-block-spacer\"><\/div>\n\n\n\n<h3 class=\"wp-block-heading has-text-align-center\" style=\"font-size:20px;font-style:italic;font-weight:400\">Um espa\u00e7o de integra\u00e7\u00e3o cient\u00edfica, inova\u00e7\u00e3o e coopera\u00e7\u00e3o global em Medicina Veterin\u00e1ria.<\/h3>\n\n\n\n<div style=\"height:15px\" aria-hidden=\"true\" class=\"wp-block-spacer\"><\/div>\n\n\n\n<div class=\"wp-block-buttons is-content-justification-center is-layout-flex wp-container-core-buttons-is-layout-5e6b19ed wp-block-buttons-is-layout-flex\">\n<div class=\"wp-block-button is-style-fill\"><a class=\"wp-block-button__link has-white-color has-text-color has-background has-link-color has-custom-font-size wp-element-button\" href=\"http:\/\/www.even3.com.br\/x-simposio-internacional-em-ciencias-veterinarias-644814\" style=\"border-top-left-radius:8px;border-top-right-radius:8px;border-bottom-left-radius:8px;border-bottom-right-radius:8px;background:linear-gradient(135deg,rgb(8,64,20) 0%,rgb(87,138,90) 100%);font-size:16px\">Inscri\u00e7\u00f5es encerradas  \u2192<\/a><\/div>\n<\/div>\n\n\n\n<div style=\"height:30px\" aria-hidden=\"true\" class=\"wp-block-spacer\"><\/div>\n\n\n\n<figure class=\"wp-block-gallery has-nested-images columns-default is-cropped wp-block-gallery-1 is-layout-flex wp-block-gallery-is-layout-flex\">\n<figure class=\"wp-block-image size-large\"><img loading=\"lazy\" decoding=\"async\" width=\"1024\" height=\"683\" data-id=\"566\" src=\"https:\/\/eventos.ufrrj.br\/isvs-sincvet\/files\/2026\/04\/AD4A2772-1024x683.jpg\" alt=\"\" class=\"wp-image-566\" srcset=\"https:\/\/eventos.ufrrj.br\/isvs-sincvet\/files\/2026\/04\/AD4A2772-1024x683.jpg 1024w, https:\/\/eventos.ufrrj.br\/isvs-sincvet\/files\/2026\/04\/AD4A2772-300x200.jpg 300w, https:\/\/eventos.ufrrj.br\/isvs-sincvet\/files\/2026\/04\/AD4A2772-768x512.jpg 768w, https:\/\/eventos.ufrrj.br\/isvs-sincvet\/files\/2026\/04\/AD4A2772-1536x1024.jpg 1536w, https:\/\/eventos.ufrrj.br\/isvs-sincvet\/files\/2026\/04\/AD4A2772.jpg 2048w\" sizes=\"auto, (max-width: 1024px) 100vw, 1024px\" \/><\/figure>\n\n\n\n<figure class=\"wp-block-image size-large\"><img loading=\"lazy\" decoding=\"async\" width=\"1024\" height=\"683\" data-id=\"565\" src=\"https:\/\/eventos.ufrrj.br\/isvs-sincvet\/files\/2026\/04\/AD4A3999-1024x683.jpg\" alt=\"\" class=\"wp-image-565\" srcset=\"https:\/\/eventos.ufrrj.br\/isvs-sincvet\/files\/2026\/04\/AD4A3999-1024x683.jpg 1024w, https:\/\/eventos.ufrrj.br\/isvs-sincvet\/files\/2026\/04\/AD4A3999-300x200.jpg 300w, https:\/\/eventos.ufrrj.br\/isvs-sincvet\/files\/2026\/04\/AD4A3999-768x512.jpg 768w, https:\/\/eventos.ufrrj.br\/isvs-sincvet\/files\/2026\/04\/AD4A3999-1536x1024.jpg 1536w, https:\/\/eventos.ufrrj.br\/isvs-sincvet\/files\/2026\/04\/AD4A3999.jpg 2048w\" sizes=\"auto, (max-width: 1024px) 100vw, 1024px\" \/><\/figure>\n\n\n\n<figure class=\"wp-block-image size-large\"><img loading=\"lazy\" decoding=\"async\" width=\"1024\" height=\"683\" data-id=\"564\" src=\"https:\/\/eventos.ufrrj.br\/isvs-sincvet\/files\/2026\/04\/AD4A4004-1024x683.jpg\" alt=\"\" class=\"wp-image-564\" srcset=\"https:\/\/eventos.ufrrj.br\/isvs-sincvet\/files\/2026\/04\/AD4A4004-1024x683.jpg 1024w, https:\/\/eventos.ufrrj.br\/isvs-sincvet\/files\/2026\/04\/AD4A4004-300x200.jpg 300w, https:\/\/eventos.ufrrj.br\/isvs-sincvet\/files\/2026\/04\/AD4A4004-768x512.jpg 768w, https:\/\/eventos.ufrrj.br\/isvs-sincvet\/files\/2026\/04\/AD4A4004-1536x1024.jpg 1536w, https:\/\/eventos.ufrrj.br\/isvs-sincvet\/files\/2026\/04\/AD4A4004.jpg 2048w\" sizes=\"auto, (max-width: 1024px) 100vw, 1024px\" \/><\/figure>\n\n\n\n<figure class=\"wp-block-image size-large\"><img loading=\"lazy\" decoding=\"async\" width=\"1024\" height=\"683\" data-id=\"562\" src=\"https:\/\/eventos.ufrrj.br\/isvs-sincvet\/files\/2026\/04\/AD4A4027-1024x683.jpg\" alt=\"\" class=\"wp-image-562\" srcset=\"https:\/\/eventos.ufrrj.br\/isvs-sincvet\/files\/2026\/04\/AD4A4027-1024x683.jpg 1024w, https:\/\/eventos.ufrrj.br\/isvs-sincvet\/files\/2026\/04\/AD4A4027-300x200.jpg 300w, https:\/\/eventos.ufrrj.br\/isvs-sincvet\/files\/2026\/04\/AD4A4027-768x512.jpg 768w, https:\/\/eventos.ufrrj.br\/isvs-sincvet\/files\/2026\/04\/AD4A4027-1536x1024.jpg 1536w, https:\/\/eventos.ufrrj.br\/isvs-sincvet\/files\/2026\/04\/AD4A4027.jpg 2048w\" sizes=\"auto, (max-width: 1024px) 100vw, 1024px\" \/><\/figure>\n\n\n\n<figure class=\"wp-block-image size-large\"><img loading=\"lazy\" decoding=\"async\" width=\"1024\" height=\"683\" data-id=\"563\" src=\"https:\/\/eventos.ufrrj.br\/isvs-sincvet\/files\/2026\/04\/AD4A2373-1024x683.jpg\" alt=\"\" class=\"wp-image-563\" srcset=\"https:\/\/eventos.ufrrj.br\/isvs-sincvet\/files\/2026\/04\/AD4A2373-1024x683.jpg 1024w, https:\/\/eventos.ufrrj.br\/isvs-sincvet\/files\/2026\/04\/AD4A2373-300x200.jpg 300w, https:\/\/eventos.ufrrj.br\/isvs-sincvet\/files\/2026\/04\/AD4A2373-768x512.jpg 768w, https:\/\/eventos.ufrrj.br\/isvs-sincvet\/files\/2026\/04\/AD4A2373-1536x1024.jpg 1536w, https:\/\/eventos.ufrrj.br\/isvs-sincvet\/files\/2026\/04\/AD4A2373.jpg 2048w\" sizes=\"auto, (max-width: 1024px) 100vw, 1024px\" \/><\/figure>\n\n\n\n<figure class=\"wp-block-image size-large\"><img loading=\"lazy\" decoding=\"async\" width=\"1024\" height=\"683\" data-id=\"567\" src=\"https:\/\/eventos.ufrrj.br\/isvs-sincvet\/files\/2026\/04\/AD4A2418-1024x683.jpg\" alt=\"\" class=\"wp-image-567\" srcset=\"https:\/\/eventos.ufrrj.br\/isvs-sincvet\/files\/2026\/04\/AD4A2418-1024x683.jpg 1024w, https:\/\/eventos.ufrrj.br\/isvs-sincvet\/files\/2026\/04\/AD4A2418-300x200.jpg 300w, https:\/\/eventos.ufrrj.br\/isvs-sincvet\/files\/2026\/04\/AD4A2418-768x512.jpg 768w, https:\/\/eventos.ufrrj.br\/isvs-sincvet\/files\/2026\/04\/AD4A2418-1536x1024.jpg 1536w, https:\/\/eventos.ufrrj.br\/isvs-sincvet\/files\/2026\/04\/AD4A2418.jpg 2048w\" sizes=\"auto, (max-width: 1024px) 100vw, 1024px\" \/><\/figure>\n<\/figure>\n\n\n\n<div style=\"height:60px\" aria-hidden=\"true\" class=\"wp-block-spacer\"><\/div>\n\n\n\n<hr class=\"wp-block-separator has-text-color has-alpha-channel-opacity has-background is-style-dots\" style=\"background-color:#495b1e;color:#495b1e\" \/>\n\n\n\n<div style=\"height:60px\" aria-hidden=\"true\" class=\"wp-block-spacer\"><\/div>\n\n\n\n<p class=\"has-text-align-center has-text-color has-link-color wp-elements-5594e49cd26935f61dc2a5d1d9ec39ff\" style=\"color:#578a5a;font-size:16px;text-transform:uppercase\"><strong>SOBRE O EVENTO<\/strong><\/p>\n\n\n\n<h3 class=\"wp-block-heading has-text-align-center has-text-color has-link-color wp-elements-ec733bbc709bcbe5c6fe360043df5c2b\" style=\"color:#084014;font-size:28px;font-style:normal;font-weight:700\">O SINCVET<\/h3>\n\n\n\n<div style=\"height:30px\" aria-hidden=\"true\" class=\"wp-block-spacer\"><\/div>\n\n\n\n<p style=\"font-size:18px\">O Simp\u00f3sio Internacional em Ci\u00eancias Veterin\u00e1rias (SINCVET), organizado desde 2013 pelo Programa de P\u00f3s-Gradua\u00e7\u00e3o em Ci\u00eancias Veterin\u00e1rias da UFRRJ, tem como prop\u00f3sito promover a integra\u00e7\u00e3o, divulgar pesquisas e fortalecer o desenvolvimento cient\u00edfico, tanto no Brasil quanto internacionalmente.<\/p>\n\n\n\n<p style=\"font-size:18px\">Anualmente, o evento re\u00fane especialistas, pesquisadores, docentes e estudantes para discutir temas essenciais da Medicina Veterin\u00e1ria e suas interfaces com sa\u00fade p\u00fablica, inova\u00e7\u00e3o tecnol\u00f3gica, meio ambiente e bem-estar animal.<\/p>\n\n\n\n<p style=\"font-size:18px\">O SINCVET se consolidou como um espa\u00e7o de refer\u00eancia para troca cient\u00edfica, forma\u00e7\u00e3o acad\u00eamica e constru\u00e7\u00e3o de redes de pesquisa altamente relevantes.<\/p>\n\n\n\n<p class=\"has-text-align-center\" style=\"font-size:20px\"><strong>Nos acompanhe no Instagram:<\/strong><\/p>\n\n\n\n<ul class=\"wp-block-social-links is-content-justification-center is-layout-flex wp-container-core-social-links-is-layout-16018d1d wp-block-social-links-is-layout-flex\"><li class=\"wp-social-link wp-social-link-instagram  wp-block-social-link\"><a href=\"https:\/\/www.instagram.com\/isvs.sincvet\" class=\"wp-block-social-link-anchor\"><svg width=\"24\" height=\"24\" viewBox=\"0 0 24 24\" version=\"1.1\" xmlns=\"http:\/\/www.w3.org\/2000\/svg\" aria-hidden=\"true\" focusable=\"false\"><path d=\"M12,4.622c2.403,0,2.688,0.009,3.637,0.052c0.877,0.04,1.354,0.187,1.671,0.31c0.42,0.163,0.72,0.358,1.035,0.673 c0.315,0.315,0.51,0.615,0.673,1.035c0.123,0.317,0.27,0.794,0.31,1.671c0.043,0.949,0.052,1.234,0.052,3.637 s-0.009,2.688-0.052,3.637c-0.04,0.877-0.187,1.354-0.31,1.671c-0.163,0.42-0.358,0.72-0.673,1.035 c-0.315,0.315-0.615,0.51-1.035,0.673c-0.317,0.123-0.794,0.27-1.671,0.31c-0.949,0.043-1.233,0.052-3.637,0.052 s-2.688-0.009-3.637-0.052c-0.877-0.04-1.354-0.187-1.671-0.31c-0.42-0.163-0.72-0.358-1.035-0.673 c-0.315-0.315-0.51-0.615-0.673-1.035c-0.123-0.317-0.27-0.794-0.31-1.671C4.631,14.688,4.622,14.403,4.622,12 s0.009-2.688,0.052-3.637c0.04-0.877,0.187-1.354,0.31-1.671c0.163-0.42,0.358-0.72,0.673-1.035 c0.315-0.315,0.615-0.51,1.035-0.673c0.317-0.123,0.794-0.27,1.671-0.31C9.312,4.631,9.597,4.622,12,4.622 M12,3 C9.556,3,9.249,3.01,8.289,3.054C7.331,3.098,6.677,3.25,6.105,3.472C5.513,3.702,5.011,4.01,4.511,4.511 c-0.5,0.5-0.808,1.002-1.038,1.594C3.25,6.677,3.098,7.331,3.054,8.289C3.01,9.249,3,9.556,3,12c0,2.444,0.01,2.751,0.054,3.711 c0.044,0.958,0.196,1.612,0.418,2.185c0.23,0.592,0.538,1.094,1.038,1.594c0.5,0.5,1.002,0.808,1.594,1.038 c0.572,0.222,1.227,0.375,2.185,0.418C9.249,20.99,9.556,21,12,21s2.751-0.01,3.711-0.054c0.958-0.044,1.612-0.196,2.185-0.418 c0.592-0.23,1.094-0.538,1.594-1.038c0.5-0.5,0.808-1.002,1.038-1.594c0.222-0.572,0.375-1.227,0.418-2.185 C20.99,14.751,21,14.444,21,12s-0.01-2.751-0.054-3.711c-0.044-0.958-0.196-1.612-0.418-2.185c-0.23-0.592-0.538-1.094-1.038-1.594 c-0.5-0.5-1.002-0.808-1.594-1.038c-0.572-0.222-1.227-0.375-2.185-0.418C14.751,3.01,14.444,3,12,3L12,3z M12,7.378 c-2.552,0-4.622,2.069-4.622,4.622S9.448,16.622,12,16.622s4.622-2.069,4.622-4.622S14.552,7.378,12,7.378z M12,15 c-1.657,0-3-1.343-3-3s1.343-3,3-3s3,1.343,3,3S13.657,15,12,15z M16.804,6.116c-0.596,0-1.08,0.484-1.08,1.08 s0.484,1.08,1.08,1.08c0.596,0,1.08-0.484,1.08-1.08S17.401,6.116,16.804,6.116z\"><\/path><\/svg><span class=\"wp-block-social-link-label screen-reader-text\">Instagram<\/span><\/a><\/li><\/ul>\n\n\n\n<div style=\"height:30px\" aria-hidden=\"true\" class=\"wp-block-spacer\"><\/div>\n\n\n\n<h3 class=\"wp-block-heading has-text-align-center has-text-color has-link-color wp-elements-cef140fdb0fc4dad43ee3702d5ef3ed5\" style=\"color:#084014;font-size:28px;font-style:normal;font-weight:700\">POR QUE PARTICIPAR?<\/h3>\n\n\n\n<div style=\"height:30px\" aria-hidden=\"true\" class=\"wp-block-spacer\"><\/div>\n\n\n\n<div class=\"wp-block-group has-background\" style=\"background-color:#f7f7f7\"><div class=\"wp-block-group__inner-container is-layout-constrained wp-block-group-is-layout-constrained\">\n<div style=\"height:20px\" aria-hidden=\"true\" class=\"wp-block-spacer\"><\/div>\n\n\n\n<ul class=\"wp-block-list\">\n<li style=\"font-size:18px\">Palestras e sess\u00f5es com temas contempor\u00e2neos em ci\u00eancias veterin\u00e1rias.<\/li>\n\n\n\n<li style=\"font-size:18px\">Oportunidade de submeter resumos e apresentar p\u00f4steres (para quem estiver presencial).<\/li>\n\n\n\n<li style=\"font-size:18px\">Networking com pesquisadores, docentes, estudantes e profissionais da \u00e1rea.<\/li>\n\n\n\n<li style=\"font-size:18px\">Formato h\u00edbrido: presencial + online, permitindo participa\u00e7\u00e3o de pessoas de diferentes regi\u00f5es.<\/li>\n<\/ul>\n\n\n\n<div style=\"height:20px\" aria-hidden=\"true\" class=\"wp-block-spacer\"><\/div>\n<\/div><\/div>\n\n\n\n<div style=\"height:60px\" aria-hidden=\"true\" class=\"wp-block-spacer\"><\/div>\n\n\n\n<hr class=\"wp-block-separator has-text-color has-alpha-channel-opacity has-background is-style-dots\" style=\"background-color:#495b1e;color:#495b1e\" \/>\n\n\n\n<div style=\"height:60px\" aria-hidden=\"true\" class=\"wp-block-spacer\"><\/div>\n\n\n\n<div class=\"wp-block-columns is-layout-flex wp-container-core-columns-is-layout-9d6595d7 wp-block-columns-is-layout-flex\">\n<div class=\"wp-block-column is-layout-flow wp-block-column-is-layout-flow\">\n<figure class=\"wp-block-image size-full is-style-default\"><img loading=\"lazy\" decoding=\"async\" width=\"2048\" height=\"1365\" src=\"https:\/\/eventos.ufrrj.br\/isvs-sincvet\/files\/2026\/04\/AD4A3743.jpg\" alt=\"\" class=\"wp-image-549\" style=\"aspect-ratio:1;object-fit:cover\" srcset=\"https:\/\/eventos.ufrrj.br\/isvs-sincvet\/files\/2026\/04\/AD4A3743.jpg 2048w, https:\/\/eventos.ufrrj.br\/isvs-sincvet\/files\/2026\/04\/AD4A3743-300x200.jpg 300w, https:\/\/eventos.ufrrj.br\/isvs-sincvet\/files\/2026\/04\/AD4A3743-1024x683.jpg 1024w, https:\/\/eventos.ufrrj.br\/isvs-sincvet\/files\/2026\/04\/AD4A3743-768x512.jpg 768w, https:\/\/eventos.ufrrj.br\/isvs-sincvet\/files\/2026\/04\/AD4A3743-1536x1024.jpg 1536w\" sizes=\"auto, (max-width: 2048px) 100vw, 2048px\" \/><\/figure>\n<\/div>\n\n\n\n<div class=\"wp-block-column is-layout-flow wp-block-column-is-layout-flow\">\n<p class=\"has-text-align-left has-text-color has-link-color wp-elements-3391962da473ff24197830562e17af7e\" style=\"color:#084014;font-size:28px;font-style:normal;font-weight:700\">A X EDI\u00c7\u00c3O DO SIMP\u00d3SIO INTERNACIONAL EM CI\u00caNCIAS VETERIN\u00c1RIAS<\/p>\n\n\n\n<div style=\"height:30px\" aria-hidden=\"true\" class=\"wp-block-spacer\"><\/div>\n\n\n\n<p style=\"font-size:18px\">A edi\u00e7\u00e3o de 2025 abordar\u00e1 os seguintes temas centrais:<\/p>\n\n\n\n<ul class=\"wp-block-list\">\n<li style=\"font-size:18px\">Ectoparasitas \u2014 sistem\u00e1tica, epidemiologia e controle.<\/li>\n\n\n\n<li style=\"font-size:18px\">Agentes protozo\u00e1rios e vetores de import\u00e2ncia para a sa\u00fade.<\/li>\n\n\n\n<li style=\"font-size:18px\">Helmintologia \u2014 sistem\u00e1tica, epidemiologia e controle.<\/li>\n\n\n\n<li style=\"font-size:18px\">Microbiologia e imunologia veterin\u00e1ria.<a href=\"https:\/\/www.even3.com.br\/x-simposio-internacional-em-ciencias-veterinarias-644814\/?utm_source=chatgpt.com\"><\/a><\/li>\n<\/ul>\n\n\n\n<div style=\"height:15px\" aria-hidden=\"true\" class=\"wp-block-spacer\"><\/div>\n\n\n\n<div class=\"wp-block-buttons is-layout-flex wp-block-buttons-is-layout-flex\">\n<div class=\"wp-block-button is-style-fill\"><a class=\"wp-block-button__link has-white-color has-text-color has-background has-link-color has-custom-font-size wp-element-button\" style=\"border-top-left-radius:8px;border-top-right-radius:8px;border-bottom-left-radius:8px;border-bottom-right-radius:8px;background:linear-gradient(135deg,rgb(8,64,20) 0%,rgb(87,138,90) 100%);font-size:16px\">Conhe\u00e7a outras edi\u00e7\u00f5es SINCVET  \u2192<\/a><\/div>\n<\/div>\n<\/div>\n<\/div>\n\n\n\n<div style=\"height:60px\" aria-hidden=\"true\" class=\"wp-block-spacer\"><\/div>\n\n\n\n<div style=\"height:60px\" aria-hidden=\"true\" class=\"wp-block-spacer\"><\/div>\n\n\n\n<ul class=\"wp-block-social-links is-layout-flex wp-block-social-links-is-layout-flex\"><\/ul>\n","protected":false},"excerpt":{"rendered":"<p>X Edi\u00e7\u00e3o \u00b7 Simp\u00f3sio Internacional Simp\u00f3sio Internacional em Ci\u00eancias Veterin\u00e1rias 2025 09 a 11 de dezembro de 2025 \u00a0|\u00a0 Evento <a class=\"read-more\" href=\"https:\/\/eventos.ufrrj.br\/isvs-sincvet\/ \">&#8230; <i class=\"fa fa-long-arrow-right\"><\/i><\/a><\/p>\n","protected":false},"author":42,"featured_media":0,"parent":0,"menu_order":0,"comment_status":"closed","ping_status":"closed","template":"","meta":{"footnotes":""},"class_list":["post-506","page","type-page","status-publish","hentry"],"_links":{"self":[{"href":"https:\/\/eventos.ufrrj.br\/isvs-sincvet\/wp-json\/wp\/v2\/pages\/506","targetHints":{"allow":["GET"]}}],"collection":[{"href":"https:\/\/eventos.ufrrj.br\/isvs-sincvet\/wp-json\/wp\/v2\/pages"}],"about":[{"href":"https:\/\/eventos.ufrrj.br\/isvs-sincvet\/wp-json\/wp\/v2\/types\/page"}],"author":[{"embeddable":true,"href":"https:\/\/eventos.ufrrj.br\/isvs-sincvet\/wp-json\/wp\/v2\/users\/42"}],"replies":[{"embeddable":true,"href":"https:\/\/eventos.ufrrj.br\/isvs-sincvet\/wp-json\/wp\/v2\/comments?post=506"}],"version-history":[{"count":48,"href":"https:\/\/eventos.ufrrj.br\/isvs-sincvet\/wp-json\/wp\/v2\/pages\/506\/revisions"}],"predecessor-version":[{"id":576,"href":"https:\/\/eventos.ufrrj.br\/isvs-sincvet\/wp-json\/wp\/v2\/pages\/506\/revisions\/576"}],"wp:attachment":[{"href":"https:\/\/eventos.ufrrj.br\/isvs-sincvet\/wp-json\/wp\/v2\/media?parent=506"}],"curies":[{"name":"wp","href":"https:\/\/api.w.org\/{rel}","templated":true}]}}