{"id":33,"date":"2018-07-03T13:43:31","date_gmt":"2018-07-03T16:43:31","guid":{"rendered":"http:\/\/eventos.ufrrj.br\/isvs-sincve\/?page_id=33"},"modified":"2024-10-25T17:18:25","modified_gmt":"2024-10-25T20:18:25","slug":"informacoes-gerais","status":"publish","type":"page","link":"https:\/\/eventos.ufrrj.br\/isvs-sincvet\/informacoes-gerais\/","title":{"rendered":"Informa\u00e7\u00f5es Gerais"},"content":{"rendered":"<h3 style=\"text-align: center\"><strong>BEM-VINDO!<\/strong><\/h3>\n<p>Temos o prazer de anunciar o <strong>IX Simp\u00f3sio Internacional em Ci\u00eancias Veterin\u00e1rias<\/strong>, que ocorrer\u00e1 <strong>ONLINE<\/strong> nos dias 09 e 10 de dezembro de 2024, com apresenta\u00e7\u00e3o presencial de p\u00f4steres no dia 11 de dezembro de 2024.<\/p>\n<p>A submiss\u00e3o de resumos abre em 07 de outubro e encerra em 31 de outubro de 2024!<\/p>\n<hr \/>\n<p style=\"text-align: center\"><strong>Acesse a programa\u00e7\u00e3o completa das palestras<\/strong><\/p>\n<p style=\"text-align: center\"><strong>EM BREVE!<\/strong><\/p>\n<hr \/>\n<p><strong>DATAS IMPORTANTES<\/strong><\/p>\n<p>Inscri\u00e7\u00f5es: 07 de outubro a 08 de dezembro.<\/p>\n<p>Submiss\u00e3o de resumos: 07 a 31 de outubro (na plataforma Even3).<\/p>\n<p>Aceita\u00e7\u00e3o de resumos: 23 de novembro &#8211; voc\u00ea receber\u00e1 um e-mail.<\/p>\n<p>Simp\u00f3sio ONLINE: 09 e 10 de dezembro.<\/p>\n<p>Apresenta\u00e7\u00e3o de p\u00f4steres: 11 de dezembro.<\/p>\n","protected":false},"excerpt":{"rendered":"<p>BEM-VINDO! Temos o prazer de anunciar o IX Simp\u00f3sio Internacional em Ci\u00eancias Veterin\u00e1rias, que ocorrer\u00e1 ONLINE nos dias 09 e <a class=\"read-more\" href=\"https:\/\/eventos.ufrrj.br\/isvs-sincvet\/informacoes-gerais\/ \">&#8230; <i class=\"fa fa-long-arrow-right\"><\/i><\/a><\/p>\n","protected":false},"author":25,"featured_media":0,"parent":0,"menu_order":0,"comment_status":"closed","ping_status":"closed","template":"","meta":{"footnotes":""},"class_list":["post-33","page","type-page","status-publish","hentry"],"_links":{"self":[{"href":"https:\/\/eventos.ufrrj.br\/isvs-sincvet\/wp-json\/wp\/v2\/pages\/33","targetHints":{"allow":["GET"]}}],"collection":[{"href":"https:\/\/eventos.ufrrj.br\/isvs-sincvet\/wp-json\/wp\/v2\/pages"}],"about":[{"href":"https:\/\/eventos.ufrrj.br\/isvs-sincvet\/wp-json\/wp\/v2\/types\/page"}],"author":[{"embeddable":true,"href":"https:\/\/eventos.ufrrj.br\/isvs-sincvet\/wp-json\/wp\/v2\/users\/25"}],"replies":[{"embeddable":true,"href":"https:\/\/eventos.ufrrj.br\/isvs-sincvet\/wp-json\/wp\/v2\/comments?post=33"}],"version-history":[{"count":18,"href":"https:\/\/eventos.ufrrj.br\/isvs-sincvet\/wp-json\/wp\/v2\/pages\/33\/revisions"}],"predecessor-version":[{"id":415,"href":"https:\/\/eventos.ufrrj.br\/isvs-sincvet\/wp-json\/wp\/v2\/pages\/33\/revisions\/415"}],"wp:attachment":[{"href":"https:\/\/eventos.ufrrj.br\/isvs-sincvet\/wp-json\/wp\/v2\/media?parent=33"}],"curies":[{"name":"wp","href":"https:\/\/api.w.org\/{rel}","templated":true}]}}