{"id":27,"date":"2018-07-03T13:42:28","date_gmt":"2018-07-03T16:42:28","guid":{"rendered":"http:\/\/eventos.ufrrj.br\/isvs-sincve\/?page_id=27"},"modified":"2024-10-25T17:02:10","modified_gmt":"2024-10-25T20:02:10","slug":"abstracts-submission","status":"publish","type":"page","link":"https:\/\/eventos.ufrrj.br\/isvs-sincvet\/abstracts-submission\/","title":{"rendered":"Submiss\u00e3o de resumos"},"content":{"rendered":"<p style=\"text-align: center\"><strong>Chamada para submiss\u00e3o de Resumos (ABERTA)<\/strong><\/p>\n<ol>\n<li>A submiss\u00e3o de resumos est\u00e1 aberta exclusivamente para participantes que comparecer\u00e3o presencialmente \u00e0 UFRRJ no dia 11 de dezembro para apresenta\u00e7\u00f5es de p\u00f4steres. Os participantes devem estar matriculados em um programa de p\u00f3s-gradua\u00e7\u00e3o no Brasil e apresentar o p\u00f4ster nesse dia.<\/li>\n<li>Para submeter seu resumo, o primeiro autor (que tamb\u00e9m ser\u00e1 o apresentador) deve se inscrever no IX SINCVET.<\/li>\n<\/ol>\n<p><strong>A submiss\u00e3o de resumos estar\u00e1 aberta de 07 a 31 de outubro de 2024.<\/strong><\/p>\n<p><strong>Pronto para submeter seu resumo? <a href=\"_wp_link_placeholder\" data-wplink-edit=\"true\">Clique aqui!<\/a><\/strong><\/p>\n<hr \/>\n<p><strong>RESUMOS E APRESENTA\u00c7\u00d5ES<\/strong><\/p>\n<p><strong>Orienta\u00e7\u00f5es para autores<\/strong><\/p>\n<ol>\n<li>O resumo deve ter no m\u00e1ximo 600 palavras, incluindo de tr\u00eas a cinco palavras-chave.<\/li>\n<li>Todos os resumos passar\u00e3o por revis\u00e3o \u00e0s cegas pelo comit\u00ea cient\u00edfico. Cada autor\/apresentador poder\u00e1 submeter apenas um resumo, com no m\u00e1ximo 10 autores.<\/li>\n<li>Os resumos devem ser redigidos em ingl\u00eas claro e conciso, para que os revisores possam focar no m\u00e9rito cient\u00edfico da submiss\u00e3o. Recomendamos que autores que n\u00e3o t\u00eam o ingl\u00eas como l\u00edngua materna revisem seus resumos quanto \u00e0 gram\u00e1tica e ortografia (usando ferramentas como DeepL ou outros recursos de IA).<\/li>\n<li>O resumo deve ser escrito em <strong>um \u00fanico par\u00e1grafo<\/strong> e incluir, no m\u00ednimo, as seguintes se\u00e7\u00f5es: objetivos, m\u00e9todos, resultados e conclus\u00e3o. Se os resultados ainda n\u00e3o estiverem dispon\u00edveis, o projeto pode ser submetido com as seguintes se\u00e7\u00f5es: Introdu\u00e7\u00e3o, Objetivos, M\u00e9todos e Resultados Esperados. Relatos de caso devem incluir: Introdu\u00e7\u00e3o, Descri\u00e7\u00e3o do Caso, M\u00e9todos, Resultados e Conclus\u00e3o.<\/li>\n<li>Os resumos n\u00e3o devem conter figuras, tabelas ou refer\u00eancias.<\/li>\n<li>Os nomes das se\u00e7\u00f5es n\u00e3o devem ser inclu\u00eddos no texto.<\/li>\n<\/ol>\n<p><strong>Apresenta\u00e7\u00e3o de p\u00f4ster<\/strong><\/p>\n<ol>\n<li>Os resultados das avalia\u00e7\u00f5es estar\u00e3o dispon\u00edveis na plataforma Even3.<\/li>\n<li>Todas as apresenta\u00e7\u00f5es ser\u00e3o em formato de p\u00f4ster e devem ser realizadas presencialmente no dia 11 de dezembro, no Departamento de Parasitologia Animal, Anexo I do Instituto de Veterin\u00e1ria (UFRRJ).<\/li>\n<li>A apresenta\u00e7\u00e3o pode ser feita em ingl\u00eas, espanhol ou portugu\u00eas, conforme a prefer\u00eancia do estudante e do revisor.<\/li>\n<\/ol>\n","protected":false},"excerpt":{"rendered":"<p>Chamada para submiss\u00e3o de Resumos (ABERTA) A submiss\u00e3o de resumos est\u00e1 aberta exclusivamente para participantes que comparecer\u00e3o presencialmente \u00e0 UFRRJ <a class=\"read-more\" href=\"https:\/\/eventos.ufrrj.br\/isvs-sincvet\/abstracts-submission\/ \">&#8230; <i class=\"fa fa-long-arrow-right\"><\/i><\/a><\/p>\n","protected":false},"author":25,"featured_media":0,"parent":0,"menu_order":0,"comment_status":"closed","ping_status":"closed","template":"","meta":{"footnotes":""},"class_list":["post-27","page","type-page","status-publish","hentry"],"_links":{"self":[{"href":"https:\/\/eventos.ufrrj.br\/isvs-sincvet\/wp-json\/wp\/v2\/pages\/27","targetHints":{"allow":["GET"]}}],"collection":[{"href":"https:\/\/eventos.ufrrj.br\/isvs-sincvet\/wp-json\/wp\/v2\/pages"}],"about":[{"href":"https:\/\/eventos.ufrrj.br\/isvs-sincvet\/wp-json\/wp\/v2\/types\/page"}],"author":[{"embeddable":true,"href":"https:\/\/eventos.ufrrj.br\/isvs-sincvet\/wp-json\/wp\/v2\/users\/25"}],"replies":[{"embeddable":true,"href":"https:\/\/eventos.ufrrj.br\/isvs-sincvet\/wp-json\/wp\/v2\/comments?post=27"}],"version-history":[{"count":19,"href":"https:\/\/eventos.ufrrj.br\/isvs-sincvet\/wp-json\/wp\/v2\/pages\/27\/revisions"}],"predecessor-version":[{"id":406,"href":"https:\/\/eventos.ufrrj.br\/isvs-sincvet\/wp-json\/wp\/v2\/pages\/27\/revisions\/406"}],"wp:attachment":[{"href":"https:\/\/eventos.ufrrj.br\/isvs-sincvet\/wp-json\/wp\/v2\/media?parent=27"}],"curies":[{"name":"wp","href":"https:\/\/api.w.org\/{rel}","templated":true}]}}