{"id":21,"date":"2018-07-03T13:40:49","date_gmt":"2018-07-03T16:40:49","guid":{"rendered":"http:\/\/eventos.ufrrj.br\/isvs-sincve\/?page_id=21"},"modified":"2024-10-25T17:34:15","modified_gmt":"2024-10-25T20:34:15","slug":"inscricoes","status":"publish","type":"page","link":"https:\/\/eventos.ufrrj.br\/isvs-sincvet\/inscricoes\/","title":{"rendered":"Inscri\u00e7\u00f5es"},"content":{"rendered":"<p>As inscri\u00e7\u00f5es s\u00e3o gratuitas!<\/p>\n<p>As inscri\u00e7\u00f5es come\u00e7am no <strong>dia 07 de outubro e v\u00e3o at\u00e9 08 de dezembro de 2024.<\/strong><\/p>\n<p>As vagas s\u00e3o ilimitadas.<\/p>\n<p>Para se inscrever acesse a p\u00e1gina da <a href=\"_wp_link_placeholder\" data-wplink-edit=\"true\">Even3<\/a>!<\/p>\n<p>Para enviar seu resumo, o primeiro autor (que tamb\u00e9m \u00e9 respons\u00e1vel pela apresenta\u00e7\u00e3o do resumo) deve estar previamente inscrito no IX SINCVET.<\/p>\n","protected":false},"excerpt":{"rendered":"<p>As inscri\u00e7\u00f5es s\u00e3o gratuitas! As inscri\u00e7\u00f5es come\u00e7am no dia 07 de outubro e v\u00e3o at\u00e9 08 de dezembro de 2024. <a class=\"read-more\" href=\"https:\/\/eventos.ufrrj.br\/isvs-sincvet\/inscricoes\/ \">&#8230; <i class=\"fa fa-long-arrow-right\"><\/i><\/a><\/p>\n","protected":false},"author":25,"featured_media":0,"parent":0,"menu_order":0,"comment_status":"closed","ping_status":"closed","template":"","meta":{"footnotes":""},"class_list":["post-21","page","type-page","status-publish","hentry"],"_links":{"self":[{"href":"https:\/\/eventos.ufrrj.br\/isvs-sincvet\/wp-json\/wp\/v2\/pages\/21","targetHints":{"allow":["GET"]}}],"collection":[{"href":"https:\/\/eventos.ufrrj.br\/isvs-sincvet\/wp-json\/wp\/v2\/pages"}],"about":[{"href":"https:\/\/eventos.ufrrj.br\/isvs-sincvet\/wp-json\/wp\/v2\/types\/page"}],"author":[{"embeddable":true,"href":"https:\/\/eventos.ufrrj.br\/isvs-sincvet\/wp-json\/wp\/v2\/users\/25"}],"replies":[{"embeddable":true,"href":"https:\/\/eventos.ufrrj.br\/isvs-sincvet\/wp-json\/wp\/v2\/comments?post=21"}],"version-history":[{"count":19,"href":"https:\/\/eventos.ufrrj.br\/isvs-sincvet\/wp-json\/wp\/v2\/pages\/21\/revisions"}],"predecessor-version":[{"id":418,"href":"https:\/\/eventos.ufrrj.br\/isvs-sincvet\/wp-json\/wp\/v2\/pages\/21\/revisions\/418"}],"wp:attachment":[{"href":"https:\/\/eventos.ufrrj.br\/isvs-sincvet\/wp-json\/wp\/v2\/media?parent=21"}],"curies":[{"name":"wp","href":"https:\/\/api.w.org\/{rel}","templated":true}]}}