{"id":62,"date":"2018-02-20T16:53:14","date_gmt":"2018-02-20T19:53:14","guid":{"rendered":"http:\/\/eventos.ufrrj.br\/forumafbeh\/?page_id=62"},"modified":"2018-04-21T15:53:17","modified_gmt":"2018-04-21T18:53:17","slug":"inscricoes","status":"publish","type":"page","link":"https:\/\/eventos.ufrrj.br\/forumafbeh\/inscricoes\/","title":{"rendered":"Inscri\u00e7\u00f5es"},"content":{"rendered":"<div class=\"col-md-8\">\n<p><strong>Presenciais:<\/strong><\/p>\n<p>As inscri\u00e7\u00f5es ser\u00e3o realizadas no per\u00edodo de 03\/04\/2018 at\u00e9 24\/04\/2018.<\/p>\n<p>Restaurante Universit\u00e1rio (Hor\u00e1rio de Almo\u00e7o e Jantar)<\/p>\n<p>&nbsp;<\/p>\n<p><strong>Online<\/strong>:<\/p>\n<p>As inscri\u00e7\u00f5es ser\u00e3o realizadas no per\u00edodo de 13\/03\/2018 at\u00e9 24\/04\/2018.<\/p>\n<p>Valor da inscri\u00e7\u00e3o: 35 reais<\/p>\n<p>O pagamento deve ser realizado por meio de dep\u00f3sito na conta abaixo, e o comprovante do dep\u00f3sito deve ser enviado para o e-mail \u00a0forumafbeh@gmail.com.<\/p>\n<p>Banco: Caixa Econ\u00f4mica<br \/>\nRaz\u00e3o Social: Empresa J\u00fanior de Agronomia da UFRRJ \u2013 Rural Consultoria J\u00fanior<br \/>\nCNPJ 19.414.583\/0001-25<br \/>\nAg\u00eancia: 3071<br \/>\nOpera\u00e7\u00e3o: 003<br \/>\nConta: 00003115-1<br \/>\nValor: R$ 35,00<\/p>\n<\/div>\n<div>Ao se inscrever o participante ter\u00e1 direito a participar de : 1 minicurso, 2 oficinas (sendo que uma no hor\u00e1rio de 13 as 14 \/ e outro de 14 as 15h), 1 roda de conversa, palestra paralela, as palestras, submiss\u00e3o de trabalho.<\/div>\n<div>Obs.: O mini-curso, oficinas e roda de conversa devem ser indicados no ato a inscri\u00e7\u00e3o.<\/div>\n<div class=\"col-md-8\">\n<p><a href=\"https:\/\/docs.google.com\/forms\/d\/1rV3WLgj7YcFcHygL-MQ6G-wvQ2uDk5sf_-IR2YVYubo\/\">Link para Inscri\u00e7\u00f5es Online<\/a><\/p>\n<\/div>\n<div><\/div>\n<div class=\"col-md-4\">\n<div class=\"busca\">\n<div id=\"ajaxsearchlite1\" class=\"wpdreams_asl_container asl_w asl_m asl_m_1\">\n<div class=\"probox\">\n<div class=\"promagnifier\">\n<div class=\"innericon\"><\/div>\n<div><\/div>\n<\/div>\n<div class=\"prosettings\">\n<div class=\"innericon\"><\/div>\n<\/div>\n<div class=\"proinput\"><\/div>\n<\/div>\n<\/div>\n<\/div>\n<\/div>\n","protected":false},"excerpt":{"rendered":"<p>Presenciais: As inscri\u00e7\u00f5es ser\u00e3o realizadas no per\u00edodo de 03\/04\/2018 at\u00e9 24\/04\/2018. Restaurante Universit\u00e1rio (Hor\u00e1rio de Almo\u00e7o e Jantar) &nbsp; Online: <a class=\"read-more\" href=\"https:\/\/eventos.ufrrj.br\/forumafbeh\/inscricoes\/ \">&#8230; <i class=\"fa fa-long-arrow-right\"><\/i><\/a><\/p>\n","protected":false},"author":37,"featured_media":0,"parent":0,"menu_order":0,"comment_status":"closed","ping_status":"closed","template":"","meta":{"footnotes":""},"class_list":["post-62","page","type-page","status-publish","hentry"],"_links":{"self":[{"href":"https:\/\/eventos.ufrrj.br\/forumafbeh\/wp-json\/wp\/v2\/pages\/62","targetHints":{"allow":["GET"]}}],"collection":[{"href":"https:\/\/eventos.ufrrj.br\/forumafbeh\/wp-json\/wp\/v2\/pages"}],"about":[{"href":"https:\/\/eventos.ufrrj.br\/forumafbeh\/wp-json\/wp\/v2\/types\/page"}],"author":[{"embeddable":true,"href":"https:\/\/eventos.ufrrj.br\/forumafbeh\/wp-json\/wp\/v2\/users\/37"}],"replies":[{"embeddable":true,"href":"https:\/\/eventos.ufrrj.br\/forumafbeh\/wp-json\/wp\/v2\/comments?post=62"}],"version-history":[{"count":11,"href":"https:\/\/eventos.ufrrj.br\/forumafbeh\/wp-json\/wp\/v2\/pages\/62\/revisions"}],"predecessor-version":[{"id":137,"href":"https:\/\/eventos.ufrrj.br\/forumafbeh\/wp-json\/wp\/v2\/pages\/62\/revisions\/137"}],"wp:attachment":[{"href":"https:\/\/eventos.ufrrj.br\/forumafbeh\/wp-json\/wp\/v2\/media?parent=62"}],"curies":[{"name":"wp","href":"https:\/\/api.w.org\/{rel}","templated":true}]}}