{"id":27,"date":"2018-02-20T03:03:06","date_gmt":"2018-02-20T06:03:06","guid":{"rendered":"http:\/\/eventos.ufrrj.br\/forumafbeh\/?page_id=27"},"modified":"2018-04-24T20:33:23","modified_gmt":"2018-04-24T23:33:23","slug":"programacao","status":"publish","type":"page","link":"https:\/\/eventos.ufrrj.br\/forumafbeh\/programacao\/","title":{"rendered":"Programa\u00e7\u00e3o"},"content":{"rendered":"<h3>Fiquem ligados na nossa programa\u00e7\u00e3o para os 3 dias de evento!<\/h3>\n<table width=\"1380\">\n<tbody>\n<tr>\n<td width=\"76\">Turno<\/td>\n<td colspan=\"4\" width=\"447\">MANH\u00c3<\/td>\n<td colspan=\"4\" width=\"725\">TARDE<\/td>\n<td width=\"131\">NOITE<\/td>\n<\/tr>\n<tr>\n<td width=\"76\">Hor\u00e1rio<\/td>\n<td width=\"56\">8:00<\/td>\n<td width=\"77\">8:30<\/td>\n<td colspan=\"2\" width=\"314\">9:30 &#8211;\u00a0 <u>Palestras<\/u> (Sal\u00e3o Azul )<\/td>\n<td colspan=\"3\" width=\"535\">13:00 &#8211; <u>Minicursos <\/u><\/td>\n<td width=\"190\">15:30<\/td>\n<td width=\"131\">18:00<\/td>\n<\/tr>\n<tr>\n<td width=\"76\">1\u00ba Dia &#8211; 25\/04<\/td>\n<td width=\"56\">Credenciamento e Abertura<\/p>\n<p>Local: Sal\u00e3o Azul<\/td>\n<td width=\"77\">Feira com produto dos produtores locais. Dra. Anelise Dias &#8211; Local: Corredor P1<\/td>\n<td colspan=\"2\" width=\"314\">\u201cAgricultura familiar: A\u00e7\u00f5es do IICA no Brasil e nas Am\u00e9ricas\u201d \u00a0Dr. Hern\u00e1n Chiriboga<\/p>\n<p>&#8220;Tecnologia social PAIS, produ\u00e7\u00e3o sustent\u00e1vel e gera\u00e7\u00e3o de Renda em Pequenas Propriedades Rurais.&#8221; \u00a0MSc.\u00a0 Aly Ndiaye<\/p>\n<p>\u201cAgroecologia, Agricultura Familiar, Institui\u00e7\u00f5es publicas e ONGs\u201d. \u00a0Dr. Eli de Jesus<\/td>\n<td colspan=\"3\" width=\"535\"><u>1<\/u><u>:<\/u> \u201cBokashi\u201d. Dr. Eli de Jesus \u2013 Local: PPGEA<\/p>\n<p><u>2<\/u><u>:<\/u> \u201cGest\u00e3o de res\u00edduos e seguran\u00e7a no trabalho\u201d. Eng. S\u00e9rgio Vieira &#8211; Local: Sal\u00e3o Azul<\/p>\n<p><u>3<\/u><u>:<\/u> \u201cSistema de irriga\u00e7\u00e3o inovadores e simples: gotejamento e microaspersores\u201d. Dr. Leonardo Medici e Dr. Brent Rowell &#8211; Local: PPGEA<\/p>\n<p><u>4<\/u><u>:<\/u> \u201cProdu\u00e7\u00e3o de sementes\u201d. Dr. Higino Lopes &#8211; Local: PESAGRO<\/p>\n<p><u>5:<\/u> \u201cReconhecimento de inimigos naturais e uso de plantas atrativas\u201d. Dr. Alessandra Silva &#8211; Local: Fazendinha Agroecol\u00f3gica<\/p>\n<p><u>6:<\/u> \u201cPANC: Plantas aliment\u00edcias n\u00e3o convencionais\u201d Dra. Ana Cristina Garofolo e Mariella Uzeda &#8211; Local: Embrapa Agrobiologia<\/p>\n<p><u>7<\/u><u>:<\/u> \u201cGongol\u00e1rio: uma alternativa para a nutri\u00e7\u00e3o do solo\u201d. Dra. Maria Elizabeth Correia &#8211; Local: Embrapa Agrobiologia<\/td>\n<td width=\"190\">Visita t\u00e9cnica dos minicursos. Locais: Fazendinha Agroecol\u00f3gica (3, 5 e 6) e PESAGRO (4)<\/p>\n<p><u>Palestra <\/u><u>paralela:<\/u> \u201cProdu\u00e7\u00e3o de mel na Agricultura Familiar\u201d.\u00a0 Eng. N\u00fabia Nunes e Dra. Gabriela Alves &#8211; Local: \u00a0Sal\u00e3o Azul<\/td>\n<td width=\"131\">Abertura Oficial, Lan\u00e7amentos, Programa\u00e7\u00e3o cultural e coquetel.<\/p>\n<p>Local: Gustav\u00e3o<\/td>\n<\/tr>\n<tr>\n<td width=\"76\">Turno<\/td>\n<td colspan=\"4\" width=\"447\">MANH\u00c3<\/td>\n<td colspan=\"3\" width=\"535\">TARDE<\/td>\n<td width=\"190\">TARDE<\/td>\n<td width=\"131\">NOITE<\/td>\n<\/tr>\n<tr>\n<td width=\"76\">Hor\u00e1rio<\/td>\n<td colspan=\"4\" width=\"447\">8:00 \u2013 <u>Palestras (<\/u>Sal\u00e3o Azul )<\/td>\n<td colspan=\"2\" width=\"261\">13:00 &#8211; <u>Oficinas<\/u><\/td>\n<td width=\"274\">14:00- <u>Oficinas<\/u><\/td>\n<td width=\"190\">15:30<\/td>\n<td width=\"131\">18:00<\/td>\n<\/tr>\n<tr>\n<td width=\"76\">2\u00ba Dia &#8211; 26\/04<\/td>\n<td colspan=\"4\" width=\"447\">\u201cO sistema de irriga\u00e7\u00e3o por gotejamento como uma alternativa de melhoria das condi\u00e7\u00f5es de vida dos agricultores familiares: O Caso de Myanmar.\u201d Dr. Brent Rowell<\/p>\n<p>\u201cA agricultura no Haiti: a vulnerabilidade dos agricultores familiares com rela\u00e7\u00e3o \u00e0s mudan\u00e7as clim\u00e1ticas\u201d. Eng. Fresner Dorcin<\/p>\n<p>\u201cA agricultura familiar sob o enfoque do direito no Brasil: a hipossufici\u00eancia e T\u00e9cnica legal do agricultor como obst\u00e1culo para continuar no campo\u201d.\u00a0 Dr. Gabriel Dos Santos<\/td>\n<td colspan=\"2\" width=\"261\">\u201cProdu\u00e7\u00e3o sustent\u00e1vel da agricultura familiar\u201d. Dra. Anelise Dias \u00a0&#8211; Local: Sal\u00e3o Azul<\/p>\n<p>\u201cSa\u00fade e seguran\u00e7a no trabalho na agricultura familiar\u201d. Eng. S\u00e9rgio Vieira &#8211; Local: Hilton Sales<\/td>\n<td width=\"274\">\u201cRelatos da Agricultura familiar no territ\u00f3rio brasileiro\u201d.\u00a0 Dra. Cristhiane Am\u00e2ncio &#8211; Local: Hilton Sales<\/p>\n<p>\u201cConserva\u00e7\u00e3o de sementes em propriedades rurais\u201d. Dra. Ana Garofolo &#8211; Local: Sal\u00e3o Azul<\/td>\n<td width=\"190\">Visita t\u00e9cnica dos minicursos 1, 2 e 7. Local: Fazendinha Agroecol\u00f3gica<\/p>\n<p><u>Palestra <\/u><u>paralela<\/u>: \u201cProdu\u00e7\u00e3o de mel na Agricultura Familiar\u201d.\u00a0 Eng. N\u00fabia Nunes (UFRRJ) e Dra. Gabriela Alves &#8211; Local: Sal\u00e3o Azul<\/td>\n<td width=\"131\">Cine Casulo: Filme voltado para a Agricultura Familiar.<\/p>\n<p>Local: Gustav\u00e3o<\/td>\n<\/tr>\n<tr>\n<td width=\"76\">Turno<\/td>\n<td colspan=\"4\" width=\"447\">MANH\u00c3<\/td>\n<td colspan=\"3\" width=\"535\">TARDE<\/td>\n<td colspan=\"2\" width=\"321\"><\/td>\n<\/tr>\n<tr>\n<td width=\"76\">Hor\u00e1rio<\/td>\n<td colspan=\"3\" width=\"314\">8:00 &#8211; <u>Rodas de Conversa <\/u><\/td>\n<td width=\"133\">9:30 (PPGEA)<\/td>\n<td rowspan=\"2\" width=\"226\">13:00 (PPGEA)<\/td>\n<td colspan=\"2\" rowspan=\"2\" width=\"309\">15:30 (PPGEA)<\/td>\n<td colspan=\"2\" rowspan=\"2\" width=\"321\">16:00 (PPGEA)<\/td>\n<\/tr>\n<tr>\n<td rowspan=\"2\" width=\"76\">3\u00ba Dia &#8211; 27\/04<\/td>\n<td colspan=\"3\" rowspan=\"2\" width=\"314\">\u201cProdu\u00e7\u00e3o Animal de precis\u00e3o\u201d. Dr. Marcos Lima &#8211; Local: Sal\u00e3o Azul<\/p>\n<p>\u201cExtens\u00e3o Rural e Agricultura Familiar\u201d. Msc. Jaime Miranda &#8211; Local: Hilton Sales<\/td>\n<td rowspan=\"2\" width=\"133\">Apresenta\u00e7\u00e3o dos trabalhos (oral e p\u00f4steres).<\/td>\n<\/tr>\n<tr>\n<td width=\"226\">Apresenta\u00e7\u00e3o dos trabalhos (oral e p\u00f4steres).<\/td>\n<td colspan=\"2\" width=\"309\">Debates sobre os temas abordados com representantes da FAO, IICA e outras institui\u00e7\u00f5es.<\/td>\n<td colspan=\"2\" width=\"321\">Encerramento; Premia\u00e7\u00e3o dos melhores trabalhos; Plen\u00e1ria.<\/p>\n<p>&nbsp;<\/td>\n<\/tr>\n<\/tbody>\n<\/table>\n<p>&nbsp;<\/p>\n<p>&nbsp;<\/p>\n","protected":false},"excerpt":{"rendered":"<p>Fiquem ligados na nossa programa\u00e7\u00e3o para os 3 dias de evento! Turno MANH\u00c3 TARDE NOITE Hor\u00e1rio 8:00 8:30 9:30 &#8211;\u00a0 <a class=\"read-more\" href=\"https:\/\/eventos.ufrrj.br\/forumafbeh\/programacao\/ \">&#8230; <i class=\"fa fa-long-arrow-right\"><\/i><\/a><\/p>\n","protected":false},"author":37,"featured_media":0,"parent":0,"menu_order":0,"comment_status":"closed","ping_status":"closed","template":"","meta":{"footnotes":""},"class_list":["post-27","page","type-page","status-publish","hentry"],"_links":{"self":[{"href":"https:\/\/eventos.ufrrj.br\/forumafbeh\/wp-json\/wp\/v2\/pages\/27","targetHints":{"allow":["GET"]}}],"collection":[{"href":"https:\/\/eventos.ufrrj.br\/forumafbeh\/wp-json\/wp\/v2\/pages"}],"about":[{"href":"https:\/\/eventos.ufrrj.br\/forumafbeh\/wp-json\/wp\/v2\/types\/page"}],"author":[{"embeddable":true,"href":"https:\/\/eventos.ufrrj.br\/forumafbeh\/wp-json\/wp\/v2\/users\/37"}],"replies":[{"embeddable":true,"href":"https:\/\/eventos.ufrrj.br\/forumafbeh\/wp-json\/wp\/v2\/comments?post=27"}],"version-history":[{"count":13,"href":"https:\/\/eventos.ufrrj.br\/forumafbeh\/wp-json\/wp\/v2\/pages\/27\/revisions"}],"predecessor-version":[{"id":143,"href":"https:\/\/eventos.ufrrj.br\/forumafbeh\/wp-json\/wp\/v2\/pages\/27\/revisions\/143"}],"wp:attachment":[{"href":"https:\/\/eventos.ufrrj.br\/forumafbeh\/wp-json\/wp\/v2\/media?parent=27"}],"curies":[{"name":"wp","href":"https:\/\/api.w.org\/{rel}","templated":true}]}}