{"id":24,"date":"2018-02-20T03:01:29","date_gmt":"2018-02-20T06:01:29","guid":{"rendered":"http:\/\/eventos.ufrrj.br\/forumafbeh\/?page_id=24"},"modified":"2018-02-20T03:01:29","modified_gmt":"2018-02-20T06:01:29","slug":"apresentacao","status":"publish","type":"page","link":"https:\/\/eventos.ufrrj.br\/forumafbeh\/apresentacao\/","title":{"rendered":"Apresenta\u00e7\u00e3o"},"content":{"rendered":"<p>Informamos que a Iniciativa Internacional para o Desenvolvimento Rural (IIDR), o Programa de p\u00f3s-gradua\u00e7\u00e3o em Educa\u00e7\u00e3o Agr\u00edcola (PPGEA-UFRRJ) e o\u00a0Programa de P\u00f3s- Gradua\u00e7\u00e3o em Agricultura Org\u00e2nica (PPGAO-UFRRJ), vinculados a Pr\u00f3-Reitoria de Pesquisa e P\u00f3s-Gradua\u00e7\u00e3o e a Reitoria da UFRRJ, promover\u00e3o entre os dias\u00a0<strong>25 a 27 de abril de 2018<\/strong>\u00a0o <strong>\u00a0I F\u00f3rum de Agricultura Familiar (Brasil-EUA-Haiti)<\/strong>. O f\u00f3rum \u00e9 uma iniciativa de representantes da\u00a0IIDR, de coordena\u00e7\u00f5es dos programas, discentes e docentes, cujo tema abordado ser\u00e1 &#8220;Alternativas sustent\u00e1veis para o fortalecimento da Agricultura Familiar&#8221;.<\/p>\n<p>O I F\u00f3rum de Agricultura familiar Brasil-Estados Unidos-Haiti tem por objetivo incentivar e promover debates entre institui\u00e7\u00f5es brasileiras, haitianas e norte americanas sobre a agricultura familiar a fim de estabelecer a\u00e7\u00f5es que possam fortalecer esse setor.<\/p>\n<p>O evento ser\u00e1 realizado nas depend\u00eancias da UFRRJ campus Serop\u00e9dica, no Pr\u00e9dio Principal (PI), e contar\u00e1 com a participa\u00e7\u00e3o de palestrantes de institui\u00e7\u00f5es de renome do Brasil, dos \u00a0Estados Unidos da Am\u00e9rica e do Haiti, apresentando temas de relev\u00e2ncia cient\u00edfica e atuais sobre o tema do f\u00f3rum.<\/p>\n<p><img loading=\"lazy\" decoding=\"async\" class=\"alignnone size-medium wp-image-25\" src=\"http:\/\/eventos.ufrrj.br\/forumafbeh\/files\/2018\/02\/CartazA3Apresenta\u00e7\u00e3o1-212x300.jpg\" alt=\"\" width=\"212\" height=\"300\" srcset=\"https:\/\/eventos.ufrrj.br\/forumafbeh\/files\/2018\/02\/CartazA3Apresenta\u00e7\u00e3o1-212x300.jpg 212w, https:\/\/eventos.ufrrj.br\/forumafbeh\/files\/2018\/02\/CartazA3Apresenta\u00e7\u00e3o1-768x1086.jpg 768w, https:\/\/eventos.ufrrj.br\/forumafbeh\/files\/2018\/02\/CartazA3Apresenta\u00e7\u00e3o1-724x1024.jpg 724w, https:\/\/eventos.ufrrj.br\/forumafbeh\/files\/2018\/02\/CartazA3Apresenta\u00e7\u00e3o1.jpg 1448w\" sizes=\"auto, (max-width: 212px) 100vw, 212px\" \/><\/p>\n<p>&nbsp;<\/p>\n<p>Realiza\u00e7\u00e3o:<br \/>\nIniciativa Internacional para o Desenvolvimento Rural (IIDR);<br \/>\nPrograma de p\u00f3s-gradua\u00e7\u00e3o em Educa\u00e7\u00e3o Agr\u00edcola (PPGEA) da Universidade Federal Rural do Rio de Janeiro (UFRRJ)<br \/>\nPrograma de P\u00f3s- Gradua\u00e7\u00e3o em Agricultura Org\u00e2nica (PPGAO) da Universidade Federal Rural do Rio de Janeiro (UFRRJ)<\/p>\n<p>Organiza\u00e7\u00e3o:<br \/>\nRural Consultoria J\u00fanior (RCJR)<\/p>\n<p>Apoio:<br \/>\nUniversidade Federal Rural do Rio de Janeiro (UFRRJ)<br \/>\nInstituto Interamericano de Coopera\u00e7\u00e3o para a Agricultura (IICA)<br \/>\nEmpresa Brasileira de Pesquisa Agropecu\u00e1ria (EMBRAPA Agrobiologia)<br \/>\nEmpresa de Pesquisa Agropecu\u00e1ria do Estado do Rio de Janeiro (Pesagro-Rio)<\/p>\n<p>&nbsp;<\/p>\n","protected":false},"excerpt":{"rendered":"<p>Informamos que a Iniciativa Internacional para o Desenvolvimento Rural (IIDR), o Programa de p\u00f3s-gradua\u00e7\u00e3o em Educa\u00e7\u00e3o Agr\u00edcola (PPGEA-UFRRJ) e o\u00a0Programa <a class=\"read-more\" href=\"https:\/\/eventos.ufrrj.br\/forumafbeh\/apresentacao\/ \">&#8230; <i class=\"fa fa-long-arrow-right\"><\/i><\/a><\/p>\n","protected":false},"author":37,"featured_media":0,"parent":0,"menu_order":0,"comment_status":"closed","ping_status":"closed","template":"","meta":{"footnotes":""},"class_list":["post-24","page","type-page","status-publish","hentry"],"_links":{"self":[{"href":"https:\/\/eventos.ufrrj.br\/forumafbeh\/wp-json\/wp\/v2\/pages\/24","targetHints":{"allow":["GET"]}}],"collection":[{"href":"https:\/\/eventos.ufrrj.br\/forumafbeh\/wp-json\/wp\/v2\/pages"}],"about":[{"href":"https:\/\/eventos.ufrrj.br\/forumafbeh\/wp-json\/wp\/v2\/types\/page"}],"author":[{"embeddable":true,"href":"https:\/\/eventos.ufrrj.br\/forumafbeh\/wp-json\/wp\/v2\/users\/37"}],"replies":[{"embeddable":true,"href":"https:\/\/eventos.ufrrj.br\/forumafbeh\/wp-json\/wp\/v2\/comments?post=24"}],"version-history":[{"count":1,"href":"https:\/\/eventos.ufrrj.br\/forumafbeh\/wp-json\/wp\/v2\/pages\/24\/revisions"}],"predecessor-version":[{"id":26,"href":"https:\/\/eventos.ufrrj.br\/forumafbeh\/wp-json\/wp\/v2\/pages\/24\/revisions\/26"}],"wp:attachment":[{"href":"https:\/\/eventos.ufrrj.br\/forumafbeh\/wp-json\/wp\/v2\/media?parent=24"}],"curies":[{"name":"wp","href":"https:\/\/api.w.org\/{rel}","templated":true}]}}