{"id":159,"date":"2018-05-04T00:29:48","date_gmt":"2018-05-04T03:29:48","guid":{"rendered":"http:\/\/eventos.ufrrj.br\/forumafbeh\/?page_id=159"},"modified":"2018-05-25T20:41:00","modified_gmt":"2018-05-25T23:41:00","slug":"certificados","status":"publish","type":"page","link":"https:\/\/eventos.ufrrj.br\/forumafbeh\/certificados\/","title":{"rendered":"Certificados"},"content":{"rendered":"<h3>I F\u00f3rum de Agricultura Familiar Brasil-EUA-Haiti &#8211; 2018<\/h3>\n<ul>\n<li>\n<h3>Participa\u00e7\u00e3o no evento<\/h3>\n<\/li>\n<\/ul>\n<p><a href=\"https:\/\/drive.google.com\/open?id=1bY1q9k7z22qcgijPsZhnmkRz8VZ74Zuv\">Link para o Certificado<\/a><\/p>\n<p>&nbsp;<\/p>\n<ul>\n<li>\n<h3>Apresenta\u00e7\u00e3o de Resumos<\/h3>\n<\/li>\n<\/ul>\n<p><a href=\"https:\/\/drive.google.com\/open?id=1efB1o5UCEfC_kSW0BBqsXR2VOQaNI3Gj\">Certificados Apresenta\u00e7\u00e3o em P\u00f4ster<\/a><\/p>\n<p><a href=\"https:\/\/drive.google.com\/open?id=14t6HkdabyKgM_suteqoNJIeiwubLQUOz\">Certificados Apresenta\u00e7\u00e3o Oral<\/a><\/p>\n<p><a href=\"https:\/\/drive.google.com\/open?id=1Bj5K_cnJeV2TaOwqbi2fwEbJ32gBAp9u\">Certificados Premia\u00e7\u00e3o Apresenta\u00e7\u00e3o em P\u00f4ster<\/a><\/p>\n<p><a href=\"https:\/\/drive.google.com\/open?id=177gI6G9QfPFRWUQFV_Zt8FUCVMeu6Owo\">Certificados Premia\u00e7\u00e3o Apresenta\u00e7\u00e3o Oral<\/a><\/p>\n<p>&nbsp;<\/p>\n<ul>\n<li>\n<h3>Mini-Cursos<\/h3>\n<\/li>\n<\/ul>\n<p><a href=\"https:\/\/drive.google.com\/open?id=12vwc_Lr0pWG_7GfX5312pymzOS8dJ1Gc\">Certificado Mini-curso &#8220;BOKASHI&#8221;<\/a><\/p>\n<p><a href=\"https:\/\/drive.google.com\/open?id=1Kox7Tmd8QZrKx5SemttVknDM2BFlR-N3\">Certificado Mini-curso &#8220;Gest\u00e3o de Res\u00edduos e Seguran\u00e7a no Trabalho&#8221;<\/a><\/p>\n<p><a href=\"https:\/\/drive.google.com\/open?id=1uTDpL9G9O9_j7cD6-S3cEiVuKd6tIGf1\">Certificado Mini-curso &#8220;Gongol\u00e1rio: Uma Alternativa Para Nutri\u00e7\u00e3o do Solo&#8221;<\/a><\/p>\n<p><a href=\"https:\/\/drive.google.com\/open?id=1hphUuozPjFomZcPozkA2ve4IU9Kw8XWD\">Certificado Mini-curso &#8220;PANC &#8211; Plantas Aliment\u00edcias N\u00e3o Convencionais&#8221;<\/a><\/p>\n<p><a href=\"https:\/\/drive.google.com\/open?id=1QGXKqIuApnGYaGpwrvFExYCM0DLLwH47\">Certificado Mini-curso &#8220;Produ\u00e7\u00e3o de Sementes&#8221;<\/a><\/p>\n<p><a href=\"https:\/\/drive.google.com\/open?id=1mo9zD79_mJ-DmKC_tRezptPlwden4ISg\">Certificado Mini-curso &#8220;Reconhecimento de Inimigos Naturais e Uso de Plantas Atrativas&#8221;<\/a><\/p>\n<p><a href=\"https:\/\/drive.google.com\/open?id=1S_Ko4v2J3IVR073mUvKteWIqZFLnz9QZ\">Certificado Mini-curso &#8220;Sistema de Irriga\u00e7\u00e3o Inovadores e Simples&#8221;<\/a><\/p>\n","protected":false},"excerpt":{"rendered":"<p>I F\u00f3rum de Agricultura Familiar Brasil-EUA-Haiti &#8211; 2018 Participa\u00e7\u00e3o no evento Link para o Certificado &nbsp; Apresenta\u00e7\u00e3o de Resumos Certificados <a class=\"read-more\" href=\"https:\/\/eventos.ufrrj.br\/forumafbeh\/certificados\/ \">&#8230; <i class=\"fa fa-long-arrow-right\"><\/i><\/a><\/p>\n","protected":false},"author":37,"featured_media":0,"parent":0,"menu_order":0,"comment_status":"closed","ping_status":"closed","template":"","meta":{"footnotes":""},"class_list":["post-159","page","type-page","status-publish","hentry"],"_links":{"self":[{"href":"https:\/\/eventos.ufrrj.br\/forumafbeh\/wp-json\/wp\/v2\/pages\/159","targetHints":{"allow":["GET"]}}],"collection":[{"href":"https:\/\/eventos.ufrrj.br\/forumafbeh\/wp-json\/wp\/v2\/pages"}],"about":[{"href":"https:\/\/eventos.ufrrj.br\/forumafbeh\/wp-json\/wp\/v2\/types\/page"}],"author":[{"embeddable":true,"href":"https:\/\/eventos.ufrrj.br\/forumafbeh\/wp-json\/wp\/v2\/users\/37"}],"replies":[{"embeddable":true,"href":"https:\/\/eventos.ufrrj.br\/forumafbeh\/wp-json\/wp\/v2\/comments?post=159"}],"version-history":[{"count":9,"href":"https:\/\/eventos.ufrrj.br\/forumafbeh\/wp-json\/wp\/v2\/pages\/159\/revisions"}],"predecessor-version":[{"id":242,"href":"https:\/\/eventos.ufrrj.br\/forumafbeh\/wp-json\/wp\/v2\/pages\/159\/revisions\/242"}],"wp:attachment":[{"href":"https:\/\/eventos.ufrrj.br\/forumafbeh\/wp-json\/wp\/v2\/media?parent=159"}],"curies":[{"name":"wp","href":"https:\/\/api.w.org\/{rel}","templated":true}]}}