{"id":156,"date":"2018-05-03T22:47:33","date_gmt":"2018-05-04T01:47:33","guid":{"rendered":"http:\/\/eventos.ufrrj.br\/forumafbeh\/?page_id=156"},"modified":"2018-05-12T10:59:05","modified_gmt":"2018-05-12T13:59:05","slug":"resumos","status":"publish","type":"page","link":"https:\/\/eventos.ufrrj.br\/forumafbeh\/resumos\/","title":{"rendered":"Resumos"},"content":{"rendered":"<h3>I F\u00f3rum de Agricultura Familiar Brasil-EUA-Haiti \u2013 2018<\/h3>\n<ul>\n<li><a href=\"http:\/\/eventos.ufrrj.br\/forumafbeh\/files\/2018\/05\/A-Atua\u00e7\u00e3o-Da-Empresa-J\u00fanior-Organovet-Como-Instrumento-Do-Agricultor-Familiar-Para-Acessar-A-Pol\u00edtica-P\u00fablica-Do-Pronaf.pdf\">A Atua\u00e7\u00e3o Da Empresa J\u00fanior Organovet Como Instrumento Do Agricultor Familiar Para Acessar A Pol\u00edtica P\u00fablica Do Pronaf<\/a><\/li>\n<li><a href=\"http:\/\/eventos.ufrrj.br\/forumafbeh\/files\/2018\/05\/Uso-do-leite-de-cabra-para-a-elabora\u00e7\u00e3o-de-iogurte-na-agricultura-familiar.pdf\">Uso do leite de cabra para a elabora\u00e7\u00e3o de iogurte na agricultura familiar<\/a><\/li>\n<li><a href=\"http:\/\/eventos.ufrrj.br\/forumafbeh\/files\/2018\/05\/Unidades-de-Pesquisas-Participativas-nas-Microbacias-Hidrogr\u00e1ficas-no-Estado-do-Rio-de-Janeiro-no-\u00c2mbito-do-Programa-Rio-Rural.pdf\">Unidades de Pesquisas Participativas nas Microbacias Hidrogr\u00e1ficas no Estado do Rio de Janeiro no \u00c2mbito do Programa Rio Rural<\/a><\/li>\n<li><a href=\"http:\/\/eventos.ufrrj.br\/forumafbeh\/files\/2018\/05\/Transi\u00e7\u00e3o-Agroecol\u00f3gica-em-Duas-Comunidades-no-Munic\u00edpio-de-Barcarena-PA.pdf\">Transi\u00e7\u00e3o Agroecol\u00f3gica em Duas Comunidades no Munic\u00edpio de Barcarena &#8211; PA<\/a><\/li>\n<li><a href=\"http:\/\/eventos.ufrrj.br\/forumafbeh\/files\/2018\/05\/Sab\u00e3o-ecol\u00f3gico-proposta-sustent\u00e1vel-de-gera\u00e7\u00e3o-renda-para-Agricultura-Familiar.pdf\">Sab\u00e3o ecol\u00f3gico &#8211; proposta sustent\u00e1vel de gera\u00e7\u00e3o renda para Agricultura Familiar<\/a><\/li>\n<li><a href=\"http:\/\/eventos.ufrrj.br\/forumafbeh\/files\/2018\/05\/Respostas-de-Quatro-Cultivares-de-Feij\u00e3o-Comum-Sob-Seca.pdf\">Respostas de Quatro Cultivares de Feij\u00e3o Comum Sob Seca<\/a><\/li>\n<li><a href=\"http:\/\/eventos.ufrrj.br\/forumafbeh\/files\/2018\/05\/Rede-Estadual-de-Sementes-Agroecol\u00f3gicas-do-Rio-de-Janeiro.pdf\">Rede Estadual de Sementes Agroecol\u00f3gicas do Rio de Janeiro<\/a><\/li>\n<li><a href=\"http:\/\/eventos.ufrrj.br\/forumafbeh\/files\/2018\/05\/Reconhecimento-de-Poss\u00edveis-Guardi\u00f5es-de-Sementes-Dentre-os-Produtores-da-Feira-da-Agricultura-Familiar-da-UFRRJ.pdf\">Reconhecimento de Poss\u00edveis Guardi\u00f5es de Sementes Dentre os Produtores da Feira da Agricultura Familiar da UFRRJ<\/a><\/li>\n<li><a href=\"http:\/\/eventos.ufrrj.br\/forumafbeh\/files\/2018\/05\/Proposta-para-avalia\u00e7\u00e3o-de-fontes-vegetais-para-o-preparo-de-composto-fermentado-tipo-\u201cBokashi\u201d.pdf\">Proposta para avalia\u00e7\u00e3o de fontes vegetais para o preparo de composto fermentado tipo \u201cBokashi\u201d<\/a><\/li>\n<li><a href=\"http:\/\/eventos.ufrrj.br\/forumafbeh\/files\/2018\/05\/PROJETO-EX-PANCS-PLANTAS-ALIMENT\u00cdCIAS-N\u00c3O-CONVENCIONAIS-QUE-EST\u00c3O-SE-TORNANDO-CONVENCIONAIS.pdf\">PROJETO EX-PANCS &#8211; PLANTAS ALIMENT\u00cdCIAS N\u00c3O-CONVENCIONAIS QUE EST\u00c3O SE TORNANDO CONVENCIONAIS<\/a><\/li>\n<li><a href=\"https:\/\/drive.google.com\/open?id=1G2zRNebhezFN-gssn9jQ4n4Yhdclsd_N\">Produ\u00e7\u00e3o de Ra\u00edzes de Mandioca em Sistema Agroflorestal em Serop\u00e9dica (RJ)<\/a><\/li>\n<li><a href=\"http:\/\/eventos.ufrrj.br\/forumafbeh\/files\/2018\/05\/Produ\u00e7\u00e3o-De-Massa-Seca-De-Berinjela-Sob-Cultivo-Org\u00e2nico-Em-Fun\u00e7\u00e3o-Do-Manejo-Adotado-Em-Sistema-De-Plantio-Direto.pdf\">Produ\u00e7\u00e3o De Massa Seca De Berinjela Sob Cultivo Org\u00e2nico Em Fun\u00e7\u00e3o Do Manejo Adotado Em Sistema De Plantio Direto<\/a><\/li>\n<li><a href=\"http:\/\/eventos.ufrrj.br\/forumafbeh\/files\/2018\/05\/Potencial-Fisiol\u00f3gico-de-Sementes-de-Tomate-sob-Manejo-Org\u00e2nico.pdf\">Potencial Fisiol\u00f3gico de Sementes de Tomate sob Manejo Org\u00e2nico<\/a><\/li>\n<li><a href=\"http:\/\/eventos.ufrrj.br\/forumafbeh\/files\/2018\/05\/PERSPECTIVAS-E-DESAFIOS-DOS-AGRICULTORES-ORG\u00c2NICOS-DO-MUNIC\u00cdPIO-DE-SEROP\u00c9DICA.pdf\">PERSPECTIVAS E DESAFIOS DOS AGRICULTORES ORG\u00c2NICOS DO MUNIC\u00cdPIO DE SEROP\u00c9DICA<\/a><\/li>\n<li><a href=\"http:\/\/eventos.ufrrj.br\/forumafbeh\/files\/2018\/05\/O-regaste-da-agricultura-familiar-atrav\u00e9s-de-hortas-escolares-no-Munic\u00edpio-de-Serop\u00e9dica.pdf\">O regaste da agricultura familiar atrav\u00e9s de hortas escolares no Munic\u00edpio de Serop\u00e9dica<\/a><\/li>\n<li><a href=\"http:\/\/eventos.ufrrj.br\/forumafbeh\/files\/2018\/05\/O-Papel-da-Empresa-J\u00fanior-na-Assist\u00eancia-aos-Produtores-Familiares-no-Estado-do-Rio-de-Janeiro-sobre-uma-Perspectiva-Sanit\u00e1ria-e-Agroecol\u00f3gica.pdf\">O Papel da Empresa J\u00fanior na Assist\u00eancia aos Produtores Familiares no Estado do Rio de Janeiro sobre uma Perspectiva Sanit\u00e1ria e Agroecol\u00f3gica<\/a><\/li>\n<li><a href=\"http:\/\/eventos.ufrrj.br\/forumafbeh\/files\/2018\/05\/O-Locavorismo-da-Perspectiva-do-Mercado-Contempor\u00e2neo-Uma-an\u00e1lise-dos-Aspectos-Intencionais-de-Consumidores-e-Produtores-de-Alimentos-Org\u00e2nicos.pdf\">O Locavorismo da Perspectiva do Mercado Contempor\u00e2neo &#8211; Uma an\u00e1lise dos Aspectos Intencionais de Consumidores e Produtores de Alimentos Org\u00e2nicos<\/a><\/li>\n<li><a href=\"http:\/\/eventos.ufrrj.br\/forumafbeh\/files\/2018\/05\/Murcha-de-Fus\u00e1rio-do-Tomateiro-na-Regi\u00e3o-Serrana-Fluminense.pdf\">Murcha-de-Fus\u00e1rio do Tomateiro na Regi\u00e3o Serrana Fluminense<\/a><\/li>\n<li><a href=\"http:\/\/eventos.ufrrj.br\/forumafbeh\/files\/2018\/05\/Modelo-de-Otimiza\u00e7\u00e3o-de-Custos-de-Aduba\u00e7\u00e3o-Org\u00e2nica-Aplicado-a-uma-Pequena-Propriedade-Rural.pdf\">Modelo de Otimiza\u00e7\u00e3o de Custos de Aduba\u00e7\u00e3o Org\u00e2nica Aplicado a uma Pequena Propriedade Rural<\/a><\/li>\n<li><a href=\"http:\/\/eventos.ufrrj.br\/forumafbeh\/files\/2018\/05\/Microrganismos-eficazes-no-controle-da-volatiliza\u00e7\u00e3o-de-nitrog\u00eanio-no-processo-de-compostagem.pdf\">Microrganismos eficazes no controle da volatiliza\u00e7\u00e3o de nitrog\u00eanio no processo de compostagem<\/a><\/li>\n<li><a href=\"http:\/\/eventos.ufrrj.br\/forumafbeh\/files\/2018\/05\/M\u00c9TODO-MAIS-EFICIENTE-PARA-O-AGRICULTOR-FAMILIAR-PROCEDER-A-CAPTURA-DAS-PRINCIPAIS-PRAGAS-DA-BANANEIRA.pdf\">M\u00c9TODO MAIS EFICIENTE PARA O AGRICULTOR FAMILIAR PROCEDER A CAPTURA DAS PRINCIPAIS PRAGAS DA BANANEIRA<\/a><\/li>\n<li><a href=\"http:\/\/eventos.ufrrj.br\/forumafbeh\/files\/2018\/05\/Meios-de-cultura-alternativos-na-propaga\u00e7\u00e3o-in-vitro-de-Cattleya-walkeriana.pdf\">Meios de cultura alternativos na propaga\u00e7\u00e3o in vitro de Cattleya walkeriana<\/a><\/li>\n<li><a href=\"http:\/\/eventos.ufrrj.br\/forumafbeh\/files\/2018\/05\/Indicadores-de-Qualidade-de-S\u00edtio-em-\u00c1reas-em-Produ\u00e7\u00e3o-Org\u00e2nica-em-Serop\u00e9dica-RJ.pdf\">Indicadores de Qualidade de S\u00edtio em \u00c1reas em Produ\u00e7\u00e3o Org\u00e2nica em Serop\u00e9dica, RJ<\/a><\/li>\n<li><a href=\"http:\/\/eventos.ufrrj.br\/forumafbeh\/files\/2018\/05\/Import\u00e2ncia-Do-Vermelh\u00e3o-Do-Morangueiro-e-Respostas-dos-Agricultores-\u00e0-Doen\u00e7a-No-Munic\u00edpio-de-Muzambinho-MG.pdf\">Import\u00e2ncia Do Vermelh\u00e3o Do Morangueiro e Respostas dos Agricultores \u00e0 Doen\u00e7a No Munic\u00edpio de Muzambinho- MG<\/a><\/li>\n<li><a href=\"http:\/\/eventos.ufrrj.br\/forumafbeh\/files\/2018\/05\/Implanta\u00e7\u00e3o-e-Manejo-de-Um-Sistema-Agroflorestal-No-Parque-Estadual-Serra-da-Conc\u00f3rdia.pdf\">Implanta\u00e7\u00e3o e Manejo de Um Sistema Agroflorestal No Parque Estadual Serra da Conc\u00f3rdia<\/a><\/li>\n<li><a href=\"http:\/\/eventos.ufrrj.br\/forumafbeh\/files\/2018\/05\/H\u00e9rnia-das-cruc\u00edferas-Desafio-para-a-Produ\u00e7\u00e3o-Familiar-de-Br\u00e1ssicas-na-Regi\u00e3o-Serrana-Fluminense.pdf\">H\u00e9rnia das cruc\u00edferas &#8211; Desafio para a Produ\u00e7\u00e3o Familiar de Br\u00e1ssicas na Regi\u00e3o Serrana Fluminense<\/a><\/li>\n<li><a href=\"http:\/\/eventos.ufrrj.br\/forumafbeh\/files\/2018\/05\/Financiamento-da-Produ\u00e7\u00e3o-e-Locais-de-Comercializa\u00e7\u00e3o-de-Produtos-Org\u00e2nicos-em-Serop\u00e9dica.pdf\">Financiamento da Produ\u00e7\u00e3o e Locais de Comercializa\u00e7\u00e3o de Produtos Org\u00e2nicos em Serop\u00e9dica<\/a><\/li>\n<li><a href=\"http:\/\/eventos.ufrrj.br\/forumafbeh\/files\/2018\/05\/Feira-de-Agricultura-Familiar-na-UFRRJ-espa\u00e7o-de-Promo\u00e7\u00e3o-da-Seguran\u00e7a-Alimentar-e-Nutricional-no-Campus-Serop\u00e9dica.pdf\">Feira de Agricultura Familiar na UFRRJ &#8211; espa\u00e7o de Promo\u00e7\u00e3o da Seguran\u00e7a Alimentar e Nutricional no Campus Serop\u00e9dica<\/a><\/li>\n<li><a href=\"http:\/\/eventos.ufrrj.br\/forumafbeh\/files\/2018\/05\/Feira-da-Agricultura-Familiar-da-UFRRJ-FAF-Rural-Viv\u00eancia-Interdisciplinar-em-Agroecologia.pdf\">Feira da Agricultura Familiar da UFRRJ (FAF-Rural) &#8211; Viv\u00eancia Interdisciplinar em Agroecologia<\/a><\/li>\n<li><a href=\"http:\/\/eventos.ufrrj.br\/forumafbeh\/files\/2018\/05\/Feira-da-Agricultura-Familiar-da-UFRRJ-FAF-Rural-Indissociabilidade-dos-Atos-Pol\u00edticos-de-Educar-e-se-Alimentar.pdf\">Feira da Agricultura Familiar da UFRRJ (FAF-Rural) &#8211; Indissociabilidade dos Atos Pol\u00edticos de Educar e se Alimentar<\/a><\/li>\n<li><a href=\"http:\/\/eventos.ufrrj.br\/forumafbeh\/files\/2018\/05\/Diferentes-sistemas-de-cultivo-utilizados-para-produ\u00e7\u00e3o-de-Mucuna-aterrima.pdf\">Diferentes sistemas de cultivo utilizados para produ\u00e7\u00e3o de Mucuna aterrima<\/a><\/li>\n<li><a href=\"http:\/\/eventos.ufrrj.br\/forumafbeh\/files\/2018\/05\/Diferen\u00e7a-conceitual-entre-Agricultura-Familiar-e-Agricultura-de-Subsist\u00eanci.pdf\">Diferen\u00e7a conceitual entre Agricultura Familiar e Agricultura de Subsist\u00eancia<\/a><\/li>\n<li><a href=\"http:\/\/eventos.ufrrj.br\/forumafbeh\/files\/2018\/05\/Desinfec\u00e7\u00e3o-Solar-Da-\u00c1gua-De-Po\u00e7os-Rasos-Estudo-De-Caso-No-Bairro-Jardim-Maracan\u00e3-Serop\u00e9dica-RJ.pdf\">Desinfec\u00e7\u00e3o Solar Da \u00c1gua De Po\u00e7os Rasos- Estudo De Caso No Bairro Jardim Maracan\u00e3 (Serop\u00e9dica-RJ)<\/a><\/li>\n<li><a href=\"http:\/\/eventos.ufrrj.br\/forumafbeh\/files\/2018\/05\/Desempenho-do-milho-verde-sobre-diferentes-formas-de-preparo-do-solo-sob-manejo-org\u00e2nico.pdf\">Desempenho do milho verde sobre diferentes formas de preparo do solo, sob manejo org\u00e2nico<\/a><\/li>\n<li><a href=\"http:\/\/eventos.ufrrj.br\/forumafbeh\/files\/2018\/05\/Desafios-Para-a-Implanta\u00e7\u00e3o-da-Pol\u00edtica-P\u00fablica-de-Fortalecimento-da-Agricultura-Familiar-nas-Universidades.pdf\">Desafios Para a Implanta\u00e7\u00e3o da Pol\u00edtica P\u00fablica de Fortalecimento da Agricultura Familiar nas Universidades<\/a><\/li>\n<li><a href=\"http:\/\/eventos.ufrrj.br\/forumafbeh\/files\/2018\/05\/Cons\u00f3rcio-Intermunicipal-de-Agricultura-da-Baixada-Fluminense-Entraves-e-Perspectivas-para-o-Desenvolvimento-Regional-da-Agricultura-Familiar.pdf\">Cons\u00f3rcio Intermunicipal de Agricultura da Baixada Fluminense &#8211; Entraves e Perspectivas para o Desenvolvimento Regional da Agricultura Familiar<\/a><\/li>\n<li><a href=\"http:\/\/eventos.ufrrj.br\/forumafbeh\/files\/2018\/05\/Compostagem-de-Cama-de-Aves-e-Seus-Benef\u00edcios-para-a-Produ\u00e7\u00e3o-Familiar-de-Hortali\u00e7as.pdf\">Compostagem de Cama de Aves e Seus Benef\u00edcios para a Produ\u00e7\u00e3o Familiar de Hortali\u00e7as<\/a><\/li>\n<li><a href=\"http:\/\/eventos.ufrrj.br\/forumafbeh\/files\/2018\/05\/COLE\u00c7\u00c3O-DE-GERMOPLASMA-DE-TOMATEIRO-DO-DEPARTAMENTO-DE-FITOTECNIA-DA-UFRRJ-.pdf\">COLE\u00c7\u00c3O DE GERMOPLASMA DE TOMATEIRO DO DEPARTAMENTO DE FITOTECNIA DA UFRRJ<\/a><\/li>\n<li><a href=\"http:\/\/eventos.ufrrj.br\/forumafbeh\/files\/2018\/05\/Classifica\u00e7\u00e3o-do-vigor-de-lotes-de-sementes-de-tomate-produzidos-em-sistema-org\u00e2nico.pdf\">Classifica\u00e7\u00e3o do vigor de lotes de sementes de tomate produzidos em sistema org\u00e2nico<\/a><\/li>\n<li><a href=\"http:\/\/eventos.ufrrj.br\/forumafbeh\/files\/2018\/05\/CARACTER\u00cdSTICAS-MORFOL\u00d3GICAS-E-DE-PRODU\u00c7\u00c3O-EM-GEN\u00d3TIPOS-DE-TIPOS-ESPECIAIS-DE-ARROZ.pdf\">CARACTER\u00cdSTICAS MORFOL\u00d3GICAS E DE PRODU\u00c7\u00c3O EM GEN\u00d3TIPOS DE TIPOS ESPECIAIS DE ARROZ<\/a><\/li>\n<li><a href=\"http:\/\/eventos.ufrrj.br\/forumafbeh\/files\/2018\/05\/Avalia\u00e7\u00e3o-de-Cloradores-por-Difus\u00e3o-na-Desinfec\u00e7\u00e3o-da-\u00c1gua-de-Po\u00e7os-Rasos.pdf\">Avalia\u00e7\u00e3o de Cloradores por Difus\u00e3o na Desinfec\u00e7\u00e3o da \u00c1gua de Po\u00e7os Rasos<\/a><\/li>\n<li><a href=\"http:\/\/eventos.ufrrj.br\/forumafbeh\/files\/2018\/05\/Avalia\u00e7\u00e3o-da-Quebra-de-Dorm\u00eancia-e-Germina\u00e7\u00e3o-de-Sementes-de-Diferentes-Anonas.pdf\">Avalia\u00e7\u00e3o da Quebra de Dorm\u00eancia e Germina\u00e7\u00e3o de Sementes de Diferentes Anonas<\/a><\/li>\n<li><a href=\"http:\/\/eventos.ufrrj.br\/forumafbeh\/files\/2018\/05\/Avalia\u00e7\u00e3o-Da-Produtividade-E-Viabilidade-Econ\u00f4mica-De-Cultivo-Org\u00e2nico-De-Berinjela-Sobre-Plantio-Direto.pdf\">Avalia\u00e7\u00e3o Da Produtividade E Viabilidade Econ\u00f4mica De Cultivo Org\u00e2nico De Berinjela Sobre Plantio Direto<\/a><\/li>\n<li><a href=\"http:\/\/eventos.ufrrj.br\/forumafbeh\/files\/2018\/05\/Avalia\u00e7\u00e3o-da-Produ\u00e7\u00e3o-da-Bananeira-\u2018BRS-Princesa\u2019-do-Tipo-Ma\u00e7\u00e3-em-Sistema-Agroflorestal-Serop\u00e9dica-RJ.pdf\">Avalia\u00e7\u00e3o da Produ\u00e7\u00e3o da Bananeira \u2018BRS Princesa\u2019 do Tipo Ma\u00e7\u00e3 em Sistema Agroflorestal (Serop\u00e9dica-RJ)<\/a><\/li>\n<li><a href=\"http:\/\/eventos.ufrrj.br\/forumafbeh\/files\/2018\/05\/Avalia\u00e7\u00e3o-da-Intera\u00e7\u00e3o-de-Bact\u00e9rias-Diazotr\u00f3ficas-com-Extrato-de-Exsudato-Radicular-de-Paspalumregnellii-pelo-M\u00e9todo-da-Quimiotaxia.pdf\">Avalia\u00e7\u00e3o da Intera\u00e7\u00e3o de Bact\u00e9rias Diazotr\u00f3ficas com Extrato de Exsudato Radicular de Paspalumregnellii pelo M\u00e9todo da Quimiotaxia<\/a><\/li>\n<li><a href=\"http:\/\/eventos.ufrrj.br\/forumafbeh\/files\/2018\/05\/Avalia\u00e7\u00e3o-da-Efici\u00eancia-Agron\u00f4mica-de-Compostos-Fermentados-do-Tipo-\u201cBokashi\u201d-no-Fornecimento-de-Pot\u00e1ssio-no-Cultivo-Org\u00e2nico-de-Hortali\u00e7as.pdf\">Avalia\u00e7\u00e3o da Efici\u00eancia Agron\u00f4mica de Compostos Fermentados do Tipo \u201cBokashi\u201d no Fornecimento de Pot\u00e1ssio no Cultivo Org\u00e2nico de Hortali\u00e7as<\/a><\/li>\n<li><a href=\"http:\/\/eventos.ufrrj.br\/forumafbeh\/files\/2018\/05\/Aspectos-Correlacionados-a-Sustentabilidade-da-Agricultura-Familiar-no-Munic\u00edpio-de-Serop\u00e9dica.pdf\">Aspectos Correlacionados a Sustentabilidade da Agricultura Familiar no Munic\u00edpio de Serop\u00e9dica<\/a><\/li>\n<li><a href=\"http:\/\/eventos.ufrrj.br\/forumafbeh\/files\/2018\/05\/Aplicativo-M\u00f3vel-Sobre-Leguminosas-Tropicais-Para-Aduba\u00e7\u00e3o-Verde.pdf\">Aplicativo M\u00f3vel Sobre Leguminosas Tropicais Para Aduba\u00e7\u00e3o Verde<\/a><\/li>\n<li><a href=\"http:\/\/eventos.ufrrj.br\/forumafbeh\/files\/2018\/05\/Aplica\u00e7\u00e3o-diet\u00e9tica-de-plantas-aliment\u00edcias-n\u00e3o-convencionais-PANC.pdf\">Aplica\u00e7\u00e3o diet\u00e9tica de plantas aliment\u00edcias n\u00e3o convencionais (PANC)<\/a><\/li>\n<li><a href=\"http:\/\/eventos.ufrrj.br\/forumafbeh\/files\/2018\/05\/AN\u00c1LISE-DE-TRILHA-EM-GEN\u00d3TIPOS-DE-TIPOS-ESPECIAIS-DE-ARROZ-.pdf\">AN\u00c1LISE DE TRILHA EM GEN\u00d3TIPOS DE TIPOS ESPECIAIS DE ARROZ<\/a><\/li>\n<li><a href=\"http:\/\/eventos.ufrrj.br\/forumafbeh\/files\/2018\/05\/Adubos-org\u00e2nicos-peletizados-no-cultivo-do-repolho-sob-sistema-org\u00e2nico-de-produ\u00e7\u00e3o.pdf\">Adubos org\u00e2nicos peletizados no cultivo do repolho sob sistema org\u00e2nico de produ\u00e7\u00e3o<\/a><\/li>\n<li><a href=\"http:\/\/eventos.ufrrj.br\/forumafbeh\/files\/2018\/05\/A-Empresa-J\u00fanior-e-a-Import\u00e2ncia-Para-a-Agricultura-Familiar-Dialogando-e-Construindo-Saberes-Agroecol\u00f3gicos.pdf\">A Empresa J\u00fanior e a Import\u00e2ncia Para a Agricultura Familiar &#8211; Dialogando e Construindo Saberes Agroecol\u00f3gicos<\/a><\/li>\n<\/ul>\n","protected":false},"excerpt":{"rendered":"<p>I F\u00f3rum de Agricultura Familiar Brasil-EUA-Haiti \u2013 2018 A Atua\u00e7\u00e3o Da Empresa J\u00fanior Organovet Como Instrumento Do Agricultor Familiar Para <a class=\"read-more\" href=\"https:\/\/eventos.ufrrj.br\/forumafbeh\/resumos\/ \">&#8230; <i class=\"fa fa-long-arrow-right\"><\/i><\/a><\/p>\n","protected":false},"author":37,"featured_media":0,"parent":0,"menu_order":0,"comment_status":"closed","ping_status":"closed","template":"","meta":{"footnotes":""},"class_list":["post-156","page","type-page","status-publish","hentry"],"_links":{"self":[{"href":"https:\/\/eventos.ufrrj.br\/forumafbeh\/wp-json\/wp\/v2\/pages\/156","targetHints":{"allow":["GET"]}}],"collection":[{"href":"https:\/\/eventos.ufrrj.br\/forumafbeh\/wp-json\/wp\/v2\/pages"}],"about":[{"href":"https:\/\/eventos.ufrrj.br\/forumafbeh\/wp-json\/wp\/v2\/types\/page"}],"author":[{"embeddable":true,"href":"https:\/\/eventos.ufrrj.br\/forumafbeh\/wp-json\/wp\/v2\/users\/37"}],"replies":[{"embeddable":true,"href":"https:\/\/eventos.ufrrj.br\/forumafbeh\/wp-json\/wp\/v2\/comments?post=156"}],"version-history":[{"count":9,"href":"https:\/\/eventos.ufrrj.br\/forumafbeh\/wp-json\/wp\/v2\/pages\/156\/revisions"}],"predecessor-version":[{"id":239,"href":"https:\/\/eventos.ufrrj.br\/forumafbeh\/wp-json\/wp\/v2\/pages\/156\/revisions\/239"}],"wp:attachment":[{"href":"https:\/\/eventos.ufrrj.br\/forumafbeh\/wp-json\/wp\/v2\/media?parent=156"}],"curies":[{"name":"wp","href":"https:\/\/api.w.org\/{rel}","templated":true}]}}