{"id":7,"date":"2017-10-11T09:16:55","date_gmt":"2017-10-11T12:16:55","guid":{"rendered":"http:\/\/eventos.ufrrj.br\/forinter\/?page_id=7"},"modified":"2017-11-21T16:11:48","modified_gmt":"2017-11-21T18:11:48","slug":"inscricoes","status":"publish","type":"page","link":"https:\/\/eventos.ufrrj.br\/forinter\/inscricoes\/","title":{"rendered":"Inscri\u00e7\u00f5es Encerradas"},"content":{"rendered":"","protected":false},"excerpt":{"rendered":"","protected":false},"author":25,"featured_media":0,"parent":0,"menu_order":0,"comment_status":"closed","ping_status":"closed","template":"","meta":{"_acf_changed":false,"footnotes":""},"tags":[],"class_list":["post-7","page","type-page","status-publish","hentry"],"acf":[],"yoast_head":"<!-- This site is optimized with the Yoast SEO plugin v27.5 - https:\/\/yoast.com\/product\/yoast-seo-wordpress\/ -->\n<title>Inscri\u00e7\u00f5es Encerradas - I F\u00d3RUM DE INTERNACIONALIZA\u00c7\u00c3O DA UFRRJ<\/title>\n<meta name=\"robots\" content=\"index, follow, max-snippet:-1, max-image-preview:large, max-video-preview:-1\" \/>\n<link rel=\"canonical\" href=\"https:\/\/eventos.ufrrj.br\/forinter\/inscricoes\/\" \/>\n<meta property=\"og:locale\" content=\"pt_BR\" \/>\n<meta property=\"og:type\" content=\"article\" \/>\n<meta property=\"og:title\" content=\"Inscri\u00e7\u00f5es Encerradas - I F\u00d3RUM DE INTERNACIONALIZA\u00c7\u00c3O DA UFRRJ\" \/>\n<meta property=\"og:url\" content=\"https:\/\/eventos.ufrrj.br\/forinter\/inscricoes\/\" \/>\n<meta property=\"og:site_name\" content=\"I F\u00d3RUM DE INTERNACIONALIZA\u00c7\u00c3O DA UFRRJ\" \/>\n<meta property=\"article:modified_time\" content=\"2017-11-21T18:11:48+00:00\" \/>\n<meta name=\"twitter:card\" content=\"summary_large_image\" \/>\n<script type=\"application\/ld+json\" class=\"yoast-schema-graph\">{\"@context\":\"https:\\\/\\\/schema.org\",\"@graph\":[{\"@type\":\"WebPage\",\"@id\":\"https:\\\/\\\/eventos.ufrrj.br\\\/forinter\\\/inscricoes\\\/\",\"url\":\"https:\\\/\\\/eventos.ufrrj.br\\\/forinter\\\/inscricoes\\\/\",\"name\":\"Inscri\u00e7\u00f5es Encerradas - I F\u00d3RUM DE INTERNACIONALIZA\u00c7\u00c3O DA UFRRJ\",\"isPartOf\":{\"@id\":\"https:\\\/\\\/eventos.ufrrj.br\\\/forinter\\\/#website\"},\"datePublished\":\"2017-10-11T12:16:55+00:00\",\"dateModified\":\"2017-11-21T18:11:48+00:00\",\"breadcrumb\":{\"@id\":\"https:\\\/\\\/eventos.ufrrj.br\\\/forinter\\\/inscricoes\\\/#breadcrumb\"},\"inLanguage\":\"pt-BR\",\"potentialAction\":[{\"@type\":\"ReadAction\",\"target\":[\"https:\\\/\\\/eventos.ufrrj.br\\\/forinter\\\/inscricoes\\\/\"]}]},{\"@type\":\"BreadcrumbList\",\"@id\":\"https:\\\/\\\/eventos.ufrrj.br\\\/forinter\\\/inscricoes\\\/#breadcrumb\",\"itemListElement\":[{\"@type\":\"ListItem\",\"position\":1,\"name\":\"In\u00edcio\",\"item\":\"https:\\\/\\\/eventos.ufrrj.br\\\/forinter\\\/\"},{\"@type\":\"ListItem\",\"position\":2,\"name\":\"Inscri\u00e7\u00f5es Encerradas\"}]},{\"@type\":\"WebSite\",\"@id\":\"https:\\\/\\\/eventos.ufrrj.br\\\/forinter\\\/#website\",\"url\":\"https:\\\/\\\/eventos.ufrrj.br\\\/forinter\\\/\",\"name\":\"I F\u00d3RUM DE INTERNACIONALIZA\u00c7\u00c3O DA UFRRJ\",\"description\":\"S\u00f3 mais um site Eventos da UFRRJ \",\"potentialAction\":[{\"@type\":\"SearchAction\",\"target\":{\"@type\":\"EntryPoint\",\"urlTemplate\":\"https:\\\/\\\/eventos.ufrrj.br\\\/forinter\\\/?s={search_term_string}\"},\"query-input\":{\"@type\":\"PropertyValueSpecification\",\"valueRequired\":true,\"valueName\":\"search_term_string\"}}],\"inLanguage\":\"pt-BR\"}]}<\/script>\n<!-- \/ Yoast SEO plugin. -->","yoast_head_json":{"title":"Inscri\u00e7\u00f5es Encerradas - I F\u00d3RUM DE INTERNACIONALIZA\u00c7\u00c3O DA UFRRJ","robots":{"index":"index","follow":"follow","max-snippet":"max-snippet:-1","max-image-preview":"max-image-preview:large","max-video-preview":"max-video-preview:-1"},"canonical":"https:\/\/eventos.ufrrj.br\/forinter\/inscricoes\/","og_locale":"pt_BR","og_type":"article","og_title":"Inscri\u00e7\u00f5es Encerradas - I F\u00d3RUM DE INTERNACIONALIZA\u00c7\u00c3O DA UFRRJ","og_url":"https:\/\/eventos.ufrrj.br\/forinter\/inscricoes\/","og_site_name":"I F\u00d3RUM DE INTERNACIONALIZA\u00c7\u00c3O DA UFRRJ","article_modified_time":"2017-11-21T18:11:48+00:00","twitter_card":"summary_large_image","schema":{"@context":"https:\/\/schema.org","@graph":[{"@type":"WebPage","@id":"https:\/\/eventos.ufrrj.br\/forinter\/inscricoes\/","url":"https:\/\/eventos.ufrrj.br\/forinter\/inscricoes\/","name":"Inscri\u00e7\u00f5es Encerradas - I F\u00d3RUM DE INTERNACIONALIZA\u00c7\u00c3O DA UFRRJ","isPartOf":{"@id":"https:\/\/eventos.ufrrj.br\/forinter\/#website"},"datePublished":"2017-10-11T12:16:55+00:00","dateModified":"2017-11-21T18:11:48+00:00","breadcrumb":{"@id":"https:\/\/eventos.ufrrj.br\/forinter\/inscricoes\/#breadcrumb"},"inLanguage":"pt-BR","potentialAction":[{"@type":"ReadAction","target":["https:\/\/eventos.ufrrj.br\/forinter\/inscricoes\/"]}]},{"@type":"BreadcrumbList","@id":"https:\/\/eventos.ufrrj.br\/forinter\/inscricoes\/#breadcrumb","itemListElement":[{"@type":"ListItem","position":1,"name":"In\u00edcio","item":"https:\/\/eventos.ufrrj.br\/forinter\/"},{"@type":"ListItem","position":2,"name":"Inscri\u00e7\u00f5es Encerradas"}]},{"@type":"WebSite","@id":"https:\/\/eventos.ufrrj.br\/forinter\/#website","url":"https:\/\/eventos.ufrrj.br\/forinter\/","name":"I F\u00d3RUM DE INTERNACIONALIZA\u00c7\u00c3O DA UFRRJ","description":"S\u00f3 mais um site Eventos da UFRRJ ","potentialAction":[{"@type":"SearchAction","target":{"@type":"EntryPoint","urlTemplate":"https:\/\/eventos.ufrrj.br\/forinter\/?s={search_term_string}"},"query-input":{"@type":"PropertyValueSpecification","valueRequired":true,"valueName":"search_term_string"}}],"inLanguage":"pt-BR"}]}},"_links":{"self":[{"href":"https:\/\/eventos.ufrrj.br\/forinter\/wp-json\/wp\/v2\/pages\/7","targetHints":{"allow":["GET"]}}],"collection":[{"href":"https:\/\/eventos.ufrrj.br\/forinter\/wp-json\/wp\/v2\/pages"}],"about":[{"href":"https:\/\/eventos.ufrrj.br\/forinter\/wp-json\/wp\/v2\/types\/page"}],"author":[{"embeddable":true,"href":"https:\/\/eventos.ufrrj.br\/forinter\/wp-json\/wp\/v2\/users\/25"}],"replies":[{"embeddable":true,"href":"https:\/\/eventos.ufrrj.br\/forinter\/wp-json\/wp\/v2\/comments?post=7"}],"version-history":[{"count":11,"href":"https:\/\/eventos.ufrrj.br\/forinter\/wp-json\/wp\/v2\/pages\/7\/revisions"}],"predecessor-version":[{"id":189,"href":"https:\/\/eventos.ufrrj.br\/forinter\/wp-json\/wp\/v2\/pages\/7\/revisions\/189"}],"wp:attachment":[{"href":"https:\/\/eventos.ufrrj.br\/forinter\/wp-json\/wp\/v2\/media?parent=7"}],"wp:term":[{"taxonomy":"post_tag","embeddable":true,"href":"https:\/\/eventos.ufrrj.br\/forinter\/wp-json\/wp\/v2\/tags?post=7"}],"curies":[{"name":"wp","href":"https:\/\/api.w.org\/{rel}","templated":true}]}}