{"id":11,"date":"2017-10-11T09:17:53","date_gmt":"2017-10-11T12:17:53","guid":{"rendered":"http:\/\/eventos.ufrrj.br\/forinter\/?page_id=11"},"modified":"2026-04-30T16:07:28","modified_gmt":"2026-04-30T19:07:28","slug":"contato","status":"publish","type":"page","link":"https:\/\/eventos.ufrrj.br\/forinter\/contato\/","title":{"rendered":"Contato"},"content":{"rendered":"<p>Por enquanto o contato est\u00e1 sendo realizado atrav\u00e9s do email : forinter2017@gmail.com<\/p>\n<p>Em breve o nosso formul\u00e1rio estar\u00e1 dispon\u00edvel.<\/p>\n\n<div class=\"wpcf7 no-js\" id=\"wpcf7-f4-o1\" lang=\"pt-BR\" dir=\"ltr\" data-wpcf7-id=\"4\">\n<div class=\"screen-reader-response\"><p role=\"status\" aria-live=\"polite\" aria-atomic=\"true\"><\/p> <ul><\/ul><\/div>\n<form action=\"\/forinter\/wp-json\/wp\/v2\/pages\/11#wpcf7-f4-o1\" method=\"post\" class=\"wpcf7-form init\" aria-label=\"Formul\u00e1rios de contato\" novalidate=\"novalidate\" data-status=\"init\">\n<fieldset class=\"hidden-fields-container\"><input type=\"hidden\" name=\"_wpcf7\" value=\"4\" \/><input type=\"hidden\" name=\"_wpcf7_version\" value=\"6.1.5\" \/><input type=\"hidden\" name=\"_wpcf7_locale\" value=\"pt_BR\" \/><input type=\"hidden\" name=\"_wpcf7_unit_tag\" value=\"wpcf7-f4-o1\" \/><input type=\"hidden\" name=\"_wpcf7_container_post\" value=\"0\" \/><input type=\"hidden\" name=\"_wpcf7_posted_data_hash\" value=\"\" \/><input type=\"hidden\" name=\"_wpcf7_recaptcha_response\" value=\"\" \/>\n<\/fieldset>\n<p><label> Seu nome (obrigat\u00f3rio)<br \/>\n<span class=\"wpcf7-form-control-wrap\" data-name=\"your-name\"><input size=\"40\" maxlength=\"400\" class=\"wpcf7-form-control wpcf7-text wpcf7-validates-as-required\" aria-required=\"true\" aria-invalid=\"false\" value=\"\" type=\"text\" name=\"your-name\" \/><\/span> <\/label>\n<\/p>\n<p><label> Seu e-mail (obrigat\u00f3rio)<br \/>\n<span class=\"wpcf7-form-control-wrap\" data-name=\"your-email\"><input size=\"40\" maxlength=\"400\" class=\"wpcf7-form-control wpcf7-email wpcf7-validates-as-required wpcf7-text wpcf7-validates-as-email\" aria-required=\"true\" aria-invalid=\"false\" value=\"\" type=\"email\" name=\"your-email\" \/><\/span> <\/label>\n<\/p>\n<p><label> Assunto<br \/>\n<span class=\"wpcf7-form-control-wrap\" data-name=\"your-subject\"><input size=\"40\" maxlength=\"400\" class=\"wpcf7-form-control wpcf7-text\" aria-invalid=\"false\" value=\"\" type=\"text\" name=\"your-subject\" \/><\/span> <\/label>\n<\/p>\n<p><label> Sua mensagem<br \/>\n<span class=\"wpcf7-form-control-wrap\" data-name=\"your-message\"><textarea cols=\"40\" rows=\"10\" maxlength=\"2000\" class=\"wpcf7-form-control wpcf7-textarea\" aria-invalid=\"false\" name=\"your-message\"><\/textarea><\/span> <\/label>\n<\/p>\n<p><input class=\"wpcf7-form-control wpcf7-submit has-spinner\" type=\"submit\" value=\"Enviar\" \/>\n<\/p><div class=\"wpcf7-response-output\" aria-hidden=\"true\"><\/div>\n<\/form>\n<\/div>\n\n","protected":false},"excerpt":{"rendered":"<p>Por enquanto o contato est\u00e1 sendo realizado atrav\u00e9s do email : forinter2017@gmail.com Em breve o nosso formul\u00e1rio estar\u00e1 dispon\u00edvel.<\/p>\n","protected":false},"author":25,"featured_media":0,"parent":0,"menu_order":0,"comment_status":"closed","ping_status":"closed","template":"page-faleconosco.php","meta":{"_acf_changed":false,"footnotes":""},"tags":[],"class_list":["post-11","page","type-page","status-publish","hentry"],"acf":[],"yoast_head":"<!-- This site is optimized with the Yoast SEO plugin v27.5 - https:\/\/yoast.com\/product\/yoast-seo-wordpress\/ -->\n<title>Contato - I F\u00d3RUM DE INTERNACIONALIZA\u00c7\u00c3O DA UFRRJ<\/title>\n<meta name=\"robots\" content=\"index, follow, max-snippet:-1, max-image-preview:large, max-video-preview:-1\" \/>\n<link rel=\"canonical\" href=\"https:\/\/eventos.ufrrj.br\/forinter\/contato\/\" \/>\n<meta property=\"og:locale\" content=\"pt_BR\" \/>\n<meta property=\"og:type\" content=\"article\" \/>\n<meta property=\"og:title\" content=\"Contato - I F\u00d3RUM DE INTERNACIONALIZA\u00c7\u00c3O DA UFRRJ\" \/>\n<meta property=\"og:description\" content=\"Por enquanto o contato est\u00e1 sendo realizado atrav\u00e9s do email : forinter2017@gmail.com Em breve o nosso formul\u00e1rio estar\u00e1 dispon\u00edvel.\" \/>\n<meta property=\"og:url\" content=\"https:\/\/eventos.ufrrj.br\/forinter\/contato\/\" \/>\n<meta property=\"og:site_name\" content=\"I F\u00d3RUM DE INTERNACIONALIZA\u00c7\u00c3O DA UFRRJ\" \/>\n<meta property=\"article:modified_time\" content=\"2026-04-30T19:07:28+00:00\" \/>\n<meta name=\"twitter:card\" content=\"summary_large_image\" \/>\n<script type=\"application\/ld+json\" class=\"yoast-schema-graph\">{\"@context\":\"https:\\\/\\\/schema.org\",\"@graph\":[{\"@type\":\"WebPage\",\"@id\":\"https:\\\/\\\/eventos.ufrrj.br\\\/forinter\\\/contato\\\/\",\"url\":\"https:\\\/\\\/eventos.ufrrj.br\\\/forinter\\\/contato\\\/\",\"name\":\"Contato - I F\u00d3RUM DE INTERNACIONALIZA\u00c7\u00c3O DA UFRRJ\",\"isPartOf\":{\"@id\":\"https:\\\/\\\/eventos.ufrrj.br\\\/forinter\\\/#website\"},\"datePublished\":\"2017-10-11T12:17:53+00:00\",\"dateModified\":\"2026-04-30T19:07:28+00:00\",\"breadcrumb\":{\"@id\":\"https:\\\/\\\/eventos.ufrrj.br\\\/forinter\\\/contato\\\/#breadcrumb\"},\"inLanguage\":\"pt-BR\",\"potentialAction\":[{\"@type\":\"ReadAction\",\"target\":[\"https:\\\/\\\/eventos.ufrrj.br\\\/forinter\\\/contato\\\/\"]}]},{\"@type\":\"BreadcrumbList\",\"@id\":\"https:\\\/\\\/eventos.ufrrj.br\\\/forinter\\\/contato\\\/#breadcrumb\",\"itemListElement\":[{\"@type\":\"ListItem\",\"position\":1,\"name\":\"In\u00edcio\",\"item\":\"https:\\\/\\\/eventos.ufrrj.br\\\/forinter\\\/\"},{\"@type\":\"ListItem\",\"position\":2,\"name\":\"Contato\"}]},{\"@type\":\"WebSite\",\"@id\":\"https:\\\/\\\/eventos.ufrrj.br\\\/forinter\\\/#website\",\"url\":\"https:\\\/\\\/eventos.ufrrj.br\\\/forinter\\\/\",\"name\":\"I F\u00d3RUM DE INTERNACIONALIZA\u00c7\u00c3O DA UFRRJ\",\"description\":\"S\u00f3 mais um site Eventos da UFRRJ \",\"potentialAction\":[{\"@type\":\"SearchAction\",\"target\":{\"@type\":\"EntryPoint\",\"urlTemplate\":\"https:\\\/\\\/eventos.ufrrj.br\\\/forinter\\\/?s={search_term_string}\"},\"query-input\":{\"@type\":\"PropertyValueSpecification\",\"valueRequired\":true,\"valueName\":\"search_term_string\"}}],\"inLanguage\":\"pt-BR\"}]}<\/script>\n<!-- \/ Yoast SEO plugin. -->","yoast_head_json":{"title":"Contato - I F\u00d3RUM DE INTERNACIONALIZA\u00c7\u00c3O DA UFRRJ","robots":{"index":"index","follow":"follow","max-snippet":"max-snippet:-1","max-image-preview":"max-image-preview:large","max-video-preview":"max-video-preview:-1"},"canonical":"https:\/\/eventos.ufrrj.br\/forinter\/contato\/","og_locale":"pt_BR","og_type":"article","og_title":"Contato - I F\u00d3RUM DE INTERNACIONALIZA\u00c7\u00c3O DA UFRRJ","og_description":"Por enquanto o contato est\u00e1 sendo realizado atrav\u00e9s do email : forinter2017@gmail.com Em breve o nosso formul\u00e1rio estar\u00e1 dispon\u00edvel.","og_url":"https:\/\/eventos.ufrrj.br\/forinter\/contato\/","og_site_name":"I F\u00d3RUM DE INTERNACIONALIZA\u00c7\u00c3O DA UFRRJ","article_modified_time":"2026-04-30T19:07:28+00:00","twitter_card":"summary_large_image","schema":{"@context":"https:\/\/schema.org","@graph":[{"@type":"WebPage","@id":"https:\/\/eventos.ufrrj.br\/forinter\/contato\/","url":"https:\/\/eventos.ufrrj.br\/forinter\/contato\/","name":"Contato - I F\u00d3RUM DE INTERNACIONALIZA\u00c7\u00c3O DA UFRRJ","isPartOf":{"@id":"https:\/\/eventos.ufrrj.br\/forinter\/#website"},"datePublished":"2017-10-11T12:17:53+00:00","dateModified":"2026-04-30T19:07:28+00:00","breadcrumb":{"@id":"https:\/\/eventos.ufrrj.br\/forinter\/contato\/#breadcrumb"},"inLanguage":"pt-BR","potentialAction":[{"@type":"ReadAction","target":["https:\/\/eventos.ufrrj.br\/forinter\/contato\/"]}]},{"@type":"BreadcrumbList","@id":"https:\/\/eventos.ufrrj.br\/forinter\/contato\/#breadcrumb","itemListElement":[{"@type":"ListItem","position":1,"name":"In\u00edcio","item":"https:\/\/eventos.ufrrj.br\/forinter\/"},{"@type":"ListItem","position":2,"name":"Contato"}]},{"@type":"WebSite","@id":"https:\/\/eventos.ufrrj.br\/forinter\/#website","url":"https:\/\/eventos.ufrrj.br\/forinter\/","name":"I F\u00d3RUM DE INTERNACIONALIZA\u00c7\u00c3O DA UFRRJ","description":"S\u00f3 mais um site Eventos da UFRRJ ","potentialAction":[{"@type":"SearchAction","target":{"@type":"EntryPoint","urlTemplate":"https:\/\/eventos.ufrrj.br\/forinter\/?s={search_term_string}"},"query-input":{"@type":"PropertyValueSpecification","valueRequired":true,"valueName":"search_term_string"}}],"inLanguage":"pt-BR"}]}},"_links":{"self":[{"href":"https:\/\/eventos.ufrrj.br\/forinter\/wp-json\/wp\/v2\/pages\/11","targetHints":{"allow":["GET"]}}],"collection":[{"href":"https:\/\/eventos.ufrrj.br\/forinter\/wp-json\/wp\/v2\/pages"}],"about":[{"href":"https:\/\/eventos.ufrrj.br\/forinter\/wp-json\/wp\/v2\/types\/page"}],"author":[{"embeddable":true,"href":"https:\/\/eventos.ufrrj.br\/forinter\/wp-json\/wp\/v2\/users\/25"}],"replies":[{"embeddable":true,"href":"https:\/\/eventos.ufrrj.br\/forinter\/wp-json\/wp\/v2\/comments?post=11"}],"version-history":[{"count":4,"href":"https:\/\/eventos.ufrrj.br\/forinter\/wp-json\/wp\/v2\/pages\/11\/revisions"}],"predecessor-version":[{"id":140,"href":"https:\/\/eventos.ufrrj.br\/forinter\/wp-json\/wp\/v2\/pages\/11\/revisions\/140"}],"wp:attachment":[{"href":"https:\/\/eventos.ufrrj.br\/forinter\/wp-json\/wp\/v2\/media?parent=11"}],"wp:term":[{"taxonomy":"post_tag","embeddable":true,"href":"https:\/\/eventos.ufrrj.br\/forinter\/wp-json\/wp\/v2\/tags?post=11"}],"curies":[{"name":"wp","href":"https:\/\/api.w.org\/{rel}","templated":true}]}}